{"id":2441731,"date":"2025-05-23T09:50:41","date_gmt":"2025-05-23T07:50:41","guid":{"rendered":"https:\/\/eu.tilta.com\/shop\/kit-de-sangles-et-de-boucles-depaule-tilta-fe\/"},"modified":"2026-04-15T03:57:58","modified_gmt":"2026-04-15T01:57:58","slug":"tilta-fe-shoulder-strap-and-buckle-kit","status":"publish","type":"product","link":"https:\/\/eu.tilta.com\/fr\/shop\/tilta-fe-shoulder-strap-and-buckle-kit\/","title":{"rendered":"Kit de sangles et de boucles d&#8217;\u00e9paule Tilta Fe"},"content":{"rendered":"<p><em>Pr\u00e9sentation du kit de sangles et de boucles d&#8217;\u00e9paule Tilta Fe<\/em><\/p>\n<p>Cette bandouli\u00e8re est fabriqu\u00e9e \u00e0 partir de sangles en polyester haute performance pour une \u00e9paisseur accrue et une durabilit\u00e9 sup\u00e9rieure.<\/p>\n<p>Elle est \u00e9quip\u00e9e d&#8217;un syst\u00e8me de fermeture \u00e0 double cordon UTX Duraflex professionnel pour une meilleure s\u00e9curit\u00e9 et de mousquetons UTX Duraflex tactiques permettant de connecter cette sangle \u00e0 une vari\u00e9t\u00e9 d&#8217;appareils photo, d&#8217;accessoires et bien plus encore.<\/p>\n<p>Une boucle intuitive permet d&#8217;ajuster la longueur facilement et rapidement pour diff\u00e9rentes configurations et des fermoirs magn\u00e9tiques avanc\u00e9s \u00e0 d\u00e9gagement rapide utilisent la technologie de d\u00e9gagement rapide Fidlock HOOK pour une flexibilit\u00e9 extr\u00eame.<\/p>\n<p>Le syst\u00e8me de boucle amortie assure une rotation fluide et sans heurts, ce qui vous permet d&#8217;ajuster votre t\u00e9l\u00e9phone sans effort lorsque vous l&#8217;utilisez. Con\u00e7u pour \u00eatre utilis\u00e9 avec des smartphones, ce kit n\u00e9cessite un \u00e9tui pour smartphone pour une fixation s\u00fbre.<\/p>\n<p>Son design haut de gamme s&#8217;harmonise parfaitement avec l&#8217;\u00e9tui de t\u00e9l\u00e9phone et l&#8217;\u00e9cosyst\u00e8me Khronos, ce qui en fait un compl\u00e9ment id\u00e9al \u00e0 votre installation de production mobile.<\/p>\n","protected":false},"excerpt":{"rendered":"<p>Pr\u00e9sentation du kit de sangles et de boucles d&#8217;\u00e9paule Tilta Fe Cette bandouli\u00e8re est fabriqu\u00e9e \u00e0 partir de sangles en polyester haute performance pour une \u00e9paisseur accrue et une durabilit\u00e9 sup\u00e9rieure. Elle est \u00e9quip\u00e9e d&#8217;un syst\u00e8me de fermeture \u00e0 double [&hellip;]<\/p>\n","protected":false},"featured_media":2401202,"comment_status":"open","ping_status":"closed","template":"","meta":[],"product_cat":[4493,2064],"product_tag":[],"acf":[],"gallery_images":[2401022,2401072,2401053,2401168,2401131,2401174],"_links":{"self":[{"href":"https:\/\/eu.tilta.com\/fr\/wp-json\/wp\/v2\/product\/2441731"}],"collection":[{"href":"https:\/\/eu.tilta.com\/fr\/wp-json\/wp\/v2\/product"}],"about":[{"href":"https:\/\/eu.tilta.com\/fr\/wp-json\/wp\/v2\/types\/product"}],"replies":[{"embeddable":true,"href":"https:\/\/eu.tilta.com\/fr\/wp-json\/wp\/v2\/comments?post=2441731"}],"wp:featuredmedia":[{"embeddable":true,"href":"https:\/\/eu.tilta.com\/fr\/wp-json\/wp\/v2\/media\/2401202"}],"wp:attachment":[{"href":"https:\/\/eu.tilta.com\/fr\/wp-json\/wp\/v2\/media?parent=2441731"}],"wp:term":[{"taxonomy":"product_cat","embeddable":true,"href":"https:\/\/eu.tilta.com\/fr\/wp-json\/wp\/v2\/product_cat?post=2441731"},{"taxonomy":"product_tag","embeddable":true,"href":"https:\/\/eu.tilta.com\/fr\/wp-json\/wp\/v2\/product_tag?post=2441731"}],"curies":[{"name":"wp","href":"https:\/\/api.w.org\/{rel}","templated":true}]}}