{"id":2441796,"date":"2025-05-06T09:38:34","date_gmt":"2025-05-06T07:38:34","guid":{"rendered":"https:\/\/eu.tilta.com\/shop\/bandouliere-en-cuir-tilta\/"},"modified":"2025-12-05T14:26:47","modified_gmt":"2025-12-05T13:26:47","slug":"tilta-leather-shoulder-strap","status":"publish","type":"product","link":"https:\/\/eu.tilta.com\/fr\/shop\/tilta-leather-shoulder-strap\/","title":{"rendered":"Bandouli\u00e8re en cuir Tilta"},"content":{"rendered":"<p>La bandouli\u00e8re Tilta est l&#8217;accessoire id\u00e9al pour les photographes et vid\u00e9astes en d\u00e9placement.<\/p>\n<p>Cet accessoire l\u00e9ger se fixe sur la courroie de la plupart des appareils photo afin de transporter et de manipuler votre appareil en toute s\u00e9curit\u00e9.<\/p>\n<p>La longueur r\u00e9glable permet de s&#8217;adapter \u00e0 une grande vari\u00e9t\u00e9 de syst\u00e8mes et d&#8217;op\u00e9rateurs.<\/p>\n<p>Elle peut \u00e9galement \u00eatre utilis\u00e9e avec nos boucles de bandouli\u00e8re en cuir afin d&#8217;attacher ou d&#8217;enlever rapidement la bandouli\u00e8re.<\/p>\n","protected":false},"excerpt":{"rendered":"<p>La bandouli\u00e8re Tilta est l&#8217;accessoire id\u00e9al pour les photographes et vid\u00e9astes en d\u00e9placement. Cet accessoire l\u00e9ger se fixe sur la courroie de la plupart des appareils photo afin de transporter et de manipuler votre appareil en toute s\u00e9curit\u00e9. La longueur [&hellip;]<\/p>\n","protected":false},"featured_media":2352874,"comment_status":"open","ping_status":"closed","template":"","meta":[],"product_cat":[2380],"product_tag":[],"acf":[],"gallery_images":[2352868,2352886,2352880],"_links":{"self":[{"href":"https:\/\/eu.tilta.com\/fr\/wp-json\/wp\/v2\/product\/2441796"}],"collection":[{"href":"https:\/\/eu.tilta.com\/fr\/wp-json\/wp\/v2\/product"}],"about":[{"href":"https:\/\/eu.tilta.com\/fr\/wp-json\/wp\/v2\/types\/product"}],"replies":[{"embeddable":true,"href":"https:\/\/eu.tilta.com\/fr\/wp-json\/wp\/v2\/comments?post=2441796"}],"wp:featuredmedia":[{"embeddable":true,"href":"https:\/\/eu.tilta.com\/fr\/wp-json\/wp\/v2\/media\/2352874"}],"wp:attachment":[{"href":"https:\/\/eu.tilta.com\/fr\/wp-json\/wp\/v2\/media?parent=2441796"}],"wp:term":[{"taxonomy":"product_cat","embeddable":true,"href":"https:\/\/eu.tilta.com\/fr\/wp-json\/wp\/v2\/product_cat?post=2441796"},{"taxonomy":"product_tag","embeddable":true,"href":"https:\/\/eu.tilta.com\/fr\/wp-json\/wp\/v2\/product_tag?post=2441796"}],"curies":[{"name":"wp","href":"https:\/\/api.w.org\/{rel}","templated":true}]}}