{"id":2441822,"date":"2025-04-30T09:32:36","date_gmt":"2025-04-30T07:32:36","guid":{"rendered":"https:\/\/eu.tilta.com\/shop\/bouchon-dobjectif-pour-fujifilm-x100vi\/"},"modified":"2026-04-12T09:22:17","modified_gmt":"2026-04-12T07:22:17","slug":"lens-cap-for-fujifilm-x100vi","status":"publish","type":"product","link":"https:\/\/eu.tilta.com\/fr\/shop\/lens-cap-for-fujifilm-x100vi\/","title":{"rendered":"Bouchon d&#8217;objectif pour Fujifilm X100VI"},"content":{"rendered":"<p><em>Pr\u00e9sentation du bouchon d&#8217;objectif pour le Fujifilm X100VI  <\/em><\/p>\n<p>Prot\u00e9gez votre Fujifilm X100VI ou X100V avec style gr\u00e2ce \u00e0 notre bouchon d&#8217;objectif haut de gamme, o\u00f9 l&#8217;artisanat moderne rencontre le charme vintage.<\/p>\n<p>Pesant seulement 19 g, ce capuchon l\u00e9ger et durable est con\u00e7u pour s&#8217;adapter parfaitement \u00e0 l&#8217;objectif de votre appareil photo et le prot\u00e9ger.<\/p>\n<p>Fabriqu\u00e9 par usinage CNC de pr\u00e9cision, ce prot\u00e8ge-objectif pr\u00e9sente des rainures concentriques finement d\u00e9taill\u00e9es qui offrent une sensation tactile et textur\u00e9e, \u00e9voquant l \u00ab \u00e9l\u00e9gance classique des appareils photo argentiques d \u00bb \u00e9poque.<\/p>\n<p>Disponible en noir \u00e9l\u00e9gant et en argent intemporel, il compl\u00e8te l&#8217;esth\u00e9tique de votre appareil photo tout en y apportant une touche raffin\u00e9e.<\/p>\n<p>Que vous transportiez votre appareil photo dans un sac ou que vous soyez en d\u00e9placement, ce bouchon d&#8217;objectif offre une protection essentielle avec un clin d \u00ab \u0153il nostalgique \u00e0 l \u00bb \u00e2ge d&#8217;or de la photographie.<\/p>\n","protected":false},"excerpt":{"rendered":"<p>Pr\u00e9sentation du bouchon d&#8217;objectif pour le Fujifilm X100VI Prot\u00e9gez votre Fujifilm X100VI ou X100V avec style gr\u00e2ce \u00e0 notre bouchon d&#8217;objectif haut de gamme, o\u00f9 l&#8217;artisanat moderne rencontre le charme vintage. Pesant seulement 19 g, ce capuchon l\u00e9ger et durable [&hellip;]<\/p>\n","protected":false},"featured_media":2339357,"comment_status":"open","ping_status":"closed","template":"","meta":[],"product_cat":[4448,3365],"product_tag":[],"acf":[],"gallery_images":[2339303,2339351],"_links":{"self":[{"href":"https:\/\/eu.tilta.com\/fr\/wp-json\/wp\/v2\/product\/2441822"}],"collection":[{"href":"https:\/\/eu.tilta.com\/fr\/wp-json\/wp\/v2\/product"}],"about":[{"href":"https:\/\/eu.tilta.com\/fr\/wp-json\/wp\/v2\/types\/product"}],"replies":[{"embeddable":true,"href":"https:\/\/eu.tilta.com\/fr\/wp-json\/wp\/v2\/comments?post=2441822"}],"wp:featuredmedia":[{"embeddable":true,"href":"https:\/\/eu.tilta.com\/fr\/wp-json\/wp\/v2\/media\/2339357"}],"wp:attachment":[{"href":"https:\/\/eu.tilta.com\/fr\/wp-json\/wp\/v2\/media?parent=2441822"}],"wp:term":[{"taxonomy":"product_cat","embeddable":true,"href":"https:\/\/eu.tilta.com\/fr\/wp-json\/wp\/v2\/product_cat?post=2441822"},{"taxonomy":"product_tag","embeddable":true,"href":"https:\/\/eu.tilta.com\/fr\/wp-json\/wp\/v2\/product_tag?post=2441822"}],"curies":[{"name":"wp","href":"https:\/\/api.w.org\/{rel}","templated":true}]}}