{"id":2441846,"date":"2025-04-26T11:41:01","date_gmt":"2025-04-26T09:41:01","guid":{"rendered":"https:\/\/eu.tilta.com\/shop\/station-de-charge-portable-tilta-pour-accumulateur-nikon-en-el15c-4-canaux-vert\/"},"modified":"2026-04-15T03:58:00","modified_gmt":"2026-04-15T01:58:00","slug":"tilta-portable-charging-station-for-nikon-en-el15c-battery-4-channel-green","status":"publish","type":"product","link":"https:\/\/eu.tilta.com\/fr\/shop\/tilta-portable-charging-station-for-nikon-en-el15c-battery-4-channel-green\/","title":{"rendered":"Station de charge portable Tilta pour accumulateur Nikon EN-EL15C (4 canaux) &#8211; Vert"},"content":{"rendered":"<p><em>Pr\u00e9sentation de la station de charge portable Tilta pour EN-EL15C (4 canaux)<\/em><\/p>\n<p>Cette station de charge compacte est con\u00e7ue pour prendre en charge les accumulateurs EN-EL15C de Nikon et d&#8217;autres marques. Elle offre quatre emplacements pour une charge facile et un rangement pratique.<\/p>\n<p>\u00c9quip\u00e9 d&#8217;un chargeur rapide PD 45W, il offre une vitesse de charge impressionnante de 68 % sup\u00e9rieure \u00e0 celle d&#8217;un chargeur simple standard, garantissant que vos batteries sont pr\u00eates \u00e0 l&#8217;emploi en seulement 3 heures.<\/p>\n<p>Les indicateurs d&#8217;\u00e9tat de charge en temps r\u00e9el vous informent de l&#8217;\u00e9tat de chaque batterie et la conception l\u00e9g\u00e8re de l&#8217;appareil signifie qu&#8217;il ne p\u00e8se que 176 grammes, ce qui permet de l&#8217;emporter facilement.<\/p>\n<p>Avec la possibilit\u00e9 de charger compl\u00e8tement quatre batteries EN-EL15C, les utilisateurs seront pr\u00eats pour jusqu&#8217;\u00e0 13 heures d&#8217;enregistrement vid\u00e9o ou suffisamment de puissance pour prendre 2400 photos, ce qui est parfait pour les longues sessions de prise de vue.<\/p>\n<p>La station de recharge portable Tilta pr\u00e9sente un design de type EDC avec la signature esth\u00e9tique de Tilta, ce qui en fait un compl\u00e9ment \u00e9l\u00e9gant et fonctionnel \u00e0 votre \u00e9quipement.<\/p>\n<p>Que vous soyez sur un tournage professionnel ou que vous capturiez des moments personnels, ce chargeur polyvalent fournit l&#8217;\u00e9nergie dont vous avez besoin dans un format pratique et portable.<\/p>\n<p>Veuillez noter que cette station de recharge n&#8217;est pas \u00e9quip\u00e9e d&#8217;une batterie interne et qu&#8217;elle ne peut \u00eatre utilis\u00e9e pour charger des batteries que lorsqu&#8217;elle est connect\u00e9e \u00e0 une source d&#8217;alimentation externe.<\/p>\n","protected":false},"excerpt":{"rendered":"<p>Pr\u00e9sentation de la station de charge portable Tilta pour EN-EL15C (4 canaux) Cette station de charge compacte est con\u00e7ue pour prendre en charge les accumulateurs EN-EL15C de Nikon et d&#8217;autres marques. Elle offre quatre emplacements pour une charge facile et [&hellip;]<\/p>\n","protected":false},"featured_media":2327786,"comment_status":"open","ping_status":"closed","template":"","meta":[],"product_cat":[4495,3839],"product_tag":[],"acf":[],"gallery_images":[2327792,2327799,2327837,2327818,2327824,2327831],"_links":{"self":[{"href":"https:\/\/eu.tilta.com\/fr\/wp-json\/wp\/v2\/product\/2441846"}],"collection":[{"href":"https:\/\/eu.tilta.com\/fr\/wp-json\/wp\/v2\/product"}],"about":[{"href":"https:\/\/eu.tilta.com\/fr\/wp-json\/wp\/v2\/types\/product"}],"replies":[{"embeddable":true,"href":"https:\/\/eu.tilta.com\/fr\/wp-json\/wp\/v2\/comments?post=2441846"}],"wp:featuredmedia":[{"embeddable":true,"href":"https:\/\/eu.tilta.com\/fr\/wp-json\/wp\/v2\/media\/2327786"}],"wp:attachment":[{"href":"https:\/\/eu.tilta.com\/fr\/wp-json\/wp\/v2\/media?parent=2441846"}],"wp:term":[{"taxonomy":"product_cat","embeddable":true,"href":"https:\/\/eu.tilta.com\/fr\/wp-json\/wp\/v2\/product_cat?post=2441846"},{"taxonomy":"product_tag","embeddable":true,"href":"https:\/\/eu.tilta.com\/fr\/wp-json\/wp\/v2\/product_tag?post=2441846"}],"curies":[{"name":"wp","href":"https:\/\/api.w.org\/{rel}","templated":true}]}}