{"id":2441868,"date":"2025-04-26T09:52:56","date_gmt":"2025-04-26T07:52:56","guid":{"rendered":"https:\/\/eu.tilta.com\/shop\/batterie-tilta-np-w235-avec-entree-usb-c-2400mah-pour-appareils-photo-fujifilm-vert\/"},"modified":"2026-04-15T03:58:07","modified_gmt":"2026-04-15T01:58:07","slug":"tilta-np-w235-battery-with-usb-c-input-2400mah-for-fujifilm-cameras-green","status":"publish","type":"product","link":"https:\/\/eu.tilta.com\/fr\/shop\/tilta-np-w235-battery-with-usb-c-input-2400mah-for-fujifilm-cameras-green\/","title":{"rendered":"Batterie Tilta NP-W235 avec entr\u00e9e USB-C (2400mAh) pour appareils photo Fujifilm &#8211; Vert"},"content":{"rendered":"<p>La batterie NP-W235 haute capacit\u00e9 est con\u00e7ue pour fournir une alimentation fiable et durable \u00e0 votre appareil photo, vous permettant ainsi de continuer \u00e0 photographier plus longtemps sans interruption.<\/p>\n<p>Dot\u00e9e d&#8217;une cellule de batterie innovante \u00e0 haute densit\u00e9 \u00e9nerg\u00e9tique, cette batterie offre une endurance prolong\u00e9e, ce qui la rend id\u00e9ale pour les s\u00e9ances de photo et de vid\u00e9o.<\/p>\n<p>Le port USB-C int\u00e9gr\u00e9 prend en charge la charge rapide PD, de sorte que vous pouvez commod\u00e9ment recharger votre batterie directement sans avoir besoin d&#8217;une station d&#8217;accueil.<\/p>\n<p>Gr\u00e2ce \u00e0 sa puce de d\u00e9codage, le NP-W235 offre un affichage pr\u00e9cis du niveau de la batterie sans aucun avertissement non approuv\u00e9. Test\u00e9e par des professionnels pour r\u00e9pondre aux normes CIPA, cette batterie vous permet de prendre jusqu&#8217;\u00e0 414 photos ou d&#8217;enregistrer plus de 1,38 heure de vid\u00e9o avec une seule charge.<\/p>\n<p>Avec des dimensions identiques \u00e0 celles de l&#8217;original, il s&#8217;adapte parfaitement \u00e0 votre appareil photo, garantissant une compatibilit\u00e9 parfaite. Il est \u00e9galement dot\u00e9 de nombreuses certifications de s\u00e9curit\u00e9 internationales (CCC, FCC, CE, PSE, KC, UL, BSMI), ce qui vous garantit une tranquillit\u00e9 d&#8217;esprit et une protection fiable.<\/p>\n<p>Que vous soyez un professionnel ou un passionn\u00e9, le NP-W235 est une solution d&#8217;alimentation intelligente, efficace et s\u00fbre pour tous vos besoins en mati\u00e8re de photographie et de vid\u00e9ographie.<\/p>\n","protected":false},"excerpt":{"rendered":"<p>La batterie NP-W235 haute capacit\u00e9 est con\u00e7ue pour fournir une alimentation fiable et durable \u00e0 votre appareil photo, vous permettant ainsi de continuer \u00e0 photographier plus longtemps sans interruption. Dot\u00e9e d&#8217;une cellule de batterie innovante \u00e0 haute densit\u00e9 \u00e9nerg\u00e9tique, cette [&hellip;]<\/p>\n","protected":false},"featured_media":2327212,"comment_status":"open","ping_status":"closed","template":"","meta":[],"product_cat":[3839],"product_tag":[],"acf":[],"gallery_images":[2327218,2327230,2327243],"_links":{"self":[{"href":"https:\/\/eu.tilta.com\/fr\/wp-json\/wp\/v2\/product\/2441868"}],"collection":[{"href":"https:\/\/eu.tilta.com\/fr\/wp-json\/wp\/v2\/product"}],"about":[{"href":"https:\/\/eu.tilta.com\/fr\/wp-json\/wp\/v2\/types\/product"}],"replies":[{"embeddable":true,"href":"https:\/\/eu.tilta.com\/fr\/wp-json\/wp\/v2\/comments?post=2441868"}],"wp:featuredmedia":[{"embeddable":true,"href":"https:\/\/eu.tilta.com\/fr\/wp-json\/wp\/v2\/media\/2327212"}],"wp:attachment":[{"href":"https:\/\/eu.tilta.com\/fr\/wp-json\/wp\/v2\/media?parent=2441868"}],"wp:term":[{"taxonomy":"product_cat","embeddable":true,"href":"https:\/\/eu.tilta.com\/fr\/wp-json\/wp\/v2\/product_cat?post=2441868"},{"taxonomy":"product_tag","embeddable":true,"href":"https:\/\/eu.tilta.com\/fr\/wp-json\/wp\/v2\/product_tag?post=2441868"}],"curies":[{"name":"wp","href":"https:\/\/api.w.org\/{rel}","templated":true}]}}