{"id":2441882,"date":"2025-04-14T08:45:08","date_gmt":"2025-04-14T06:45:08","guid":{"rendered":"https:\/\/eu.tilta.com\/shop\/cage-de-protection-pour-canon-r1-noir\/"},"modified":"2025-12-05T14:27:44","modified_gmt":"2025-12-05T13:27:44","slug":"full-camera-cage-for-canon-r1-black","status":"publish","type":"product","link":"https:\/\/eu.tilta.com\/fr\/shop\/full-camera-cage-for-canon-r1-black\/","title":{"rendered":"Cage de protection pour Canon R1 &#8211; Noir"},"content":{"rendered":"<p>Pr\u00e9sentation de la cage de cam\u00e9ra compl\u00e8te pour le Canon R1.<\/p>\n<p>Cela permet de prot\u00e9ger davantage le bo\u00eetier de l&#8217;appareil photo tout en \u00e9largissant les possibilit\u00e9s de montage de divers accessoires.<\/p>\n<p>Cette cage pour appareil photo complet est \u00e9quip\u00e9e d&#8217;un r\u00e9cepteur pour griffe froide, de fixations pour courroies de poignet, de filetages 1\/4\u2033-20 avec points de rep\u00e9rage et d&#8217;un adaptateur de filetages 3\/8\u2033-16 \u00e0 1\/4\u2033-20.<\/p>\n<p>Il est \u00e9quip\u00e9 d&#8217;une plaque inf\u00e9rieure ARCA qui permet aux utilisateurs de monter facilement le syst\u00e8me sur diff\u00e9rents tr\u00e9pieds, syst\u00e8mes de support et cardans DJI Ronin comme le RS4 Pro.<\/p>\n<p>Le serre-c\u00e2ble HDMI et USB-C inclus garantit que les deux c\u00e2bles resteront bien fix\u00e9s lorsqu&#8217;ils seront connect\u00e9s au bo\u00eetier de l&#8217;appareil photo.<\/p>\n<p>Le rembourrage en silicone souple et les multiples points de contact entre l&#8217;appareil photo et la cage garantissent une connexion solide et une base solide pour le montage d&#8217;accessoires.<\/p>\n","protected":false},"excerpt":{"rendered":"<p>Pr\u00e9sentation de la cage de cam\u00e9ra compl\u00e8te pour le Canon R1. Cela permet de prot\u00e9ger davantage le bo\u00eetier de l&#8217;appareil photo tout en \u00e9largissant les possibilit\u00e9s de montage de divers accessoires. Cette cage pour appareil photo complet est \u00e9quip\u00e9e d&#8217;un [&hellip;]<\/p>\n","protected":false},"featured_media":2271773,"comment_status":"open","ping_status":"closed","template":"","meta":[],"product_cat":[4040],"product_tag":[],"acf":[],"gallery_images":[2271780,2271786,2271792,2271616,2271610,2271622],"_links":{"self":[{"href":"https:\/\/eu.tilta.com\/fr\/wp-json\/wp\/v2\/product\/2441882"}],"collection":[{"href":"https:\/\/eu.tilta.com\/fr\/wp-json\/wp\/v2\/product"}],"about":[{"href":"https:\/\/eu.tilta.com\/fr\/wp-json\/wp\/v2\/types\/product"}],"replies":[{"embeddable":true,"href":"https:\/\/eu.tilta.com\/fr\/wp-json\/wp\/v2\/comments?post=2441882"}],"wp:featuredmedia":[{"embeddable":true,"href":"https:\/\/eu.tilta.com\/fr\/wp-json\/wp\/v2\/media\/2271773"}],"wp:attachment":[{"href":"https:\/\/eu.tilta.com\/fr\/wp-json\/wp\/v2\/media?parent=2441882"}],"wp:term":[{"taxonomy":"product_cat","embeddable":true,"href":"https:\/\/eu.tilta.com\/fr\/wp-json\/wp\/v2\/product_cat?post=2441882"},{"taxonomy":"product_tag","embeddable":true,"href":"https:\/\/eu.tilta.com\/fr\/wp-json\/wp\/v2\/product_tag?post=2441882"}],"curies":[{"name":"wp","href":"https:\/\/api.w.org\/{rel}","templated":true}]}}