{"id":2441894,"date":"2025-04-14T08:39:27","date_gmt":"2025-04-14T06:39:27","guid":{"rendered":"https:\/\/eu.tilta.com\/shop\/cage-dappareil-photo-pour-kit-de-base-canon-r1-noir\/"},"modified":"2025-12-05T14:27:49","modified_gmt":"2025-12-05T13:27:49","slug":"camera-cage-for-canon-r1-base-kit-black","status":"publish","type":"product","link":"https:\/\/eu.tilta.com\/fr\/shop\/camera-cage-for-canon-r1-base-kit-black\/","title":{"rendered":"Cage d&#8217;appareil photo pour kit de base Canon R1 &#8211; Noir"},"content":{"rendered":"<p>Voici le kit de base de la cage de l&#8217;appareil photo pour le Canon R1.<\/p>\n<p>Cela permet de prot\u00e9ger davantage le bo\u00eetier de l&#8217;appareil photo tout en \u00e9largissant les possibilit\u00e9s de montage de divers accessoires.<\/p>\n<p>Cette cage pour appareil photo complet est \u00e9quip\u00e9e d&#8217;un r\u00e9cepteur pour griffe froide, de fixations pour courroies de poignet, de filetages 1\/4\u2033-20 avec points de rep\u00e9rage et d&#8217;un adaptateur de filetages 3\/8\u2033-16 \u00e0 1\/4\u2033-20.<\/p>\n<p>Il est \u00e9quip\u00e9 d&#8217;une plaque inf\u00e9rieure ARCA qui permet aux utilisateurs de monter facilement le syst\u00e8me sur diff\u00e9rents tr\u00e9pieds, syst\u00e8mes de support et cardans DJI Ronin comme le RS4 Pro.<\/p>\n<p>Le serre-c\u00e2ble HDMI et USB-C inclus garantit que les deux c\u00e2bles resteront bien fix\u00e9s lorsqu&#8217;ils seront connect\u00e9s au bo\u00eetier de l&#8217;appareil photo.<\/p>\n<p>Le rembourrage en silicone souple et les multiples points de contact entre l&#8217;appareil photo et la cage garantissent une connexion solide et une base solide pour le montage d&#8217;accessoires.<\/p>\n<p>La poign\u00e9e sup\u00e9rieure 1\/4-20\u2033 incluse offre des options d&#8217;utilisation plus flexibles, particuli\u00e8rement utiles pour les prises de vue en contre-plong\u00e9e.<\/p>\n<p>Cette poign\u00e9e \u00e9largit \u00e9galement les options de montage avec des filetages 1\/4\u2033-20 suppl\u00e9mentaires et un r\u00e9cepteur Cold Shoe, parfait pour un moniteur externe.<\/p>\n","protected":false},"excerpt":{"rendered":"<p>Voici le kit de base de la cage de l&#8217;appareil photo pour le Canon R1. Cela permet de prot\u00e9ger davantage le bo\u00eetier de l&#8217;appareil photo tout en \u00e9largissant les possibilit\u00e9s de montage de divers accessoires. Cette cage pour appareil photo [&hellip;]<\/p>\n","protected":false},"featured_media":2271628,"comment_status":"open","ping_status":"closed","template":"","meta":[],"product_cat":[4040],"product_tag":[],"acf":[],"gallery_images":[2271633,2271639,2271645,2271609,2271615,2271621],"_links":{"self":[{"href":"https:\/\/eu.tilta.com\/fr\/wp-json\/wp\/v2\/product\/2441894"}],"collection":[{"href":"https:\/\/eu.tilta.com\/fr\/wp-json\/wp\/v2\/product"}],"about":[{"href":"https:\/\/eu.tilta.com\/fr\/wp-json\/wp\/v2\/types\/product"}],"replies":[{"embeddable":true,"href":"https:\/\/eu.tilta.com\/fr\/wp-json\/wp\/v2\/comments?post=2441894"}],"wp:featuredmedia":[{"embeddable":true,"href":"https:\/\/eu.tilta.com\/fr\/wp-json\/wp\/v2\/media\/2271628"}],"wp:attachment":[{"href":"https:\/\/eu.tilta.com\/fr\/wp-json\/wp\/v2\/media?parent=2441894"}],"wp:term":[{"taxonomy":"product_cat","embeddable":true,"href":"https:\/\/eu.tilta.com\/fr\/wp-json\/wp\/v2\/product_cat?post=2441894"},{"taxonomy":"product_tag","embeddable":true,"href":"https:\/\/eu.tilta.com\/fr\/wp-json\/wp\/v2\/product_tag?post=2441894"}],"curies":[{"name":"wp","href":"https:\/\/api.w.org\/{rel}","templated":true}]}}