{"id":2441901,"date":"2025-04-14T08:25:38","date_gmt":"2025-04-14T06:25:38","guid":{"rendered":"https:\/\/eu.tilta.com\/shop\/serre-cable-hdmi-et-usb-c-pour-canon-r1-noir\/"},"modified":"2025-12-05T14:27:51","modified_gmt":"2025-12-05T13:27:51","slug":"hdmi-and-usb-c-cable-clamp-for-canon-r1-black","status":"publish","type":"product","link":"https:\/\/eu.tilta.com\/fr\/shop\/hdmi-and-usb-c-cable-clamp-for-canon-r1-black\/","title":{"rendered":"Serre-c\u00e2ble HDMI et USB-C pour Canon R1 &#8211; Noir"},"content":{"rendered":"<p>Voici le serre-c\u00e2ble HDMI et USB-C pour Canon, l&#8217;accessoire l\u00e9ger id\u00e9al pour assurer une s\u00e9curit\u00e9 accrue des c\u00e2bles de votre Canon R1.<\/p>\n<p>Ce serre-c\u00e2ble s&#8217;int\u00e8gre facilement \u00e0 la cage de la cam\u00e9ra R1 gr\u00e2ce \u00e0 un point de fixation d\u00e9di\u00e9.<\/p>\n<p>Cette pince peut \u00eatre mont\u00e9e \u00e0 l&#8217;aide d&#8217;une cl\u00e9 Allen pour une connexion s\u00e9curis\u00e9e \u00e0 la cage et comporte des vis \u00e0 oreilles pour permettre de connecter et d\u00e9connecter rapidement les c\u00e2bles.<\/p>\n<p>Cette pince offre une s\u00e9curit\u00e9 accrue pour les c\u00e2bles et permet aux utilisateurs de s\u00e9curiser plusieurs c\u00e2bles, notamment HDMI et USB-C, via un seul accessoire.<\/p>\n","protected":false},"excerpt":{"rendered":"<p>Voici le serre-c\u00e2ble HDMI et USB-C pour Canon, l&#8217;accessoire l\u00e9ger id\u00e9al pour assurer une s\u00e9curit\u00e9 accrue des c\u00e2bles de votre Canon R1. Ce serre-c\u00e2ble s&#8217;int\u00e8gre facilement \u00e0 la cage de la cam\u00e9ra R1 gr\u00e2ce \u00e0 un point de fixation d\u00e9di\u00e9. [&hellip;]<\/p>\n","protected":false},"featured_media":2271464,"comment_status":"open","ping_status":"closed","template":"","meta":[],"product_cat":[4040],"product_tag":[],"acf":[],"gallery_images":[2271469,2271475,2271481],"_links":{"self":[{"href":"https:\/\/eu.tilta.com\/fr\/wp-json\/wp\/v2\/product\/2441901"}],"collection":[{"href":"https:\/\/eu.tilta.com\/fr\/wp-json\/wp\/v2\/product"}],"about":[{"href":"https:\/\/eu.tilta.com\/fr\/wp-json\/wp\/v2\/types\/product"}],"replies":[{"embeddable":true,"href":"https:\/\/eu.tilta.com\/fr\/wp-json\/wp\/v2\/comments?post=2441901"}],"wp:featuredmedia":[{"embeddable":true,"href":"https:\/\/eu.tilta.com\/fr\/wp-json\/wp\/v2\/media\/2271464"}],"wp:attachment":[{"href":"https:\/\/eu.tilta.com\/fr\/wp-json\/wp\/v2\/media?parent=2441901"}],"wp:term":[{"taxonomy":"product_cat","embeddable":true,"href":"https:\/\/eu.tilta.com\/fr\/wp-json\/wp\/v2\/product_cat?post=2441901"},{"taxonomy":"product_tag","embeddable":true,"href":"https:\/\/eu.tilta.com\/fr\/wp-json\/wp\/v2\/product_tag?post=2441901"}],"curies":[{"name":"wp","href":"https:\/\/api.w.org\/{rel}","templated":true}]}}