{"id":2441909,"date":"2025-04-05T07:07:31","date_gmt":"2025-04-05T05:07:31","guid":{"rendered":"https:\/\/eu.tilta.com\/shop\/kit-moteur-nucleus-m-ii\/"},"modified":"2025-12-05T14:27:54","modified_gmt":"2025-12-05T13:27:54","slug":"nucleus-m-ii-motor-kit","status":"publish","type":"product","link":"https:\/\/eu.tilta.com\/fr\/shop\/nucleus-m-ii-motor-kit\/","title":{"rendered":"Kit moteur Nucleus-M II"},"content":{"rendered":"<p>Les moteurs sans fil r\u00e9cemment redessin\u00e9s ont \u00e9t\u00e9 mis \u00e0 jour avec une nouvelle interface utilisateur rationalis\u00e9e et des indicateurs LED \u00e0 code couleur qui facilitent plus que jamais le contr\u00f4le sans fil des objectifs par les utilisateurs.<\/p>\n<p>Ces moteurs sont plus petits pour un m\u00eame couple, ce qui les rend parfaits pour une utilisation sur des cardans, des steadicams ou tout autre syst\u00e8me de support o\u00f9 le poids total joue un r\u00f4le important.<\/p>\n<p>Les cin\u00e9astes qui passent d&#8217;un syst\u00e8me \u00e0 l&#8217;autre trouveront une compatibilit\u00e9 totale avec les contr\u00f4leurs sans fil et les moteurs de la s\u00e9rie Nucleus existants, ce qui permet une mise \u00e0 niveau progressive pour les utilisateurs qui ne peuvent pas tout mettre \u00e0 jour d&#8217;un seul coup.<\/p>\n<p>Ce kit moteur comprend un c\u00e2ble EXT de 7 broches \u00e0 7 broches qui facilite l&#8217;int\u00e9gration de ce moteur suppl\u00e9mentaire dans une installation existante.<\/p>\n<p>Deux supports de tiges sont inclus, supportant des tiges de 15 mm et 19 mm.<\/p>\n<p><strong>Disponible en pr\u00e9-commande Offre de lancement jusqu&#8217;au 15 mai, exp\u00e9dition sous 4 \u00e0 8 semaines<\/strong><\/p>\n","protected":false},"excerpt":{"rendered":"<p>Les moteurs sans fil r\u00e9cemment redessin\u00e9s ont \u00e9t\u00e9 mis \u00e0 jour avec une nouvelle interface utilisateur rationalis\u00e9e et des indicateurs LED \u00e0 code couleur qui facilitent plus que jamais le contr\u00f4le sans fil des objectifs par les utilisateurs. Ces moteurs [&hellip;]<\/p>\n","protected":false},"featured_media":2244537,"comment_status":"open","ping_status":"closed","template":"","meta":[],"product_cat":[3920],"product_tag":[],"acf":[],"gallery_images":[2244543,2244549,2244555],"_links":{"self":[{"href":"https:\/\/eu.tilta.com\/fr\/wp-json\/wp\/v2\/product\/2441909"}],"collection":[{"href":"https:\/\/eu.tilta.com\/fr\/wp-json\/wp\/v2\/product"}],"about":[{"href":"https:\/\/eu.tilta.com\/fr\/wp-json\/wp\/v2\/types\/product"}],"replies":[{"embeddable":true,"href":"https:\/\/eu.tilta.com\/fr\/wp-json\/wp\/v2\/comments?post=2441909"}],"wp:featuredmedia":[{"embeddable":true,"href":"https:\/\/eu.tilta.com\/fr\/wp-json\/wp\/v2\/media\/2244537"}],"wp:attachment":[{"href":"https:\/\/eu.tilta.com\/fr\/wp-json\/wp\/v2\/media?parent=2441909"}],"wp:term":[{"taxonomy":"product_cat","embeddable":true,"href":"https:\/\/eu.tilta.com\/fr\/wp-json\/wp\/v2\/product_cat?post=2441909"},{"taxonomy":"product_tag","embeddable":true,"href":"https:\/\/eu.tilta.com\/fr\/wp-json\/wp\/v2\/product_tag?post=2441909"}],"curies":[{"name":"wp","href":"https:\/\/api.w.org\/{rel}","templated":true}]}}