{"id":2441911,"date":"2025-04-05T07:07:51","date_gmt":"2025-04-05T05:07:51","guid":{"rendered":"https:\/\/eu.tilta.com\/shop\/nucleus-m-ii-cable-dalimentation-p-tap-a-7-broches-70cm\/"},"modified":"2026-01-21T23:28:47","modified_gmt":"2026-01-21T22:28:47","slug":"nucleus-m-ii-p-tap-to-7-pin-power-cable-70cm","status":"publish","type":"product","link":"https:\/\/eu.tilta.com\/fr\/shop\/nucleus-m-ii-p-tap-to-7-pin-power-cable-70cm\/","title":{"rendered":"Nucleus-M II c\u00e2ble d&#8217;alimentation P-Tap \u00e0 7 broches (70cm)"},"content":{"rendered":"<p>Ce c\u00e2ble P-tap \u00e0 7 broches pour le Nucleus-M II vous permet d&#8217;alimenter les moteurs ou les poign\u00e9es Nucleus-M \u00e0 partir d&#8217;un port de sortie d&#8217;alimentation P-Tap.<\/p>\n<p>Il suffit de brancher ce c\u00e2ble sur l&#8217;un des moteurs, puis d&#8217;alimenter les autres moteurs en guirlande \u00e0 l&#8217;aide de c\u00e2bles d&#8217;alimentation 7 broches \u00e0 7 broches.<\/p>\n","protected":false},"excerpt":{"rendered":"<p>Ce c\u00e2ble P-tap \u00e0 7 broches pour le Nucleus-M II vous permet d&#8217;alimenter les moteurs ou les poign\u00e9es Nucleus-M \u00e0 partir d&#8217;un port de sortie d&#8217;alimentation P-Tap. Il suffit de brancher ce c\u00e2ble sur l&#8217;un des moteurs, puis d&#8217;alimenter les [&hellip;]<\/p>\n","protected":false},"featured_media":2244602,"comment_status":"open","ping_status":"closed","template":"","meta":[],"product_cat":[3920],"product_tag":[],"acf":[],"gallery_images":[],"_links":{"self":[{"href":"https:\/\/eu.tilta.com\/fr\/wp-json\/wp\/v2\/product\/2441911"}],"collection":[{"href":"https:\/\/eu.tilta.com\/fr\/wp-json\/wp\/v2\/product"}],"about":[{"href":"https:\/\/eu.tilta.com\/fr\/wp-json\/wp\/v2\/types\/product"}],"replies":[{"embeddable":true,"href":"https:\/\/eu.tilta.com\/fr\/wp-json\/wp\/v2\/comments?post=2441911"}],"wp:featuredmedia":[{"embeddable":true,"href":"https:\/\/eu.tilta.com\/fr\/wp-json\/wp\/v2\/media\/2244602"}],"wp:attachment":[{"href":"https:\/\/eu.tilta.com\/fr\/wp-json\/wp\/v2\/media?parent=2441911"}],"wp:term":[{"taxonomy":"product_cat","embeddable":true,"href":"https:\/\/eu.tilta.com\/fr\/wp-json\/wp\/v2\/product_cat?post=2441911"},{"taxonomy":"product_tag","embeddable":true,"href":"https:\/\/eu.tilta.com\/fr\/wp-json\/wp\/v2\/product_tag?post=2441911"}],"curies":[{"name":"wp","href":"https:\/\/api.w.org\/{rel}","templated":true}]}}