{"id":2594057,"date":"2025-07-09T05:52:40","date_gmt":"2025-07-09T03:52:40","guid":{"rendered":"https:\/\/eu.tilta.com\/shop\/kit-de-filtres-tilta-ultimate-pour-dji-osmo-pocket-3\/"},"modified":"2026-03-09T18:05:23","modified_gmt":"2026-03-09T17:05:23","slug":"tilta-ultimate-filter-kit-for-dji-osmo-pocket-3","status":"publish","type":"product","link":"https:\/\/eu.tilta.com\/fr\/shop\/tilta-ultimate-filter-kit-for-dji-osmo-pocket-3\/","title":{"rendered":"Kit de filtres Tilta Ultimate pour DJI Osmo Pocket 3"},"content":{"rendered":"<div class=\"overview-text\">\n<p><em>Pr\u00e9sentation du kit de filtres Tilta Ultimate pour DJI Osmo Pocket 3<\/em><\/p>\n<p>Les filtres sont con\u00e7us sur mesure pour la Pocket 3 et sont dot\u00e9s d&#8217;une connexion magn\u00e9tique pour une connexion sans effort, tandis que la conception rainur\u00e9e \u00e0 d\u00e9gagement rapide permet un acc\u00e8s rapide, par pincement et retrait.<\/p>\n<p>Le filtre est dot\u00e9 d&#8217;un verre optique de haute qualit\u00e9 pour une image cristalline et un rendu des couleurs fid\u00e8le \u00e0 la r\u00e9alit\u00e9, tandis qu&#8217;un rev\u00eatement polyvalent double face prot\u00e8ge contre l&#8217;eau, l&#8217;huile et les rayures.<\/p>\n<p>La construction ultra-mince n&#8217;interf\u00e8re pas avec la r\u00e9traction ou l&#8217;\u00e9talonnage de l&#8217;objectif lorsqu&#8217;il est fix\u00e9.<\/p>\n<p>Ce kit comprend<\/p>\n<p>1x Filtre polarisant circulaire<\/p>\n<p>2x Filtre \u00e0 brouillard noir (1\/2, 1\/4)<\/p>\n<p>3x Filtre ND (1.5, 1.8, 2.1)<\/p>\n<\/div>\n","protected":false},"excerpt":{"rendered":"<p>Pr\u00e9sentation du kit de filtres Tilta Ultimate pour DJI Osmo Pocket 3 Les filtres sont con\u00e7us sur mesure pour la Pocket 3 et sont dot\u00e9s d&#8217;une connexion magn\u00e9tique pour une connexion sans effort, tandis que la conception rainur\u00e9e \u00e0 d\u00e9gagement [&hellip;]<\/p>\n","protected":false},"featured_media":2564366,"comment_status":"open","ping_status":"closed","template":"","meta":[],"product_cat":[2058],"product_tag":[],"acf":[],"gallery_images":[2564336,2564342],"_links":{"self":[{"href":"https:\/\/eu.tilta.com\/fr\/wp-json\/wp\/v2\/product\/2594057"}],"collection":[{"href":"https:\/\/eu.tilta.com\/fr\/wp-json\/wp\/v2\/product"}],"about":[{"href":"https:\/\/eu.tilta.com\/fr\/wp-json\/wp\/v2\/types\/product"}],"replies":[{"embeddable":true,"href":"https:\/\/eu.tilta.com\/fr\/wp-json\/wp\/v2\/comments?post=2594057"}],"wp:featuredmedia":[{"embeddable":true,"href":"https:\/\/eu.tilta.com\/fr\/wp-json\/wp\/v2\/media\/2564366"}],"wp:attachment":[{"href":"https:\/\/eu.tilta.com\/fr\/wp-json\/wp\/v2\/media?parent=2594057"}],"wp:term":[{"taxonomy":"product_cat","embeddable":true,"href":"https:\/\/eu.tilta.com\/fr\/wp-json\/wp\/v2\/product_cat?post=2594057"},{"taxonomy":"product_tag","embeddable":true,"href":"https:\/\/eu.tilta.com\/fr\/wp-json\/wp\/v2\/product_tag?post=2594057"}],"curies":[{"name":"wp","href":"https:\/\/api.w.org\/{rel}","templated":true}]}}