{"id":2594059,"date":"2025-07-09T04:17:27","date_gmt":"2025-07-09T02:17:27","guid":{"rendered":"https:\/\/eu.tilta.com\/shop\/filtre-polarisant-tilta-pour-dji-osmo-pocket-3\/"},"modified":"2025-12-05T14:28:35","modified_gmt":"2025-12-05T13:28:35","slug":"tilta-polarizer-filter-for-dji-osmo-pocket-3","status":"publish","type":"product","link":"https:\/\/eu.tilta.com\/fr\/shop\/tilta-polarizer-filter-for-dji-osmo-pocket-3\/","title":{"rendered":"Filtre polarisant Tilta pour DJI Osmo Pocket 3"},"content":{"rendered":"<div class=\"overview-text\">\n<p><em>Pr\u00e9sentation du filtre polarisant circulaire Tilta pour DJI Osmo Pocket 3<\/em><\/p>\n<p>Ce filtre a \u00e9t\u00e9 con\u00e7u sur mesure pour le Pocket 3. Il est dot\u00e9 d&#8217;une connexion magn\u00e9tique pour une connexion sans effort et d&#8217;une conception rainur\u00e9e \u00e0 d\u00e9gagement rapide, qui permet un acc\u00e8s rapide, par pincement et retrait.<\/p>\n<p>Il peut produire des couleurs pr\u00e9cises et \u00e9clatantes en limitant la lumi\u00e8re r\u00e9fl\u00e9chie et en \u00e9vitant les reflets ind\u00e9sirables caus\u00e9s par des surfaces r\u00e9fl\u00e9chissantes telles que l&#8217;eau ou le verre.<\/p>\n<p>Le filtre est dot\u00e9 d&#8217;un verre optique de haute qualit\u00e9 pour une image cristalline et un rendu des couleurs fid\u00e8le \u00e0 la r\u00e9alit\u00e9, tandis qu&#8217;un rev\u00eatement polyvalent double face prot\u00e8ge contre l&#8217;eau, l&#8217;huile et les rayures.<\/p>\n<p>La construction ultra-mince n&#8217;interf\u00e8re pas avec la r\u00e9traction ou l&#8217;\u00e9talonnage de l&#8217;objectif lorsqu&#8217;il est fix\u00e9.<\/p>\n<\/div>\n","protected":false},"excerpt":{"rendered":"<p>Pr\u00e9sentation du filtre polarisant circulaire Tilta pour DJI Osmo Pocket 3 Ce filtre a \u00e9t\u00e9 con\u00e7u sur mesure pour le Pocket 3. Il est dot\u00e9 d&#8217;une connexion magn\u00e9tique pour une connexion sans effort et d&#8217;une conception rainur\u00e9e \u00e0 d\u00e9gagement rapide, [&hellip;]<\/p>\n","protected":false},"featured_media":2563423,"comment_status":"open","ping_status":"closed","template":"","meta":[],"product_cat":[2058],"product_tag":[],"acf":[],"gallery_images":[2563411,2563430,2563417],"_links":{"self":[{"href":"https:\/\/eu.tilta.com\/fr\/wp-json\/wp\/v2\/product\/2594059"}],"collection":[{"href":"https:\/\/eu.tilta.com\/fr\/wp-json\/wp\/v2\/product"}],"about":[{"href":"https:\/\/eu.tilta.com\/fr\/wp-json\/wp\/v2\/types\/product"}],"replies":[{"embeddable":true,"href":"https:\/\/eu.tilta.com\/fr\/wp-json\/wp\/v2\/comments?post=2594059"}],"wp:featuredmedia":[{"embeddable":true,"href":"https:\/\/eu.tilta.com\/fr\/wp-json\/wp\/v2\/media\/2563423"}],"wp:attachment":[{"href":"https:\/\/eu.tilta.com\/fr\/wp-json\/wp\/v2\/media?parent=2594059"}],"wp:term":[{"taxonomy":"product_cat","embeddable":true,"href":"https:\/\/eu.tilta.com\/fr\/wp-json\/wp\/v2\/product_cat?post=2594059"},{"taxonomy":"product_tag","embeddable":true,"href":"https:\/\/eu.tilta.com\/fr\/wp-json\/wp\/v2\/product_tag?post=2594059"}],"curies":[{"name":"wp","href":"https:\/\/api.w.org\/{rel}","templated":true}]}}