{"id":2594088,"date":"2025-07-12T08:57:02","date_gmt":"2025-07-12T06:57:02","guid":{"rendered":"https:\/\/eu.tilta.com\/shop\/plaque-superieure-pour-canon-powershot-v1-noir\/"},"modified":"2025-12-05T14:28:52","modified_gmt":"2025-12-05T13:28:52","slug":"top-plate-for-canon-powershot-v1-black","status":"publish","type":"product","link":"https:\/\/eu.tilta.com\/fr\/shop\/top-plate-for-canon-powershot-v1-black\/","title":{"rendered":"Plaque sup\u00e9rieure pour Canon PowerShot V1 &#8211; Noir"},"content":{"rendered":"<div class=\"overview-text\">\n<p><em>Pr\u00e9sentation de la plaque sup\u00e9rieure pour Canon PowerShot V1<\/em><\/p>\n<p>Cette plaque protectrice se monte sur le dessus du bo\u00eetier de l&#8217;appareil photo Canon PowerShot V1 afin d&#8217;offrir une protection l\u00e9g\u00e8re et robuste \u00e0 l&#8217;appareil photo.<\/p>\n<p>La monture Cold Shoe amovible permet aux utilisateurs de monter des accessoires bas\u00e9s sur Cold Shoe tels que des microphones, des supports de moniteur ou des \u00e9clairages embarqu\u00e9s.<\/p>\n<p>La conception amovible est pratique en voyage, car les utilisateurs peuvent retirer le point de fixation lorsqu&#8217;ils n&#8217;en ont pas besoin, afin de conserver un appareil photo l\u00e9ger et compact.<\/p>\n<p>Cet accessoire est particuli\u00e8rement utile lorsque vous voyagez ou lorsque vous utilisez l&#8217;appareil photo dans des conditions plus extr\u00eames.<\/p>\n<\/div>\n","protected":false},"excerpt":{"rendered":"<p>Pr\u00e9sentation de la plaque sup\u00e9rieure pour Canon PowerShot V1 Cette plaque protectrice se monte sur le dessus du bo\u00eetier de l&#8217;appareil photo Canon PowerShot V1 afin d&#8217;offrir une protection l\u00e9g\u00e8re et robuste \u00e0 l&#8217;appareil photo. La monture Cold Shoe amovible [&hellip;]<\/p>\n","protected":false},"featured_media":2578884,"comment_status":"open","ping_status":"closed","template":"","meta":[],"product_cat":[4072],"product_tag":[],"acf":[],"gallery_images":[2578889,2578841,2578772,2578784],"_links":{"self":[{"href":"https:\/\/eu.tilta.com\/fr\/wp-json\/wp\/v2\/product\/2594088"}],"collection":[{"href":"https:\/\/eu.tilta.com\/fr\/wp-json\/wp\/v2\/product"}],"about":[{"href":"https:\/\/eu.tilta.com\/fr\/wp-json\/wp\/v2\/types\/product"}],"replies":[{"embeddable":true,"href":"https:\/\/eu.tilta.com\/fr\/wp-json\/wp\/v2\/comments?post=2594088"}],"wp:featuredmedia":[{"embeddable":true,"href":"https:\/\/eu.tilta.com\/fr\/wp-json\/wp\/v2\/media\/2578884"}],"wp:attachment":[{"href":"https:\/\/eu.tilta.com\/fr\/wp-json\/wp\/v2\/media?parent=2594088"}],"wp:term":[{"taxonomy":"product_cat","embeddable":true,"href":"https:\/\/eu.tilta.com\/fr\/wp-json\/wp\/v2\/product_cat?post=2594088"},{"taxonomy":"product_tag","embeddable":true,"href":"https:\/\/eu.tilta.com\/fr\/wp-json\/wp\/v2\/product_tag?post=2594088"}],"curies":[{"name":"wp","href":"https:\/\/api.w.org\/{rel}","templated":true}]}}