{"id":2594090,"date":"2025-07-09T05:14:36","date_gmt":"2025-07-09T03:14:36","guid":{"rendered":"https:\/\/eu.tilta.com\/shop\/filtre-nd-tilta-pour-dji-osmo-pocket-3\/"},"modified":"2025-12-05T14:29:19","modified_gmt":"2025-12-05T13:29:19","slug":"tilta-nd-filter-for-dji-osmo-pocket-3","status":"publish","type":"product","link":"https:\/\/eu.tilta.com\/fr\/shop\/tilta-nd-filter-for-dji-osmo-pocket-3\/","title":{"rendered":"Filtre ND Tilta pour DJI Osmo Pocket 3"},"content":{"rendered":"<div class=\"overview-text\">\n<p><em>Pr\u00e9sentation du filtre ND Tilta pour DJI Osmo Pocket 3<\/em><\/p>\n<p>Les filtres sp\u00e9cialement con\u00e7us pour la Pocket 3 sont dot\u00e9s d&#8217;une connexion magn\u00e9tique pour une connexion sans effort et d&#8217;une conception rainur\u00e9e \u00e0 d\u00e9gagement rapide, qui permet un acc\u00e8s rapide, par pincement et retrait.<\/p>\n<p>Ce filtre est disponible en diff\u00e9rents niveaux de densit\u00e9 neutre, ce qui permet aux utilisateurs de mieux contr\u00f4ler leur exposition.<\/p>\n<p>Cela permet aux utilisateurs de r\u00e9duire la lumi\u00e8re visible par le capteur, afin de maintenir des r\u00e9glages coh\u00e9rents de l&#8217;appareil photo lors de prises de vue dans des environnements plus lumineux comme la lumi\u00e8re du jour.<\/p>\n<p>Ces filtres sont dot\u00e9s d&#8217;un verre optique de haute qualit\u00e9 pour une image cristalline et un rendu des couleurs fid\u00e8le \u00e0 la r\u00e9alit\u00e9, tandis qu&#8217;un rev\u00eatement polyvalent double face prot\u00e8ge contre l&#8217;eau, l&#8217;huile et les rayures.<\/p>\n<p>La construction ultra-mince n&#8217;interf\u00e8re pas avec la r\u00e9traction ou l&#8217;\u00e9talonnage de l&#8217;objectif lorsqu&#8217;il est fix\u00e9.<\/p>\n<\/div>\n","protected":false},"excerpt":{"rendered":"<p>Pr\u00e9sentation du filtre ND Tilta pour DJI Osmo Pocket 3 Les filtres sp\u00e9cialement con\u00e7us pour la Pocket 3 sont dot\u00e9s d&#8217;une connexion magn\u00e9tique pour une connexion sans effort et d&#8217;une conception rainur\u00e9e \u00e0 d\u00e9gagement rapide, qui permet un acc\u00e8s rapide, [&hellip;]<\/p>\n","protected":false},"featured_media":2564078,"comment_status":"open","ping_status":"closed","template":"","meta":[],"product_cat":[2058],"product_tag":[],"acf":[],"gallery_images":[2564115,2564122,2564085],"_links":{"self":[{"href":"https:\/\/eu.tilta.com\/fr\/wp-json\/wp\/v2\/product\/2594090"}],"collection":[{"href":"https:\/\/eu.tilta.com\/fr\/wp-json\/wp\/v2\/product"}],"about":[{"href":"https:\/\/eu.tilta.com\/fr\/wp-json\/wp\/v2\/types\/product"}],"replies":[{"embeddable":true,"href":"https:\/\/eu.tilta.com\/fr\/wp-json\/wp\/v2\/comments?post=2594090"}],"wp:featuredmedia":[{"embeddable":true,"href":"https:\/\/eu.tilta.com\/fr\/wp-json\/wp\/v2\/media\/2564078"}],"wp:attachment":[{"href":"https:\/\/eu.tilta.com\/fr\/wp-json\/wp\/v2\/media?parent=2594090"}],"wp:term":[{"taxonomy":"product_cat","embeddable":true,"href":"https:\/\/eu.tilta.com\/fr\/wp-json\/wp\/v2\/product_cat?post=2594090"},{"taxonomy":"product_tag","embeddable":true,"href":"https:\/\/eu.tilta.com\/fr\/wp-json\/wp\/v2\/product_tag?post=2594090"}],"curies":[{"name":"wp","href":"https:\/\/api.w.org\/{rel}","templated":true}]}}