{"id":2594099,"date":"2025-07-12T08:45:43","date_gmt":"2025-07-12T06:45:43","guid":{"rendered":"https:\/\/eu.tilta.com\/shop\/plaque-de-montage-avec-poignee-en-bois-pour-canon-powershot-v1-noir\/"},"modified":"2025-12-05T14:29:03","modified_gmt":"2025-12-05T13:29:03","slug":"mounting-baseplate-with-wooden-grip-for-canon-powershot-v1-black","status":"publish","type":"product","link":"https:\/\/eu.tilta.com\/fr\/shop\/mounting-baseplate-with-wooden-grip-for-canon-powershot-v1-black\/","title":{"rendered":"Plaque de montage avec poign\u00e9e en bois pour Canon PowerShot V1 &#8211; Noir"},"content":{"rendered":"<div class=\"overview-text\">\n<p>Pr\u00e9sentation de la plaque de montage avec poign\u00e9e en bois pour le Canon PowerShot V1<\/p>\n<p>La base de cet accessoire en forme de L est une poign\u00e9e en bois, fabriqu\u00e9e \u00e0 partir de bois de noyer.<\/p>\n<p>Cela permet d&#8217;utiliser et de manipuler plus confortablement l&#8217;appareil photo tout en restant compact et facile \u00e0 transporter.<\/p>\n<p>La plaque inf\u00e9rieure peut facilement accueillir une plaque de fixation rapide ARCA (non incluse).<\/p>\n<p>Cela permet au syst\u00e8me de se monter facilement sur les cardans de la s\u00e9rie S de Ronin ou sur des tr\u00e9pieds l\u00e9gers tels que notre tr\u00e9pied \u00e0 t\u00eate fluide de voyage VT-05.<\/p>\n<\/div>\n","protected":false},"excerpt":{"rendered":"<p>Pr\u00e9sentation de la plaque de montage avec poign\u00e9e en bois pour le Canon PowerShot V1 La base de cet accessoire en forme de L est une poign\u00e9e en bois, fabriqu\u00e9e \u00e0 partir de bois de noyer. Cela permet d&#8217;utiliser et [&hellip;]<\/p>\n","protected":false},"featured_media":2578761,"comment_status":"open","ping_status":"closed","template":"","meta":[],"product_cat":[4072],"product_tag":[],"acf":[],"gallery_images":[2578766,2578784,2578778,2578772],"_links":{"self":[{"href":"https:\/\/eu.tilta.com\/fr\/wp-json\/wp\/v2\/product\/2594099"}],"collection":[{"href":"https:\/\/eu.tilta.com\/fr\/wp-json\/wp\/v2\/product"}],"about":[{"href":"https:\/\/eu.tilta.com\/fr\/wp-json\/wp\/v2\/types\/product"}],"replies":[{"embeddable":true,"href":"https:\/\/eu.tilta.com\/fr\/wp-json\/wp\/v2\/comments?post=2594099"}],"wp:featuredmedia":[{"embeddable":true,"href":"https:\/\/eu.tilta.com\/fr\/wp-json\/wp\/v2\/media\/2578761"}],"wp:attachment":[{"href":"https:\/\/eu.tilta.com\/fr\/wp-json\/wp\/v2\/media?parent=2594099"}],"wp:term":[{"taxonomy":"product_cat","embeddable":true,"href":"https:\/\/eu.tilta.com\/fr\/wp-json\/wp\/v2\/product_cat?post=2594099"},{"taxonomy":"product_tag","embeddable":true,"href":"https:\/\/eu.tilta.com\/fr\/wp-json\/wp\/v2\/product_tag?post=2594099"}],"curies":[{"name":"wp","href":"https:\/\/api.w.org\/{rel}","templated":true}]}}