{"id":2594102,"date":"2025-07-12T08:52:29","date_gmt":"2025-07-12T06:52:29","guid":{"rendered":"https:\/\/eu.tilta.com\/shop\/bonnette-anti-vent-pour-microphone-canon-powershot-v1-noir\/"},"modified":"2025-12-05T14:29:05","modified_gmt":"2025-12-05T13:29:05","slug":"microphone-windscreen-for-canon-powershot-v1-black","status":"publish","type":"product","link":"https:\/\/eu.tilta.com\/fr\/shop\/microphone-windscreen-for-canon-powershot-v1-black\/","title":{"rendered":"Bonnette anti-vent pour microphone Canon PowerShot V1 &#8211; Noir"},"content":{"rendered":"<p><em>Pr\u00e9sentation de la bonnette de microphone pour Canon PowerShot V1  <\/em><\/p>\n<p>Ce pare-brise en fourrure haute densit\u00e9 bloque les bruits ext\u00e9rieurs agressifs provenant du vent et d&#8217;autres sources.<\/p>\n<p>Cela permet aux utilisateurs d&#8217;obtenir un son clair et net sans ajouter de taille significative \u00e0 leur \u00e9quipement.<\/p>\n<p>Cette unit\u00e9 est con\u00e7ue avec pr\u00e9cision pour s&#8217;adapter en toute s\u00e9curit\u00e9 sans obstruer les boutons d&#8217;alimentation ou de fonction.<\/p>\n","protected":false},"excerpt":{"rendered":"<p>Pr\u00e9sentation de la bonnette de microphone pour Canon PowerShot V1 Ce pare-brise en fourrure haute densit\u00e9 bloque les bruits ext\u00e9rieurs agressifs provenant du vent et d&#8217;autres sources. Cela permet aux utilisateurs d&#8217;obtenir un son clair et net sans ajouter de [&hellip;]<\/p>\n","protected":false},"featured_media":2578830,"comment_status":"open","ping_status":"closed","template":"","meta":[],"product_cat":[4072],"product_tag":[],"acf":[],"gallery_images":[2578835,2578841],"_links":{"self":[{"href":"https:\/\/eu.tilta.com\/fr\/wp-json\/wp\/v2\/product\/2594102"}],"collection":[{"href":"https:\/\/eu.tilta.com\/fr\/wp-json\/wp\/v2\/product"}],"about":[{"href":"https:\/\/eu.tilta.com\/fr\/wp-json\/wp\/v2\/types\/product"}],"replies":[{"embeddable":true,"href":"https:\/\/eu.tilta.com\/fr\/wp-json\/wp\/v2\/comments?post=2594102"}],"wp:featuredmedia":[{"embeddable":true,"href":"https:\/\/eu.tilta.com\/fr\/wp-json\/wp\/v2\/media\/2578830"}],"wp:attachment":[{"href":"https:\/\/eu.tilta.com\/fr\/wp-json\/wp\/v2\/media?parent=2594102"}],"wp:term":[{"taxonomy":"product_cat","embeddable":true,"href":"https:\/\/eu.tilta.com\/fr\/wp-json\/wp\/v2\/product_cat?post=2594102"},{"taxonomy":"product_tag","embeddable":true,"href":"https:\/\/eu.tilta.com\/fr\/wp-json\/wp\/v2\/product_tag?post=2594102"}],"curies":[{"name":"wp","href":"https:\/\/api.w.org\/{rel}","templated":true}]}}