{"id":2594106,"date":"2025-07-12T08:31:48","date_gmt":"2025-07-12T06:31:48","guid":{"rendered":"https:\/\/eu.tilta.com\/shop\/cage-dappareil-photo-vintage-pour-canon-powershot-v1-base-kit-noir\/"},"modified":"2025-12-05T14:29:07","modified_gmt":"2025-12-05T13:29:07","slug":"vintage-camera-cage-for-canon-powershot-v1-base-kit-black","status":"publish","type":"product","link":"https:\/\/eu.tilta.com\/fr\/shop\/vintage-camera-cage-for-canon-powershot-v1-base-kit-black\/","title":{"rendered":"Cage d&#8217;appareil photo vintage pour Canon PowerShot V1 Base Kit &#8211; Noir"},"content":{"rendered":"<div class=\"overview-text\">\n<p><em>Pr\u00e9sentation de la cage d&#8217;appareil photo vintage pour le kit de base Canon PowerShot V1<\/em><\/p>\n<p>La base de ce kit est la plaque de montage avec une poign\u00e9e en bois, fabriqu\u00e9e \u00e0 partir de bois de noyer, qui offre une mani\u00e8re plus confortable d&#8217;utiliser et de manipuler l&#8217;appareil photo tout en restant compacte et facile \u00e0 transporter.<\/p>\n<p>La plaque inf\u00e9rieure peut facilement accueillir une plaque de fixation rapide ARCA (non incluse) qui permet au syst\u00e8me de se monter facilement sur les cardans de la s\u00e9rie S de Ronin ou sur des tr\u00e9pieds l\u00e9gers tels que notre tr\u00e9pied \u00e0 t\u00eate fluide de voyage VT-05.<\/p>\n<p>Cette plaque protectrice se monte sur le dessus du bo\u00eetier de l&#8217;appareil photo afin d&#8217;offrir une protection l\u00e9g\u00e8re et robuste \u00e0 l&#8217;appareil.<\/p>\n<p>La monture Cold Shoe amovible permet aux utilisateurs de monter des accessoires bas\u00e9s sur la Cold Shoe tels que des microphones, des supports de moniteur ou des \u00e9clairages embarqu\u00e9s, ce qui est pratique en voyage car les utilisateurs peuvent retirer le point de montage lorsqu&#8217;ils n&#8217;en ont pas besoin afin de conserver leur appareil photo l\u00e9ger et compact.<\/p>\n<p>Cet accessoire est particuli\u00e8rement utile lorsque vous voyagez ou lorsque vous utilisez l&#8217;appareil photo dans des conditions plus extr\u00eames.<\/p>\n<p>Cette bonnette en fourrure haute densit\u00e9 bloque les bruits ext\u00e9rieurs agressifs provenant du vent et d&#8217;autres sources, ce qui permet aux utilisateurs d&#8217;obtenir un son clair et net sans ajouter une taille importante \u00e0 leur \u00e9quipement.<\/p>\n<p>Cette unit\u00e9 est con\u00e7ue avec pr\u00e9cision pour s&#8217;adapter en toute s\u00e9curit\u00e9 sans obstruer les boutons d&#8217;alimentation ou de fonction.<\/p>\n<\/div>\n","protected":false},"excerpt":{"rendered":"<p>Pr\u00e9sentation de la cage d&#8217;appareil photo vintage pour le kit de base Canon PowerShot V1 La base de ce kit est la plaque de montage avec une poign\u00e9e en bois, fabriqu\u00e9e \u00e0 partir de bois de noyer, qui offre une [&hellip;]<\/p>\n","protected":false},"featured_media":2578601,"comment_status":"open","ping_status":"closed","template":"","meta":[],"product_cat":[4072],"product_tag":[],"acf":[],"gallery_images":[2578606,2578614,2578620,2578705,2578699,2578693],"_links":{"self":[{"href":"https:\/\/eu.tilta.com\/fr\/wp-json\/wp\/v2\/product\/2594106"}],"collection":[{"href":"https:\/\/eu.tilta.com\/fr\/wp-json\/wp\/v2\/product"}],"about":[{"href":"https:\/\/eu.tilta.com\/fr\/wp-json\/wp\/v2\/types\/product"}],"replies":[{"embeddable":true,"href":"https:\/\/eu.tilta.com\/fr\/wp-json\/wp\/v2\/comments?post=2594106"}],"wp:featuredmedia":[{"embeddable":true,"href":"https:\/\/eu.tilta.com\/fr\/wp-json\/wp\/v2\/media\/2578601"}],"wp:attachment":[{"href":"https:\/\/eu.tilta.com\/fr\/wp-json\/wp\/v2\/media?parent=2594106"}],"wp:term":[{"taxonomy":"product_cat","embeddable":true,"href":"https:\/\/eu.tilta.com\/fr\/wp-json\/wp\/v2\/product_cat?post=2594106"},{"taxonomy":"product_tag","embeddable":true,"href":"https:\/\/eu.tilta.com\/fr\/wp-json\/wp\/v2\/product_tag?post=2594106"}],"curies":[{"name":"wp","href":"https:\/\/api.w.org\/{rel}","templated":true}]}}