{"id":2594125,"date":"2025-07-10T04:41:58","date_gmt":"2025-07-10T02:41:58","guid":{"rendered":"https:\/\/eu.tilta.com\/shop\/tilta-poignee-circulaire-en-bois-1-4%e2%80%b3-20-space-grey\/"},"modified":"2025-12-05T14:29:16","modified_gmt":"2025-12-05T13:29:16","slug":"tilta-circular-wooden-handle-1-4%e2%80%b3-20-space-grey","status":"publish","type":"product","link":"https:\/\/eu.tilta.com\/fr\/shop\/tilta-circular-wooden-handle-1-4%e2%80%b3-20-space-grey\/","title":{"rendered":"Tilta Poign\u00e9e circulaire en bois (1\/4\u2033-20) &#8211; Space Grey"},"content":{"rendered":"<div class=\"overview-text\">\n<p><em>Le manche circulaire en bois Tilta (1\/4\u2033-20) est un accessoire l\u00e9ger et facile \u00e0 utiliser pour votre appareil photo.<\/em><\/p>\n<p>Fabriqu\u00e9es avec pr\u00e9cision, ces poign\u00e9es sont faites de bois de qualit\u00e9 et assembl\u00e9es avec un alliage d&#8217;aluminium de haute qualit\u00e9 frais\u00e9 par ordinateur, ce qui garantit leur durabilit\u00e9 et leur finition \u00e9l\u00e9gante.<\/p>\n<p>Con\u00e7us pour le confort, ils offrent une prise s\u00fbre et confortable pour une utilisation prolong\u00e9e.<\/p>\n<\/div>\n","protected":false},"excerpt":{"rendered":"<p>Le manche circulaire en bois Tilta (1\/4\u2033-20) est un accessoire l\u00e9ger et facile \u00e0 utiliser pour votre appareil photo. Fabriqu\u00e9es avec pr\u00e9cision, ces poign\u00e9es sont faites de bois de qualit\u00e9 et assembl\u00e9es avec un alliage d&#8217;aluminium de haute qualit\u00e9 frais\u00e9 [&hellip;]<\/p>\n","protected":false},"featured_media":2568548,"comment_status":"open","ping_status":"closed","template":"","meta":[],"product_cat":[2043],"product_tag":[],"acf":[],"gallery_images":[2568554,2568560,2568566,2568572],"_links":{"self":[{"href":"https:\/\/eu.tilta.com\/fr\/wp-json\/wp\/v2\/product\/2594125"}],"collection":[{"href":"https:\/\/eu.tilta.com\/fr\/wp-json\/wp\/v2\/product"}],"about":[{"href":"https:\/\/eu.tilta.com\/fr\/wp-json\/wp\/v2\/types\/product"}],"replies":[{"embeddable":true,"href":"https:\/\/eu.tilta.com\/fr\/wp-json\/wp\/v2\/comments?post=2594125"}],"wp:featuredmedia":[{"embeddable":true,"href":"https:\/\/eu.tilta.com\/fr\/wp-json\/wp\/v2\/media\/2568548"}],"wp:attachment":[{"href":"https:\/\/eu.tilta.com\/fr\/wp-json\/wp\/v2\/media?parent=2594125"}],"wp:term":[{"taxonomy":"product_cat","embeddable":true,"href":"https:\/\/eu.tilta.com\/fr\/wp-json\/wp\/v2\/product_cat?post=2594125"},{"taxonomy":"product_tag","embeddable":true,"href":"https:\/\/eu.tilta.com\/fr\/wp-json\/wp\/v2\/product_tag?post=2594125"}],"curies":[{"name":"wp","href":"https:\/\/api.w.org\/{rel}","templated":true}]}}