{"id":2594126,"date":"2025-07-09T04:49:01","date_gmt":"2025-07-09T02:49:01","guid":{"rendered":"https:\/\/eu.tilta.com\/shop\/housse-de-voyage-protectrice-tilta-avec-sangle-de-poignet-pour-dji-osmo-pocket-3\/"},"modified":"2025-12-05T14:29:39","modified_gmt":"2025-12-05T13:29:39","slug":"tilta-protective-travel-case-with-wrist-strap-kit-for-dji-osmo-pocket-3","status":"publish","type":"product","link":"https:\/\/eu.tilta.com\/fr\/shop\/tilta-protective-travel-case-with-wrist-strap-kit-for-dji-osmo-pocket-3\/","title":{"rendered":"Housse de voyage protectrice Tilta avec sangle de poignet pour DJI Osmo Pocket 3"},"content":{"rendered":"<div class=\"overview-text\">\n<p><em>Pr\u00e9sentation de l&#8217;\u00e9tui de voyage protecteur Tilta avec kit de sangles de poignet pour DJI Osmo Pocket 3<\/em><\/p>\n<p>Cet \u00e9tui de voyage protecteur remplace celui fourni avec le Pocket 3 tout en ajoutant des fonctionnalit\u00e9s suppl\u00e9mentaires et en multipliant les options pour mettre en valeur votre style personnel.<\/p>\n<p>De nouvelles options de couleurs ajoutent une touche de style, tandis que la surface mate emp\u00eache les empreintes digitales et les taches d&#8217;huile.<\/p>\n<p>Les fentes de rangement int\u00e9gr\u00e9es pour les filtres offrent une option pratique pour voyager avec les filtres n\u00e9cessaires pour tirer le meilleur parti de l&#8217;image de la Pocket 3. (filtres non inclus)<\/p>\n<p>La dragonne incluse rend l&#8217;appareil photo encore plus facile \u00e0 transporter et am\u00e9liore la s\u00e9curit\u00e9 lors des prises de vue dans des conditions plus extr\u00eames.<\/p>\n<\/div>\n","protected":false},"excerpt":{"rendered":"<p>Pr\u00e9sentation de l&#8217;\u00e9tui de voyage protecteur Tilta avec kit de sangles de poignet pour DJI Osmo Pocket 3 Cet \u00e9tui de voyage protecteur remplace celui fourni avec le Pocket 3 tout en ajoutant des fonctionnalit\u00e9s suppl\u00e9mentaires et en multipliant les [&hellip;]<\/p>\n","protected":false},"featured_media":2563643,"comment_status":"open","ping_status":"closed","template":"","meta":[],"product_cat":[2058],"product_tag":[],"acf":[],"gallery_images":[2563648,2563654,2563636,2563630,2563660,2563667,2563673],"_links":{"self":[{"href":"https:\/\/eu.tilta.com\/fr\/wp-json\/wp\/v2\/product\/2594126"}],"collection":[{"href":"https:\/\/eu.tilta.com\/fr\/wp-json\/wp\/v2\/product"}],"about":[{"href":"https:\/\/eu.tilta.com\/fr\/wp-json\/wp\/v2\/types\/product"}],"replies":[{"embeddable":true,"href":"https:\/\/eu.tilta.com\/fr\/wp-json\/wp\/v2\/comments?post=2594126"}],"wp:featuredmedia":[{"embeddable":true,"href":"https:\/\/eu.tilta.com\/fr\/wp-json\/wp\/v2\/media\/2563643"}],"wp:attachment":[{"href":"https:\/\/eu.tilta.com\/fr\/wp-json\/wp\/v2\/media?parent=2594126"}],"wp:term":[{"taxonomy":"product_cat","embeddable":true,"href":"https:\/\/eu.tilta.com\/fr\/wp-json\/wp\/v2\/product_cat?post=2594126"},{"taxonomy":"product_tag","embeddable":true,"href":"https:\/\/eu.tilta.com\/fr\/wp-json\/wp\/v2\/product_tag?post=2594126"}],"curies":[{"name":"wp","href":"https:\/\/api.w.org\/{rel}","templated":true}]}}