{"id":2594160,"date":"2025-07-09T04:52:54","date_gmt":"2025-07-09T02:52:54","guid":{"rendered":"https:\/\/eu.tilta.com\/shop\/filtre-a-brouillard-noir-tilta-pour-dji-osmo-pocket-3\/"},"modified":"2025-12-05T14:30:09","modified_gmt":"2025-12-05T13:30:09","slug":"tilta-black-mist-filter-for-dji-osmo-pocket-3","status":"publish","type":"product","link":"https:\/\/eu.tilta.com\/fr\/shop\/tilta-black-mist-filter-for-dji-osmo-pocket-3\/","title":{"rendered":"Filtre \u00e0 brouillard noir Tilta pour DJI Osmo Pocket 3"},"content":{"rendered":"<div class=\"overview-text\">\n<p><em>Pr\u00e9sentation du filtre anti-brouillard noir Tilta pour DJI Osmo Pocket 3<\/em><\/p>\n<p>Les filtres sont con\u00e7us sur mesure pour la Pocket 3 et sont dot\u00e9s d&#8217;une connexion magn\u00e9tique pour une connexion sans effort, tandis que la conception rainur\u00e9e \u00e0 d\u00e9gagement rapide permet un acc\u00e8s rapide, par pincement et retrait.<\/p>\n<p>Ce filtre est un type de filtre de diffusion qui r\u00e9duit le contraste et produit une lueur subtile autour des sources lumineuses, tout en limitant la douceur g\u00e9n\u00e9rale et en conservant le contraste dans les ombres.<\/p>\n<p>Cela cr\u00e9e une atmosph\u00e8re visuelle douce tout en conservant la nettet\u00e9 et plus de d\u00e9tails dans les ombres qu&#8217;un filtre Mist standard. Il est id\u00e9al pour les utilisateurs qui recherchent un aspect diffus classique sans \u00eatre trop distrayant.<\/p>\n<p>Le filtre est dot\u00e9 d&#8217;un verre optique de haute qualit\u00e9 pour une image cristalline et un rendu des couleurs fid\u00e8le \u00e0 la r\u00e9alit\u00e9, tandis qu&#8217;un rev\u00eatement polyvalent double face prot\u00e8ge contre l&#8217;eau, l&#8217;huile et les rayures.<\/p>\n<p>La construction ultra-mince n&#8217;interf\u00e8re pas avec la r\u00e9traction ou l&#8217;\u00e9talonnage de l&#8217;objectif lorsqu&#8217;il est fix\u00e9.<\/p>\n<\/div>\n","protected":false},"excerpt":{"rendered":"<p>Pr\u00e9sentation du filtre anti-brouillard noir Tilta pour DJI Osmo Pocket 3 Les filtres sont con\u00e7us sur mesure pour la Pocket 3 et sont dot\u00e9s d&#8217;une connexion magn\u00e9tique pour une connexion sans effort, tandis que la conception rainur\u00e9e \u00e0 d\u00e9gagement rapide [&hellip;]<\/p>\n","protected":false},"featured_media":2563890,"comment_status":"open","ping_status":"closed","template":"","meta":[],"product_cat":[2058],"product_tag":[],"acf":[],"gallery_images":[2563910,2563903,2563923],"_links":{"self":[{"href":"https:\/\/eu.tilta.com\/fr\/wp-json\/wp\/v2\/product\/2594160"}],"collection":[{"href":"https:\/\/eu.tilta.com\/fr\/wp-json\/wp\/v2\/product"}],"about":[{"href":"https:\/\/eu.tilta.com\/fr\/wp-json\/wp\/v2\/types\/product"}],"replies":[{"embeddable":true,"href":"https:\/\/eu.tilta.com\/fr\/wp-json\/wp\/v2\/comments?post=2594160"}],"wp:featuredmedia":[{"embeddable":true,"href":"https:\/\/eu.tilta.com\/fr\/wp-json\/wp\/v2\/media\/2563890"}],"wp:attachment":[{"href":"https:\/\/eu.tilta.com\/fr\/wp-json\/wp\/v2\/media?parent=2594160"}],"wp:term":[{"taxonomy":"product_cat","embeddable":true,"href":"https:\/\/eu.tilta.com\/fr\/wp-json\/wp\/v2\/product_cat?post=2594160"},{"taxonomy":"product_tag","embeddable":true,"href":"https:\/\/eu.tilta.com\/fr\/wp-json\/wp\/v2\/product_tag?post=2594160"}],"curies":[{"name":"wp","href":"https:\/\/api.w.org\/{rel}","templated":true}]}}