{"id":2594166,"date":"2025-07-04T05:57:25","date_gmt":"2025-07-04T03:57:25","guid":{"rendered":"https:\/\/eu.tilta.com\/shop\/etui-en-cuir-pour-fujifilm-gfx100rf-marron\/"},"modified":"2025-12-05T14:29:52","modified_gmt":"2025-12-05T13:29:52","slug":"leather-camera-case-for-fujifilm-gfx100rf-brown","status":"publish","type":"product","link":"https:\/\/eu.tilta.com\/fr\/shop\/leather-camera-case-for-fujifilm-gfx100rf-brown\/","title":{"rendered":"Etui en cuir pour Fujifilm GFX100RF &#8211; Marron"},"content":{"rendered":"<div class=\"overview-text\">\n<p>Pr\u00e9sentation de l&#8217;\u00e9tui en cuir pour Fujifilm GFX100RF<\/p>\n<p>Cet \u00e9tui se monte \u00e0 l&#8217;aide d&#8217;une vis 1\/4\u2033-20 et permet aux utilisateurs de manipuler plus confortablement le bo\u00eetier de l&#8217;appareil photo gr\u00e2ce \u00e0 la poign\u00e9e int\u00e9gr\u00e9e.<\/p>\n<p>Le design offre \u00e9galement une protection suppl\u00e9mentaire pour le bas du bo\u00eetier de l&#8217;appareil photo, ce qui est particuli\u00e8rement utile lorsque vous posez l&#8217;appareil photo.<\/p>\n<p>Un petit rabat sur le fond permet d&#8217;acc\u00e9der facilement au compartiment des piles.<\/p>\n<\/div>\n","protected":false},"excerpt":{"rendered":"<p>Pr\u00e9sentation de l&#8217;\u00e9tui en cuir pour Fujifilm GFX100RF Cet \u00e9tui se monte \u00e0 l&#8217;aide d&#8217;une vis 1\/4\u2033-20 et permet aux utilisateurs de manipuler plus confortablement le bo\u00eetier de l&#8217;appareil photo gr\u00e2ce \u00e0 la poign\u00e9e int\u00e9gr\u00e9e. Le design offre \u00e9galement une [&hellip;]<\/p>\n","protected":false},"featured_media":2539586,"comment_status":"open","ping_status":"closed","template":"","meta":[],"product_cat":[4090],"product_tag":[],"acf":[],"gallery_images":[2539602,2539615,2539646,2539639,2539652,2539660],"_links":{"self":[{"href":"https:\/\/eu.tilta.com\/fr\/wp-json\/wp\/v2\/product\/2594166"}],"collection":[{"href":"https:\/\/eu.tilta.com\/fr\/wp-json\/wp\/v2\/product"}],"about":[{"href":"https:\/\/eu.tilta.com\/fr\/wp-json\/wp\/v2\/types\/product"}],"replies":[{"embeddable":true,"href":"https:\/\/eu.tilta.com\/fr\/wp-json\/wp\/v2\/comments?post=2594166"}],"wp:featuredmedia":[{"embeddable":true,"href":"https:\/\/eu.tilta.com\/fr\/wp-json\/wp\/v2\/media\/2539586"}],"wp:attachment":[{"href":"https:\/\/eu.tilta.com\/fr\/wp-json\/wp\/v2\/media?parent=2594166"}],"wp:term":[{"taxonomy":"product_cat","embeddable":true,"href":"https:\/\/eu.tilta.com\/fr\/wp-json\/wp\/v2\/product_cat?post=2594166"},{"taxonomy":"product_tag","embeddable":true,"href":"https:\/\/eu.tilta.com\/fr\/wp-json\/wp\/v2\/product_tag?post=2594166"}],"curies":[{"name":"wp","href":"https:\/\/api.w.org\/{rel}","templated":true}]}}