{"id":2594184,"date":"2025-07-04T05:35:16","date_gmt":"2025-07-04T03:35:16","guid":{"rendered":"https:\/\/eu.tilta.com\/shop\/cage-a-camera-vintage-pour-fujifilm-gfx100rf-lightweight-kit\/"},"modified":"2025-12-05T14:30:10","modified_gmt":"2025-12-05T13:30:10","slug":"vintage-camera-cage-for-fujifilm-gfx100rf-lightweight-kit","status":"publish","type":"product","link":"https:\/\/eu.tilta.com\/fr\/shop\/vintage-camera-cage-for-fujifilm-gfx100rf-lightweight-kit\/","title":{"rendered":"Cage \u00e0 cam\u00e9ra vintage pour Fujifilm GFX100RF Lightweight Kit"},"content":{"rendered":"<div class=\"overview-text\">\n<p>Voici la cage d&#8217;appareil photo vintage pour le kit l\u00e9ger Fujifilm GFX100RF<\/p>\n<p>Ce kit comprend un \u00e9tui en cuir pour Fujifilm GFX100RF, qui se fixe \u00e0 l&#8217;aide d&#8217;une vis 1\/4\u2033-20 et offre aux utilisateurs un moyen plus confortable d&#8217;utiliser et de manipuler le bo\u00eetier de l&#8217;appareil photo gr\u00e2ce \u00e0 la poign\u00e9e int\u00e9gr\u00e9e.<\/p>\n<p>Le design offre \u00e9galement une protection suppl\u00e9mentaire pour le bas du bo\u00eetier de l&#8217;appareil photo, ce qui est particuli\u00e8rement utile lorsque vous posez l&#8217;appareil photo.<\/p>\n<p>Un petit rabat sur le fond permet d&#8217;acc\u00e9der facilement au compartiment des piles.<\/p>\n<p>Il est \u00e9galement livr\u00e9 avec un support de pouce pour griffe, qui se monte sur le r\u00e9cepteur de la griffe de l&#8217;appareil photo afin d&#8217;offrir \u00e0 l&#8217;op\u00e9rateur une position confortable et s\u00fbre pour placer son pouce.<\/p>\n<\/div>\n","protected":false},"excerpt":{"rendered":"<p>Voici la cage d&#8217;appareil photo vintage pour le kit l\u00e9ger Fujifilm GFX100RF Ce kit comprend un \u00e9tui en cuir pour Fujifilm GFX100RF, qui se fixe \u00e0 l&#8217;aide d&#8217;une vis 1\/4\u2033-20 et offre aux utilisateurs un moyen plus confortable d&#8217;utiliser et [&hellip;]<\/p>\n","protected":false},"featured_media":2539362,"comment_status":"open","ping_status":"closed","template":"","meta":[],"product_cat":[4090],"product_tag":[],"acf":[],"gallery_images":[2539368,2539374,2539393,2539386,2539380],"_links":{"self":[{"href":"https:\/\/eu.tilta.com\/fr\/wp-json\/wp\/v2\/product\/2594184"}],"collection":[{"href":"https:\/\/eu.tilta.com\/fr\/wp-json\/wp\/v2\/product"}],"about":[{"href":"https:\/\/eu.tilta.com\/fr\/wp-json\/wp\/v2\/types\/product"}],"replies":[{"embeddable":true,"href":"https:\/\/eu.tilta.com\/fr\/wp-json\/wp\/v2\/comments?post=2594184"}],"wp:featuredmedia":[{"embeddable":true,"href":"https:\/\/eu.tilta.com\/fr\/wp-json\/wp\/v2\/media\/2539362"}],"wp:attachment":[{"href":"https:\/\/eu.tilta.com\/fr\/wp-json\/wp\/v2\/media?parent=2594184"}],"wp:term":[{"taxonomy":"product_cat","embeddable":true,"href":"https:\/\/eu.tilta.com\/fr\/wp-json\/wp\/v2\/product_cat?post=2594184"},{"taxonomy":"product_tag","embeddable":true,"href":"https:\/\/eu.tilta.com\/fr\/wp-json\/wp\/v2\/product_tag?post=2594184"}],"curies":[{"name":"wp","href":"https:\/\/api.w.org\/{rel}","templated":true}]}}