{"id":2594192,"date":"2025-07-04T05:03:14","date_gmt":"2025-07-04T03:03:14","guid":{"rendered":"https:\/\/eu.tilta.com\/shop\/cage-a-camera-vintage-pour-fujifilm-gfx100rf-travel-kit\/"},"modified":"2025-12-05T14:30:32","modified_gmt":"2025-12-05T13:30:32","slug":"vintage-camera-cage-for-fujifilm-gfx100rf-travel-kit","status":"publish","type":"product","link":"https:\/\/eu.tilta.com\/fr\/shop\/vintage-camera-cage-for-fujifilm-gfx100rf-travel-kit\/","title":{"rendered":"Cage \u00e0 cam\u00e9ra vintage pour Fujifilm GFX100RF Travel Kit"},"content":{"rendered":"<div class=\"overview-text\">\n<p><em>Voici la cage \u00e0 cam\u00e9ra vintage pour le kit de voyage Fujifilm GFX100RF<\/em><\/p>\n<p>Ce kit comprend une gamme d&#8217;accessoires l\u00e9gers qui am\u00e9liorent les fonctionnalit\u00e9s du GFX100RF tout en conservant un syst\u00e8me compact et performant.<\/p>\n<p>La base de ce kit est un support en L avec une poign\u00e9e en bois de noyer, qui offre une mani\u00e8re plus confortable d&#8217;utiliser et de manipuler l&#8217;appareil photo.<\/p>\n<p>La poign\u00e9e \u00e0 griffes se monte sur la griffe de l&#8217;appareil photo et am\u00e9liore la stabilit\u00e9 \u00e0 main lev\u00e9e pour des prises de vue plus fluides.<\/p>\n<p>Les attaches de courroie en cuir v\u00e9ritable offrent un moyen plus pratique de connecter ou de retirer une courroie d&#8217;appareil photo au syst\u00e8me.<\/p>\n<p>La plaque ARCA Quick Release incluse peut \u00eatre fix\u00e9e au besoin, ce qui permet au syst\u00e8me de se monter facilement sur n&#8217;importe quel r\u00e9cepteur ARCA, comme celui que vous trouverez sur un Ronin S Series Gimbal ou sur de nombreux tr\u00e9pieds l\u00e9gers comme notre <a href=\"https:\/\/eu.tilta.com\/shop\/tilta-vt05-travel-video-fluid-head-with-3-stage-carbon-fiber-tripod-legs-5kg\/\">tr\u00e9pied VT-05 Travel Fluid Head Tripod<\/a>.<\/p>\n<p>Ce kit de voyage comprend \u00e9galement un capot sup\u00e9rieur CNC ultra-fin qui offre une protection l\u00e9g\u00e8re et robuste \u00e0 l&#8217;appareil photo, particuli\u00e8rement utile en voyage.<\/p>\n<\/div>\n","protected":false},"excerpt":{"rendered":"<p>Voici la cage \u00e0 cam\u00e9ra vintage pour le kit de voyage Fujifilm GFX100RF Ce kit comprend une gamme d&#8217;accessoires l\u00e9gers qui am\u00e9liorent les fonctionnalit\u00e9s du GFX100RF tout en conservant un syst\u00e8me compact et performant. La base de ce kit est [&hellip;]<\/p>\n","protected":false},"featured_media":2539120,"comment_status":"open","ping_status":"closed","template":"","meta":[],"product_cat":[4090],"product_tag":[],"acf":[],"gallery_images":[2539142,2539160,2539107,2539148,2539126],"_links":{"self":[{"href":"https:\/\/eu.tilta.com\/fr\/wp-json\/wp\/v2\/product\/2594192"}],"collection":[{"href":"https:\/\/eu.tilta.com\/fr\/wp-json\/wp\/v2\/product"}],"about":[{"href":"https:\/\/eu.tilta.com\/fr\/wp-json\/wp\/v2\/types\/product"}],"replies":[{"embeddable":true,"href":"https:\/\/eu.tilta.com\/fr\/wp-json\/wp\/v2\/comments?post=2594192"}],"wp:featuredmedia":[{"embeddable":true,"href":"https:\/\/eu.tilta.com\/fr\/wp-json\/wp\/v2\/media\/2539120"}],"wp:attachment":[{"href":"https:\/\/eu.tilta.com\/fr\/wp-json\/wp\/v2\/media?parent=2594192"}],"wp:term":[{"taxonomy":"product_cat","embeddable":true,"href":"https:\/\/eu.tilta.com\/fr\/wp-json\/wp\/v2\/product_cat?post=2594192"},{"taxonomy":"product_tag","embeddable":true,"href":"https:\/\/eu.tilta.com\/fr\/wp-json\/wp\/v2\/product_tag?post=2594192"}],"curies":[{"name":"wp","href":"https:\/\/api.w.org\/{rel}","templated":true}]}}