{"id":2594241,"date":"2025-07-16T04:07:59","date_gmt":"2025-07-16T02:07:59","guid":{"rendered":"https:\/\/eu.tilta.com\/shop\/support-de-securite-pour-dji-rs-4\/"},"modified":"2026-02-16T09:01:32","modified_gmt":"2026-02-16T08:01:32","slug":"security-bracket-for-dji-rs-4","status":"publish","type":"product","link":"https:\/\/eu.tilta.com\/fr\/shop\/security-bracket-for-dji-rs-4\/","title":{"rendered":"Support de s\u00e9curit\u00e9 pour DJI RS 4"},"content":{"rendered":"<div class=\"overview-text\">\n<p>Ce support de s\u00e9curit\u00e9 offre une s\u00e9curit\u00e9 suppl\u00e9mentaire entre votre DJI RS4 Gimbal et notre <a href=\"https:\/\/eu.tilta.com\/shop\/power-supply-base-plate-for-dji-ronin\/\">plaque de base d&#8217;alimentation pour DJI Ronin<\/a>.<\/p>\n<p>Cela vous permet d&#8217;utiliser en toute s\u00e9curit\u00e9 la Power Baseplate et la RS4 avec des supports qui n\u00e9cessitent une s\u00e9curit\u00e9 suppl\u00e9mentaire, tels que le <a href=\"https:\/\/eu.tilta.com\/shop\/tilta-float-handheld-gimbal-support-system\/\">syst\u00e8me de support de cardan portable Tilta Float<\/a> et le <a href=\"https:\/\/eu.tilta.com\/shop\/hydra-alien-car-mounting-system\/\">syst\u00e8me de montage de voiture Hydra Alien<\/a>.<\/p>\n<\/div>\n","protected":false},"excerpt":{"rendered":"<p>Ce support de s\u00e9curit\u00e9 offre une s\u00e9curit\u00e9 suppl\u00e9mentaire entre votre DJI RS4 Gimbal et notre plaque de base d&#8217;alimentation pour DJI Ronin. Cela vous permet d&#8217;utiliser en toute s\u00e9curit\u00e9 la Power Baseplate et la RS4 avec des supports qui n\u00e9cessitent [&hellip;]<\/p>\n","protected":false},"featured_media":2589518,"comment_status":"open","ping_status":"closed","template":"","meta":[],"product_cat":[4448,2249],"product_tag":[],"acf":[],"gallery_images":[2589530,2589543,2589549,2589524,2589537],"_links":{"self":[{"href":"https:\/\/eu.tilta.com\/fr\/wp-json\/wp\/v2\/product\/2594241"}],"collection":[{"href":"https:\/\/eu.tilta.com\/fr\/wp-json\/wp\/v2\/product"}],"about":[{"href":"https:\/\/eu.tilta.com\/fr\/wp-json\/wp\/v2\/types\/product"}],"replies":[{"embeddable":true,"href":"https:\/\/eu.tilta.com\/fr\/wp-json\/wp\/v2\/comments?post=2594241"}],"wp:featuredmedia":[{"embeddable":true,"href":"https:\/\/eu.tilta.com\/fr\/wp-json\/wp\/v2\/media\/2589518"}],"wp:attachment":[{"href":"https:\/\/eu.tilta.com\/fr\/wp-json\/wp\/v2\/media?parent=2594241"}],"wp:term":[{"taxonomy":"product_cat","embeddable":true,"href":"https:\/\/eu.tilta.com\/fr\/wp-json\/wp\/v2\/product_cat?post=2594241"},{"taxonomy":"product_tag","embeddable":true,"href":"https:\/\/eu.tilta.com\/fr\/wp-json\/wp\/v2\/product_tag?post=2594241"}],"curies":[{"name":"wp","href":"https:\/\/api.w.org\/{rel}","templated":true}]}}