{"id":2594261,"date":"2025-07-02T04:48:33","date_gmt":"2025-07-02T02:48:33","guid":{"rendered":"https:\/\/eu.tilta.com\/shop\/cage-de-protection-pour-canon-r50-v\/"},"modified":"2025-12-05T14:30:59","modified_gmt":"2025-12-05T13:30:59","slug":"full-camera-cage-for-canon-r50-v","status":"publish","type":"product","link":"https:\/\/eu.tilta.com\/fr\/shop\/full-camera-cage-for-canon-r50-v\/","title":{"rendered":"Cage de protection pour Canon R50 V"},"content":{"rendered":"<div class=\"overview-text\">\n<p><em>Voici la cage \u00e0 cam\u00e9ra compl\u00e8te pour le Canon R50 V.<\/em><\/p>\n<p>Cette cage sert de protection suppl\u00e9mentaire pour le bo\u00eetier de votre appareil photo tout en accueillant une large gamme d&#8217;accessoires externes gr\u00e2ce \u00e0 de multiples options de montage, y compris un r\u00e9cepteur Cold Shoe, un rail NATO et des filetages \u00bc&#8221;-20 avec des points de rep\u00e8re.<\/p>\n<p>La plaque inf\u00e9rieure ARCA assure une compatibilit\u00e9 facile avec les r\u00e9cepteurs ARCA tels que ceux que vous pouvez trouver sur nos tr\u00e9pieds, ainsi qu&#8217;avec les gimbals de la s\u00e9rie S de Ronin.<\/p>\n<p>Cette cage pr\u00e9sente un nouveau design qui permet d&#8217;enlever les trois points de montage principaux lorsqu&#8217;ils ne sont pas n\u00e9cessaires. Les plaques de montage NATO, Cold Shoe et ARCA sont toutes d\u00e9tachables.<\/p>\n<p>Nous avons inclus une poign\u00e9e int\u00e9gr\u00e9e en silicone qui \u00e9pouse la courbe de la paume de la main, ce qui rend l&#8217;appareil plus confortable \u00e0 utiliser \u00e0 la main qu&#8217;une cage \u00e0 cam\u00e9ra traditionnelle.<\/p>\n<p>La cage permet toujours d&#8217;acc\u00e9der facilement \u00e0 toutes les fonctions essentielles de l&#8217;appareil photo, ce qui vous permet de conserver un acc\u00e8s ininterrompu aux ports de l&#8217;appareil photo, aux boutons de l&#8217;utilisateur et au compartiment de la batterie sans avoir \u00e0 retirer la cage.<\/p>\n<p>Am\u00e9liorez votre jeu vid\u00e9o avec la <em>cage de cam\u00e9ra compl\u00e8te pour Canon R50 V<\/em> et lib\u00e9rez le v\u00e9ritable potentiel de votre cam\u00e9ra.<\/p>\n<\/div>\n","protected":false},"excerpt":{"rendered":"<p>Voici la cage \u00e0 cam\u00e9ra compl\u00e8te pour le Canon R50 V. Cette cage sert de protection suppl\u00e9mentaire pour le bo\u00eetier de votre appareil photo tout en accueillant une large gamme d&#8217;accessoires externes gr\u00e2ce \u00e0 de multiples options de montage, y [&hellip;]<\/p>\n","protected":false},"featured_media":2529271,"comment_status":"open","ping_status":"closed","template":"","meta":[],"product_cat":[4093],"product_tag":[],"acf":[],"gallery_images":[2529282,2529294,2529306,2529318,2529324,2529330],"_links":{"self":[{"href":"https:\/\/eu.tilta.com\/fr\/wp-json\/wp\/v2\/product\/2594261"}],"collection":[{"href":"https:\/\/eu.tilta.com\/fr\/wp-json\/wp\/v2\/product"}],"about":[{"href":"https:\/\/eu.tilta.com\/fr\/wp-json\/wp\/v2\/types\/product"}],"replies":[{"embeddable":true,"href":"https:\/\/eu.tilta.com\/fr\/wp-json\/wp\/v2\/comments?post=2594261"}],"wp:featuredmedia":[{"embeddable":true,"href":"https:\/\/eu.tilta.com\/fr\/wp-json\/wp\/v2\/media\/2529271"}],"wp:attachment":[{"href":"https:\/\/eu.tilta.com\/fr\/wp-json\/wp\/v2\/media?parent=2594261"}],"wp:term":[{"taxonomy":"product_cat","embeddable":true,"href":"https:\/\/eu.tilta.com\/fr\/wp-json\/wp\/v2\/product_cat?post=2594261"},{"taxonomy":"product_tag","embeddable":true,"href":"https:\/\/eu.tilta.com\/fr\/wp-json\/wp\/v2\/product_tag?post=2594261"}],"curies":[{"name":"wp","href":"https:\/\/api.w.org\/{rel}","templated":true}]}}