{"id":2594270,"date":"2025-07-04T04:45:01","date_gmt":"2025-07-04T02:45:01","guid":{"rendered":"https:\/\/eu.tilta.com\/shop\/support-de-fixation-pour-fujifilm-gfx100rf\/"},"modified":"2025-12-05T14:31:00","modified_gmt":"2025-12-05T13:31:00","slug":"hot-shoe-thumb-bracket-for-fujifilm-gfx100rf","status":"publish","type":"product","link":"https:\/\/eu.tilta.com\/fr\/shop\/hot-shoe-thumb-bracket-for-fujifilm-gfx100rf\/","title":{"rendered":"Support de fixation pour Fujifilm GFX100RF"},"content":{"rendered":"<div class=\"overview-text\">\n<p>Le support de pouce pour griffe chaude est un accessoire m\u00e9canique l\u00e9ger pour le Fujifilm GFX100RF.<\/p>\n<p>Cette poign\u00e9e de pouce se monte sur le r\u00e9cepteur de la griffe de l&#8217;appareil photo afin d&#8217;offrir \u00e0 l&#8217;op\u00e9rateur une position confortable et s\u00fbre pour placer son pouce.<\/p>\n<p>Cela permet d&#8217;am\u00e9liorer la stabilit\u00e9 de l&#8217;appareil, ce qui se traduit par des prises de vue plus fluides et une exp\u00e9rience d&#8217;utilisation globalement plus confortable.<\/p>\n<\/div>\n","protected":false},"excerpt":{"rendered":"<p>Le support de pouce pour griffe chaude est un accessoire m\u00e9canique l\u00e9ger pour le Fujifilm GFX100RF. Cette poign\u00e9e de pouce se monte sur le r\u00e9cepteur de la griffe de l&#8217;appareil photo afin d&#8217;offrir \u00e0 l&#8217;op\u00e9rateur une position confortable et s\u00fbre [&hellip;]<\/p>\n","protected":false},"featured_media":2539217,"comment_status":"open","ping_status":"closed","template":"","meta":[],"product_cat":[4090],"product_tag":[],"acf":[],"gallery_images":[2539229],"_links":{"self":[{"href":"https:\/\/eu.tilta.com\/fr\/wp-json\/wp\/v2\/product\/2594270"}],"collection":[{"href":"https:\/\/eu.tilta.com\/fr\/wp-json\/wp\/v2\/product"}],"about":[{"href":"https:\/\/eu.tilta.com\/fr\/wp-json\/wp\/v2\/types\/product"}],"replies":[{"embeddable":true,"href":"https:\/\/eu.tilta.com\/fr\/wp-json\/wp\/v2\/comments?post=2594270"}],"wp:featuredmedia":[{"embeddable":true,"href":"https:\/\/eu.tilta.com\/fr\/wp-json\/wp\/v2\/media\/2539217"}],"wp:attachment":[{"href":"https:\/\/eu.tilta.com\/fr\/wp-json\/wp\/v2\/media?parent=2594270"}],"wp:term":[{"taxonomy":"product_cat","embeddable":true,"href":"https:\/\/eu.tilta.com\/fr\/wp-json\/wp\/v2\/product_cat?post=2594270"},{"taxonomy":"product_tag","embeddable":true,"href":"https:\/\/eu.tilta.com\/fr\/wp-json\/wp\/v2\/product_tag?post=2594270"}],"curies":[{"name":"wp","href":"https:\/\/api.w.org\/{rel}","templated":true}]}}