{"id":2594405,"date":"2025-06-26T05:49:08","date_gmt":"2025-06-26T03:49:08","guid":{"rendered":"https:\/\/eu.tilta.com\/shop\/support-de-montage-rosette-pour-ventouse-6%e2%80%b3-gris-titane\/"},"modified":"2026-02-16T09:01:32","modified_gmt":"2026-02-16T08:01:32","slug":"rosette-mounting-bracket-for-suction-cup-6%e2%80%b3-titanium-grey","status":"publish","type":"product","link":"https:\/\/eu.tilta.com\/fr\/shop\/rosette-mounting-bracket-for-suction-cup-6%e2%80%b3-titanium-grey\/","title":{"rendered":"Support de montage Rosette pour ventouse (6\u2033) &#8211; Gris titane"},"content":{"rendered":"<div class=\"overview-text\">\n<p>Ce support de montage est sp\u00e9cialement con\u00e7u pour la ventouse 6\u2033.<\/p>\n<p>Ils peuvent \u00eatre facilement mont\u00e9s ou d\u00e9mont\u00e9s afin d&#8217;accueillir divers accessoires et syst\u00e8mes de support.<\/p>\n<p>Le support se monte sur la ventouse \u00e0 l&#8217;aide de quatre vis M4, ce qui cr\u00e9e une connexion s\u00fbre tout en \u00e9tant facile \u00e0 remplacer si n\u00e9cessaire.<\/p>\n<p>Cette option comprend une connexion Rosette compatible Arri qui peut \u00eatre utilis\u00e9e pour monter le bras absorbeur de chocs Hydra Alien Mini.<\/p>\n<\/div>\n","protected":false},"excerpt":{"rendered":"<p>Ce support de montage est sp\u00e9cialement con\u00e7u pour la ventouse 6\u2033. Ils peuvent \u00eatre facilement mont\u00e9s ou d\u00e9mont\u00e9s afin d&#8217;accueillir divers accessoires et syst\u00e8mes de support. Le support se monte sur la ventouse \u00e0 l&#8217;aide de quatre vis M4, ce [&hellip;]<\/p>\n","protected":false},"featured_media":2504609,"comment_status":"open","ping_status":"closed","template":"","meta":[],"product_cat":[4448,3262],"product_tag":[],"acf":[],"gallery_images":[2504602],"_links":{"self":[{"href":"https:\/\/eu.tilta.com\/fr\/wp-json\/wp\/v2\/product\/2594405"}],"collection":[{"href":"https:\/\/eu.tilta.com\/fr\/wp-json\/wp\/v2\/product"}],"about":[{"href":"https:\/\/eu.tilta.com\/fr\/wp-json\/wp\/v2\/types\/product"}],"replies":[{"embeddable":true,"href":"https:\/\/eu.tilta.com\/fr\/wp-json\/wp\/v2\/comments?post=2594405"}],"wp:featuredmedia":[{"embeddable":true,"href":"https:\/\/eu.tilta.com\/fr\/wp-json\/wp\/v2\/media\/2504609"}],"wp:attachment":[{"href":"https:\/\/eu.tilta.com\/fr\/wp-json\/wp\/v2\/media?parent=2594405"}],"wp:term":[{"taxonomy":"product_cat","embeddable":true,"href":"https:\/\/eu.tilta.com\/fr\/wp-json\/wp\/v2\/product_cat?post=2594405"},{"taxonomy":"product_tag","embeddable":true,"href":"https:\/\/eu.tilta.com\/fr\/wp-json\/wp\/v2\/product_tag?post=2594405"}],"curies":[{"name":"wp","href":"https:\/\/api.w.org\/{rel}","templated":true}]}}