{"id":2594414,"date":"2025-06-10T08:01:19","date_gmt":"2025-06-10T06:01:19","guid":{"rendered":"https:\/\/eu.tilta.com\/shop\/adaptateur-arca-rotatif-tilta-noir\/"},"modified":"2026-02-16T09:01:33","modified_gmt":"2026-02-16T08:01:33","slug":"tilta-rotatable-arca-adapter-black","status":"publish","type":"product","link":"https:\/\/eu.tilta.com\/fr\/shop\/tilta-rotatable-arca-adapter-black\/","title":{"rendered":"Adaptateur ARCA rotatif Tilta &#8211; Noir"},"content":{"rendered":"<div class=\"overview-text\">\n<p><em>Voici l&#8217;adaptateur ARCA rotatif de Tilta.<\/em><\/p>\n<p>Cet adaptateur se monte d&#8217;un c\u00f4t\u00e9 sur les r\u00e9cepteurs ARCA standard de DJI et de l&#8217;autre sur un r\u00e9cepteur ARCA rotatif.<\/p>\n<p>Cela permet aux utilisateurs de faire pivoter facilement la direction de leur r\u00e9cepteur ARCA pour am\u00e9liorer la flexibilit\u00e9 entre les accessoires qui utilisent l&#8217;ARCA dans des orientations diff\u00e9rentes.<\/p>\n<p>Ceci est particuli\u00e8rement utile pour les utilisateurs qui font la transition entre les tr\u00e9pieds ARCA mont\u00e9s \u00e0 l&#8217;avant et \u00e0 l&#8217;arri\u00e8re et les r\u00e9cepteurs ARCA mont\u00e9s sur le c\u00f4t\u00e9 que l&#8217;on trouve sur les gimbals de la s\u00e9rie DJI Ronin.<\/p>\n<p>Cette fonction peut \u00e9galement \u00eatre utilis\u00e9e pour des situations de montage uniques, car elle permet aux utilisateurs de repositionner rapidement une cam\u00e9ra ou un accessoire connect\u00e9 \u00e0 partir d&#8217;un r\u00e9cepteur ARCA dans une position fixe.<\/p>\n<\/div>\n","protected":false},"excerpt":{"rendered":"<p>Voici l&#8217;adaptateur ARCA rotatif de Tilta. Cet adaptateur se monte d&#8217;un c\u00f4t\u00e9 sur les r\u00e9cepteurs ARCA standard de DJI et de l&#8217;autre sur un r\u00e9cepteur ARCA rotatif. Cela permet aux utilisateurs de faire pivoter facilement la direction de leur r\u00e9cepteur [&hellip;]<\/p>\n","protected":false},"featured_media":2457562,"comment_status":"open","ping_status":"closed","template":"","meta":[],"product_cat":[4448,1998],"product_tag":[],"acf":[],"gallery_images":[2457542,2457548,2457554],"_links":{"self":[{"href":"https:\/\/eu.tilta.com\/fr\/wp-json\/wp\/v2\/product\/2594414"}],"collection":[{"href":"https:\/\/eu.tilta.com\/fr\/wp-json\/wp\/v2\/product"}],"about":[{"href":"https:\/\/eu.tilta.com\/fr\/wp-json\/wp\/v2\/types\/product"}],"replies":[{"embeddable":true,"href":"https:\/\/eu.tilta.com\/fr\/wp-json\/wp\/v2\/comments?post=2594414"}],"wp:featuredmedia":[{"embeddable":true,"href":"https:\/\/eu.tilta.com\/fr\/wp-json\/wp\/v2\/media\/2457562"}],"wp:attachment":[{"href":"https:\/\/eu.tilta.com\/fr\/wp-json\/wp\/v2\/media?parent=2594414"}],"wp:term":[{"taxonomy":"product_cat","embeddable":true,"href":"https:\/\/eu.tilta.com\/fr\/wp-json\/wp\/v2\/product_cat?post=2594414"},{"taxonomy":"product_tag","embeddable":true,"href":"https:\/\/eu.tilta.com\/fr\/wp-json\/wp\/v2\/product_tag?post=2594414"}],"curies":[{"name":"wp","href":"https:\/\/api.w.org\/{rel}","templated":true}]}}