{"id":3136113,"date":"2025-10-17T04:35:39","date_gmt":"2025-10-17T02:35:39","guid":{"rendered":"https:\/\/eu.tilta.com\/shop\/sac-de-transport-5l-pour-khronos-ecosystem-gris\/"},"modified":"2026-04-15T03:59:30","modified_gmt":"2026-04-15T01:59:30","slug":"5l-carrying-pouch-for-khronos-ecosystem-grey","status":"publish","type":"product","link":"https:\/\/eu.tilta.com\/fr\/shop\/5l-carrying-pouch-for-khronos-ecosystem-grey\/","title":{"rendered":"Sac de transport 5L pour Khronos Ecosystem &#8211; Gris"},"content":{"rendered":"<div class=\"overview-text\">\n<p><em>Pr\u00e9sentation de la pochette de transport pour Khronos Ecosystem<\/em><\/p>\n<p>Cette pochette est l&#8217;option parfaite pour voyager avec le Khronos Phone Case Ecosystem ou tout autre accessoire photo de taille similaire.<\/p>\n<p>Son syst\u00e8me polyvalent de montage multiple \u00e0 l&#8217;arri\u00e8re vous permet de le porter confortablement autour de la taille, sur la poitrine ou de l&#8217;attacher \u00e0 votre \u00e9quipement, offrant ainsi des options de transport personnalis\u00e9es.<\/p>\n<p>Vos effets personnels restent \u00e0 l&#8217;abri des intemp\u00e9ries gr\u00e2ce aux fermetures \u00e0 glissi\u00e8re SBS de premi\u00e8re qualit\u00e9 avec rev\u00eatement imperm\u00e9able.<\/p>\n<p>Un compartiment int\u00e9rieur permet de ranger discr\u00e8tement et en toute s\u00e9curit\u00e9 les objets de valeur et les petits accessoires, tandis que la pochette elle-m\u00eame dispose d&#8217;une capacit\u00e9 de stockage de 5 litres.<\/p>\n<p>La pochette de transport Khronos Ecosystem est id\u00e9ale pour les professionnels actifs, comme les cin\u00e9astes, car elle offre un moyen compact et s\u00fbr de transporter des outils et des accessoires essentiels.<\/p>\n<\/div>\n","protected":false},"excerpt":{"rendered":"<p>Pr\u00e9sentation de la pochette de transport pour Khronos Ecosystem Cette pochette est l&#8217;option parfaite pour voyager avec le Khronos Phone Case Ecosystem ou tout autre accessoire photo de taille similaire. Son syst\u00e8me polyvalent de montage multiple \u00e0 l&#8217;arri\u00e8re vous permet [&hellip;]<\/p>\n","protected":false},"featured_media":3080470,"comment_status":"open","ping_status":"closed","template":"","meta":[],"product_cat":[4493,884,2064],"product_tag":[],"acf":[],"gallery_images":[3080476,3080482,3080509,3080502,3080496,3080489],"_links":{"self":[{"href":"https:\/\/eu.tilta.com\/fr\/wp-json\/wp\/v2\/product\/3136113"}],"collection":[{"href":"https:\/\/eu.tilta.com\/fr\/wp-json\/wp\/v2\/product"}],"about":[{"href":"https:\/\/eu.tilta.com\/fr\/wp-json\/wp\/v2\/types\/product"}],"replies":[{"embeddable":true,"href":"https:\/\/eu.tilta.com\/fr\/wp-json\/wp\/v2\/comments?post=3136113"}],"wp:featuredmedia":[{"embeddable":true,"href":"https:\/\/eu.tilta.com\/fr\/wp-json\/wp\/v2\/media\/3080470"}],"wp:attachment":[{"href":"https:\/\/eu.tilta.com\/fr\/wp-json\/wp\/v2\/media?parent=3136113"}],"wp:term":[{"taxonomy":"product_cat","embeddable":true,"href":"https:\/\/eu.tilta.com\/fr\/wp-json\/wp\/v2\/product_cat?post=3136113"},{"taxonomy":"product_tag","embeddable":true,"href":"https:\/\/eu.tilta.com\/fr\/wp-json\/wp\/v2\/product_tag?post=3136113"}],"curies":[{"name":"wp","href":"https:\/\/api.w.org\/{rel}","templated":true}]}}