{"id":3136115,"date":"2025-10-22T08:05:20","date_gmt":"2025-10-22T06:05:20","guid":{"rendered":"https:\/\/eu.tilta.com\/shop\/tilta-mini-pd-v-mount-battery-plate-with-adjustable-arca-receiver\/"},"modified":"2026-03-22T17:47:17","modified_gmt":"2026-03-22T16:47:17","slug":"tilta-mini-pd-v-mount-battery-plate-with-adjustable-arca-receiver","status":"publish","type":"product","link":"https:\/\/eu.tilta.com\/fr\/shop\/tilta-mini-pd-v-mount-battery-plate-with-adjustable-arca-receiver\/","title":{"rendered":"Tilta Mini PD V Mount Battery Plate with Adjustable ARCA Receiver"},"content":{"rendered":"<div class=\"overview-text\">\n<p><em>Pr\u00e9sentation de la plaque de batterie Tilta Mini PD V Mount Battery Plate avec r\u00e9cepteur ARCA r\u00e9glable<\/em><\/p>\n<p>Le r\u00e9cepteur ARCA ajustable est une option unique et l\u00e9g\u00e8re pour monter une plaque de batterie sur une cam\u00e9ra sans les plaques de base traditionnelles et les tiges de 15 mm.<\/p>\n<p>Une fois fix\u00e9 \u00e0 l&#8217;aide d&#8217;une plaque de fixation rapide ARCA standard de DJI ou d&#8217;une cage de cam\u00e9ra compatible, le r\u00e9cepteur peut s&#8217;\u00e9tendre pour rapprocher ou \u00e9loigner la plaque de batterie du bo\u00eetier de la cam\u00e9ra. Une charni\u00e8re pivotante permet \u00e9galement aux utilisateurs d&#8217;ajuster l&#8217;angle de leur batterie par rapport au bo\u00eetier de leur appareil photo.<\/p>\n<p>La plaque de batterie incluse dans le kit plaque de batterie + r\u00e9cepteur permet aux utilisateurs de prolonger la dur\u00e9e de fonctionnement de leur cam\u00e9ra et de leurs accessoires via des batteries V-Mount de plus grande capacit\u00e9 et dispose de plusieurs options de sortie d&#8217;alimentation telles qu&#8217;un PD USB-C de 60 W, un P-Tap et une connexion Lemo \u00e0 2 broches.<\/p>\n<p>Unique en son genre, cette plaque est dot\u00e9e de fentes int\u00e9gr\u00e9es pour la sangle, ce qui permet aux utilisateurs de connecter la sangle de s\u00e9curit\u00e9 fournie \u00e0 leur batterie V-Mount, limitant ainsi les risques de d\u00e9connexion accidentelle.<\/p>\n<p>La plaque de batterie comporte \u00e9galement des filetages 1\/4&#8243;-20 et M4 sur le dessus, ce qui permet de monter facilement l&#8217;unit\u00e9 de mani\u00e8re unique gr\u00e2ce \u00e0 des adaptateurs suppl\u00e9mentaires ou \u00e0 des bras articul\u00e9s.<\/p>\n<p><em>Les ports P-Tap\/2 Pin Lemo fournissent 20V\/3A<\/em><\/p>\n<\/div>\n","protected":false},"excerpt":{"rendered":"<p>Pr\u00e9sentation de la plaque de batterie Tilta Mini PD V Mount Battery Plate avec r\u00e9cepteur ARCA r\u00e9glable Le r\u00e9cepteur ARCA ajustable est une option unique et l\u00e9g\u00e8re pour monter une plaque de batterie sur une cam\u00e9ra sans les plaques de [&hellip;]<\/p>\n","protected":false},"featured_media":3122562,"comment_status":"open","ping_status":"closed","template":"","meta":[],"product_cat":[2260],"product_tag":[],"acf":[],"gallery_images":[3122577,3122589,3122603,3122609,3122615],"_links":{"self":[{"href":"https:\/\/eu.tilta.com\/fr\/wp-json\/wp\/v2\/product\/3136115"}],"collection":[{"href":"https:\/\/eu.tilta.com\/fr\/wp-json\/wp\/v2\/product"}],"about":[{"href":"https:\/\/eu.tilta.com\/fr\/wp-json\/wp\/v2\/types\/product"}],"replies":[{"embeddable":true,"href":"https:\/\/eu.tilta.com\/fr\/wp-json\/wp\/v2\/comments?post=3136115"}],"wp:featuredmedia":[{"embeddable":true,"href":"https:\/\/eu.tilta.com\/fr\/wp-json\/wp\/v2\/media\/3122562"}],"wp:attachment":[{"href":"https:\/\/eu.tilta.com\/fr\/wp-json\/wp\/v2\/media?parent=3136115"}],"wp:term":[{"taxonomy":"product_cat","embeddable":true,"href":"https:\/\/eu.tilta.com\/fr\/wp-json\/wp\/v2\/product_cat?post=3136115"},{"taxonomy":"product_tag","embeddable":true,"href":"https:\/\/eu.tilta.com\/fr\/wp-json\/wp\/v2\/product_tag?post=3136115"}],"curies":[{"name":"wp","href":"https:\/\/api.w.org\/{rel}","templated":true}]}}