{"id":3136144,"date":"2025-09-22T15:26:26","date_gmt":"2025-09-22T13:26:26","guid":{"rendered":"https:\/\/eu.tilta.com\/shop\/etui-khronos-lite-pour-iphone-17-pro-pro-max\/"},"modified":"2026-04-15T04:00:02","modified_gmt":"2026-04-15T02:00:02","slug":"khronos-lite-iphone-17-pro-pro-max-case","status":"publish","type":"product","link":"https:\/\/eu.tilta.com\/fr\/shop\/khronos-lite-iphone-17-pro-pro-max-case\/","title":{"rendered":"\u00c9tui Khronos Lite pour iPhone 17 Pro\/Pro Max"},"content":{"rendered":"<p>Pr\u00e9sentation de l&#8217;\u00e9tui Khronos Lite pour iPhone 17 Pro\/Pro Max<\/p>\n<p>La performance professionnelle est plus l\u00e9g\u00e8re que jamais.<\/p>\n<p>La b\u00e9quille int\u00e9gr\u00e9e prend en charge les orientations horizontales et verticales, ce qui est parfait pour les appels vid\u00e9o mains libres, la diffusion en continu ou les sessions d&#8217;\u00e9tude.<\/p>\n<p>La plaque arri\u00e8re magn\u00e9tique permet aux utilisateurs de fixer des accessoires magn\u00e9tiques suppl\u00e9mentaires tels que des porte-cartes, des lumi\u00e8res LED, des disques SSD, des banques d&#8217;alimentation ou des ventilateurs.<\/p>\n<p>Des \u00e9l\u00e9ments de protection suppl\u00e9mentaires, tels qu&#8217;un anneau m\u00e9tallique autour des cam\u00e9ras et des coins renforc\u00e9s, contribuent \u00e0 la protection contre les chocs.<\/p>\n<p>Comme pour nos autres bo\u00eetiers, la version Lite de Khronos prend en charge la fonction tactile capacitive pour le bouton de contr\u00f4le de l&#8217;appareil photo.<\/p>\n","protected":false},"excerpt":{"rendered":"<p>Pr\u00e9sentation de l&#8217;\u00e9tui Khronos Lite pour iPhone 17 Pro\/Pro Max La performance professionnelle est plus l\u00e9g\u00e8re que jamais. La b\u00e9quille int\u00e9gr\u00e9e prend en charge les orientations horizontales et verticales, ce qui est parfait pour les appels vid\u00e9o mains libres, la [&hellip;]<\/p>\n","protected":false},"featured_media":2914989,"comment_status":"open","ping_status":"closed","template":"","meta":[],"product_cat":[4496,865],"product_tag":[],"acf":[],"gallery_images":[2914995,2915001,2915009,2915017],"_links":{"self":[{"href":"https:\/\/eu.tilta.com\/fr\/wp-json\/wp\/v2\/product\/3136144"}],"collection":[{"href":"https:\/\/eu.tilta.com\/fr\/wp-json\/wp\/v2\/product"}],"about":[{"href":"https:\/\/eu.tilta.com\/fr\/wp-json\/wp\/v2\/types\/product"}],"replies":[{"embeddable":true,"href":"https:\/\/eu.tilta.com\/fr\/wp-json\/wp\/v2\/comments?post=3136144"}],"wp:featuredmedia":[{"embeddable":true,"href":"https:\/\/eu.tilta.com\/fr\/wp-json\/wp\/v2\/media\/2914989"}],"wp:attachment":[{"href":"https:\/\/eu.tilta.com\/fr\/wp-json\/wp\/v2\/media?parent=3136144"}],"wp:term":[{"taxonomy":"product_cat","embeddable":true,"href":"https:\/\/eu.tilta.com\/fr\/wp-json\/wp\/v2\/product_cat?post=3136144"},{"taxonomy":"product_tag","embeddable":true,"href":"https:\/\/eu.tilta.com\/fr\/wp-json\/wp\/v2\/product_tag?post=3136144"}],"curies":[{"name":"wp","href":"https:\/\/api.w.org\/{rel}","templated":true}]}}