{"id":3136159,"date":"2025-10-10T04:42:37","date_gmt":"2025-10-10T02:42:37","guid":{"rendered":"https:\/\/eu.tilta.com\/shop\/nucleus-m-ii-cable-dalimentation-7-broches-vers-usb-c-36cm\/"},"modified":"2025-12-05T14:34:57","modified_gmt":"2025-12-05T13:34:57","slug":"nucleus-m-ii-7-pin-to-usb-c-power-cable-36cm","status":"publish","type":"product","link":"https:\/\/eu.tilta.com\/fr\/shop\/nucleus-m-ii-7-pin-to-usb-c-power-cable-36cm\/","title":{"rendered":"Nucleus-M II C\u00e2ble d&#8217;alimentation 7 broches vers USB-C (36cm)"},"content":{"rendered":"<div class=\"overview-text\">\n<p><em>Pr\u00e9sentation du c\u00e2ble d&#8217;alimentation Nucleus-M II 7 broches vers USB-C (36cm)<\/em><\/p>\n<p class=\"p1\">Ce c\u00e2ble EXT \u00e0 7 broches se connecte au moteur Nucleus-M II d&#8217;un c\u00f4t\u00e9 et aux entr\u00e9es USB-C compatibles de l&#8217;autre.<\/p>\n<p>Il s&#8217;agit d&#8217;une option parfaite pour encha\u00eener les moteurs Nucleus-M II avec les moteurs Nucleus Nano II.<\/p>\n<p>AVERTISSEMENT : Ce c\u00e2ble passera par la m\u00eame tension que le moteur M II re\u00e7oit, ce qui signifie qu&#8217;il peut facilement endommager les appareils USB-C standard. Nous vous recommandons de l&#8217;utiliser uniquement avec le moteur Nano II.<\/p>\n<\/div>\n","protected":false},"excerpt":{"rendered":"<p>Pr\u00e9sentation du c\u00e2ble d&#8217;alimentation Nucleus-M II 7 broches vers USB-C (36cm) Ce c\u00e2ble EXT \u00e0 7 broches se connecte au moteur Nucleus-M II d&#8217;un c\u00f4t\u00e9 et aux entr\u00e9es USB-C compatibles de l&#8217;autre. Il s&#8217;agit d&#8217;une option parfaite pour encha\u00eener les [&hellip;]<\/p>\n","protected":false},"featured_media":3047697,"comment_status":"open","ping_status":"closed","template":"","meta":[],"product_cat":[3920],"product_tag":[],"acf":[],"gallery_images":[3047703],"_links":{"self":[{"href":"https:\/\/eu.tilta.com\/fr\/wp-json\/wp\/v2\/product\/3136159"}],"collection":[{"href":"https:\/\/eu.tilta.com\/fr\/wp-json\/wp\/v2\/product"}],"about":[{"href":"https:\/\/eu.tilta.com\/fr\/wp-json\/wp\/v2\/types\/product"}],"replies":[{"embeddable":true,"href":"https:\/\/eu.tilta.com\/fr\/wp-json\/wp\/v2\/comments?post=3136159"}],"wp:featuredmedia":[{"embeddable":true,"href":"https:\/\/eu.tilta.com\/fr\/wp-json\/wp\/v2\/media\/3047697"}],"wp:attachment":[{"href":"https:\/\/eu.tilta.com\/fr\/wp-json\/wp\/v2\/media?parent=3136159"}],"wp:term":[{"taxonomy":"product_cat","embeddable":true,"href":"https:\/\/eu.tilta.com\/fr\/wp-json\/wp\/v2\/product_cat?post=3136159"},{"taxonomy":"product_tag","embeddable":true,"href":"https:\/\/eu.tilta.com\/fr\/wp-json\/wp\/v2\/product_tag?post=3136159"}],"curies":[{"name":"wp","href":"https:\/\/api.w.org\/{rel}","templated":true}]}}