{"id":3136194,"date":"2025-10-10T05:15:03","date_gmt":"2025-10-10T03:15:03","guid":{"rendered":"https:\/\/eu.tilta.com\/shop\/tilta-extended-pro-monitor-mount-nato-noir\/"},"modified":"2026-04-04T11:37:52","modified_gmt":"2026-04-04T09:37:52","slug":"tilta-extended-pro-monitor-mount-nato-black","status":"publish","type":"product","link":"https:\/\/eu.tilta.com\/fr\/shop\/tilta-extended-pro-monitor-mount-nato-black\/","title":{"rendered":"Tilta Extended Pro Monitor Mount (NATO) &#8211; Noir"},"content":{"rendered":"<p><em>Pr\u00e9sentation du support de moniteur Tilta Extended Pro  <\/em><\/p>\n<p>Ce support de moniteur est dot\u00e9 d&#8217;une conception unique et \u00e9tendue qui permet de multiples configurations pour les moniteurs et autres accessoires.<\/p>\n<p>La conception pivotante \u00e0 double charni\u00e8re permet \u00e0 ce support d&#8217;\u00e9lever et d&#8217;abaisser facilement la hauteur du moniteur, ce qui est id\u00e9al pour passer rapidement d&#8217;une prise de vue \u00e0 une autre \u00e0 des hauteurs diff\u00e9rentes, afin que l&#8217;op\u00e9rateur puisse conserver une vue claire du moniteur.<\/p>\n<p>Un filetage pratique de 1\/4\u2033-20 avec des points de positionnement permet aux utilisateurs de fixer un accessoire suppl\u00e9mentaire \u00e0 la monture elle-m\u00eame, comme un \u00e9metteur vid\u00e9o sans fil ou un petit bras articul\u00e9.<\/p>\n<p>Ce support est \u00e9quip\u00e9 de vis \u00e0 main permettant de serrer et d&#8217;ajuster la tension de chaque point d&#8217;articulation, ce qui facilite et acc\u00e9l\u00e8re le r\u00e9glage de la position sans avoir recours \u00e0 un outil multifonctionnel.<\/p>\n<p>La fixation sur le dessus est une vis standard 1\/4\u2033-20 avec deux goupilles de positionnement r\u00e9tractables qui prennent en charge l&#8217;espacement standard des goupilles de positionnement ainsi que le SmallHD.<\/p>\n<p><img loading=\"lazy\" decoding=\"async\" class=\"wp-image-3047750 alignleft\" src=\"https:\/\/static.tilta.com\/wp-content\/uploads\/2025\/10\/10045327\/Screen-Shot-2025-10-09-at-10.43.55-AM-e1760034428758-300x226-1.jpg\" alt=\"\" width=\"202\" height=\"152\" srcset=\"https:\/\/static.tilta.com\/wp-content\/uploads\/2025\/10\/10045327\/Screen-Shot-2025-10-09-at-10.43.55-AM-e1760034428758-300x226-1.jpg 300w, https:\/\/static.tilta.com\/wp-content\/uploads\/2025\/10\/10045327\/Screen-Shot-2025-10-09-at-10.43.55-AM-e1760034428758-300x226-1-64x48.jpg 64w\" sizes=\"(max-width: 202px) 100vw, 202px\" \/>Cette conception a \u00e9t\u00e9 d\u00e9velopp\u00e9e en collaboration avec <strong>Matias Mayolo<\/strong>, cin\u00e9aste et assistant cam\u00e9ra argentin passionn\u00e9 de technologie et de design fonctionnel.<\/p>\n<p>Vous trouverez plus d&#8217;informations sur Matias sur Instagram @matias_mayolo.<\/p>\n","protected":false},"excerpt":{"rendered":"<p>Pr\u00e9sentation du support de moniteur Tilta Extended Pro Ce support de moniteur est dot\u00e9 d&#8217;une conception unique et \u00e9tendue qui permet de multiples configurations pour les moniteurs et autres accessoires. La conception pivotante \u00e0 double charni\u00e8re permet \u00e0 ce support [&hellip;]<\/p>\n","protected":false},"featured_media":3047788,"comment_status":"open","ping_status":"closed","template":"","meta":[],"product_cat":[2076],"product_tag":[],"acf":[],"gallery_images":[3047794,3047800,3047806,3047814,3047820,3047826],"_links":{"self":[{"href":"https:\/\/eu.tilta.com\/fr\/wp-json\/wp\/v2\/product\/3136194"}],"collection":[{"href":"https:\/\/eu.tilta.com\/fr\/wp-json\/wp\/v2\/product"}],"about":[{"href":"https:\/\/eu.tilta.com\/fr\/wp-json\/wp\/v2\/types\/product"}],"replies":[{"embeddable":true,"href":"https:\/\/eu.tilta.com\/fr\/wp-json\/wp\/v2\/comments?post=3136194"}],"wp:featuredmedia":[{"embeddable":true,"href":"https:\/\/eu.tilta.com\/fr\/wp-json\/wp\/v2\/media\/3047788"}],"wp:attachment":[{"href":"https:\/\/eu.tilta.com\/fr\/wp-json\/wp\/v2\/media?parent=3136194"}],"wp:term":[{"taxonomy":"product_cat","embeddable":true,"href":"https:\/\/eu.tilta.com\/fr\/wp-json\/wp\/v2\/product_cat?post=3136194"},{"taxonomy":"product_tag","embeddable":true,"href":"https:\/\/eu.tilta.com\/fr\/wp-json\/wp\/v2\/product_tag?post=3136194"}],"curies":[{"name":"wp","href":"https:\/\/api.w.org\/{rel}","templated":true}]}}