{"id":3136195,"date":"2025-09-22T15:45:16","date_gmt":"2025-09-22T13:45:16","guid":{"rendered":"https:\/\/eu.tilta.com\/shop\/etui-khronos-pour-iphone-17-pro-pro-max\/"},"modified":"2026-04-29T14:32:14","modified_gmt":"2026-04-29T12:32:14","slug":"khronos-iphone-17-pro-pro-max-case","status":"publish","type":"product","link":"https:\/\/eu.tilta.com\/fr\/shop\/khronos-iphone-17-pro-pro-max-case\/","title":{"rendered":"\u00c9tui Khronos pour iPhone 17 Pro\/Pro Max"},"content":{"rendered":"<p>Voici l&#8217;\u00e9tui Khronos pour iPhone 17 Pro \/ Pro Max, la nouvelle g\u00e9n\u00e9ration de films mobiles.<\/p>\n<p>Con\u00e7ue avec soin pour les deux mod\u00e8les d&#8217;iPhone 16, cette coque pour smartphone inspir\u00e9e de la cage de l&#8217;appareil photo offre un m\u00e9lange in\u00e9gal\u00e9 de fonctionnalit\u00e9 et d&#8217;\u00e9l\u00e9gance.Con\u00e7ue pour prot\u00e9ger votre t\u00e9l\u00e9phone de l&#8217;usure quotidienne, la coque Khronos offre une protection fiable sans compromis sur le style ou la fonctionnalit\u00e9.<\/p>\n<p>L&#8217;installation est plus facile que jamais, car cet \u00e9tui actualis\u00e9 est dot\u00e9 d&#8217;un syst\u00e8me d&#8217;encliquetage \u00e0 d\u00e9gagement rapide, permettant aux utilisateurs d&#8217;installer ou de retirer l&#8217;\u00e9tui rapidement tout en s&#8217;assurant que tous les accessoires connect\u00e9s restent solidement attach\u00e9s.<\/p>\n<p>Dot\u00e9 de plusieurs points de fixation, le m\u00e9canisme innovant de pince de verrouillage garantit des connexions s\u00fbres pour les accessoires suppl\u00e9mentaires tels que les poign\u00e9es lat\u00e9rales Focus, les modules de refroidissement, les filtres, les lumi\u00e8res embarqu\u00e9es, les concentrateurs USB-C et bien plus encore.<\/p>\n<p>Le bo\u00eetier Khronos comporte des points de contact \u00e9lectroniques int\u00e9gr\u00e9s, ce qui vous permet de faire passer l&#8217;\u00e9nergie \u00e0 travers la cage pour alimenter vos accessoires lorsque vous utilisez une poign\u00e9e d&#8217;alimentation optionnelle.<\/p>\n<p>Disponible en gris spatial, noir, orange et beige, l&#8217;\u00e9tui Khronos compl\u00e8te le design de votre iPhone tout en ajoutant une touche de style.<\/p>\n<p>D\u00e9riv\u00e9 du mot grec signifiant &#8220;temps&#8221;, le nom &#8220;Khronos&#8221; incarne un concept profond. Plus qu&#8217;un simple \u00e9tui de t\u00e9l\u00e9phone, il sert \u00e0 pr\u00e9server les souvenirs pr\u00e9cieux partag\u00e9s par les familles, les amis et les proches.<\/p>\n<p>Vivez l&#8217;exp\u00e9rience cin\u00e9matographique comme jamais auparavant avec l&#8217;\u00e9tui Khronos pour iPhone 16 Pro \/ Pro Max &#8211; o\u00f9 l&#8217;innovation rencontre la passion.<\/p>\n","protected":false},"excerpt":{"rendered":"<p>Voici l&#8217;\u00e9tui Khronos pour iPhone 17 Pro \/ Pro Max, la nouvelle g\u00e9n\u00e9ration de films mobiles. Con\u00e7ue avec soin pour les deux mod\u00e8les d&#8217;iPhone 16, cette coque pour smartphone inspir\u00e9e de la cage de l&#8217;appareil photo offre un m\u00e9lange in\u00e9gal\u00e9 [&hellip;]<\/p>\n","protected":false},"featured_media":2914871,"comment_status":"open","ping_status":"closed","template":"","meta":[],"product_cat":[4496,4195],"product_tag":[],"acf":[],"gallery_images":[2914878,2914887,2914900,2914865],"_links":{"self":[{"href":"https:\/\/eu.tilta.com\/fr\/wp-json\/wp\/v2\/product\/3136195"}],"collection":[{"href":"https:\/\/eu.tilta.com\/fr\/wp-json\/wp\/v2\/product"}],"about":[{"href":"https:\/\/eu.tilta.com\/fr\/wp-json\/wp\/v2\/types\/product"}],"replies":[{"embeddable":true,"href":"https:\/\/eu.tilta.com\/fr\/wp-json\/wp\/v2\/comments?post=3136195"}],"wp:featuredmedia":[{"embeddable":true,"href":"https:\/\/eu.tilta.com\/fr\/wp-json\/wp\/v2\/media\/2914871"}],"wp:attachment":[{"href":"https:\/\/eu.tilta.com\/fr\/wp-json\/wp\/v2\/media?parent=3136195"}],"wp:term":[{"taxonomy":"product_cat","embeddable":true,"href":"https:\/\/eu.tilta.com\/fr\/wp-json\/wp\/v2\/product_cat?post=3136195"},{"taxonomy":"product_tag","embeddable":true,"href":"https:\/\/eu.tilta.com\/fr\/wp-json\/wp\/v2\/product_tag?post=3136195"}],"curies":[{"name":"wp","href":"https:\/\/api.w.org\/{rel}","templated":true}]}}