{"id":3136279,"date":"2025-10-03T09:44:35","date_gmt":"2025-10-03T07:44:35","guid":{"rendered":"https:\/\/eu.tilta.com\/shop\/kit-de-montage-pour-tete-fluide-et-steadicam-pour-le-chariot-de-camera-boulder-noir\/"},"modified":"2026-04-15T04:00:39","modified_gmt":"2026-04-15T02:00:39","slug":"fluid-head-and-steadicam-mounting-kit-for-boulder-camera-cart-black","status":"publish","type":"product","link":"https:\/\/eu.tilta.com\/fr\/shop\/fluid-head-and-steadicam-mounting-kit-for-boulder-camera-cart-black\/","title":{"rendered":"Kit de montage pour t\u00eate fluide et Steadicam pour le chariot de cam\u00e9ra Boulder &#8211; Noir"},"content":{"rendered":"<div class=\"overview-text\">\n<p><em>Kit de montage de t\u00eate fluide et de Steadicam pour le chariot de cam\u00e9ra Boulder<\/em><\/p>\n<p>Cet accessoire se fixe de part et d&#8217;autre du chariot de la cam\u00e9ra \u00e0 l&#8217;aide de deux colliers de fixation.<\/p>\n<p>Une fois ces pinces install\u00e9es, les utilisateurs peuvent les ouvrir et les verrouiller \u00e0 l&#8217;aide d&#8217;une grande vis \u00e0 bascule, ce qui permet d&#8217;assembler la station d&#8217;accueil steadicam sans outil.<\/p>\n<p>La station d&#8217;accueil fonctionne comme un pied de lampe avec une \u00e9pingle \u00e0 b\u00e9b\u00e9 sur le dessus.<\/p>\n<p>La position du chariot est id\u00e9ale pour \u00e9quilibrer les steadicams et autres syst\u00e8mes de support similaires, car elle offre un d\u00e9gagement plus que suffisant pour \u00e9quilibrer et faire pivoter l&#8217;appareil selon les besoins.<\/p>\n<p>La hauteur r\u00e9glable de cet adaptateur lui permet de s&#8217;adapter \u00e0 des montages de diff\u00e9rentes tailles tout en \u00e9tant utile pour d&#8217;autres accessoires tels que de petites lampes LED ou m\u00eame des moniteurs avec le support appropri\u00e9.<\/p>\n<p>Un autre accessoire inclus dans ce kit est une rotule fluide de 75\/100 mm, qui se fixe \u00e0 l&#8217;aide d&#8217;une pince sur la station d&#8217;accueil Steadicam pour le chariot Boulder Camera Cart.<\/p>\n<p>Cela permet aux utilisateurs de monter leur rotule 75 mm ou 100 mm via un adaptateur amovible \u00e0 filetage de 75 mm.<\/p>\n<p>La hauteur de cet accessoire peut \u00eatre ajust\u00e9e et il peut pivoter, ce qui permet d&#8217;acc\u00e9der plus facilement \u00e0 l&#8217;attache situ\u00e9e sous la t\u00eate du tr\u00e9pied.<\/p>\n<\/div>\n","protected":false},"excerpt":{"rendered":"<p>Kit de montage de t\u00eate fluide et de Steadicam pour le chariot de cam\u00e9ra Boulder Cet accessoire se fixe de part et d&#8217;autre du chariot de la cam\u00e9ra \u00e0 l&#8217;aide de deux colliers de fixation. Une fois ces pinces install\u00e9es, [&hellip;]<\/p>\n","protected":false},"featured_media":3006448,"comment_status":"open","ping_status":"closed","template":"","meta":[],"product_cat":[4228],"product_tag":[],"acf":[],"gallery_images":[3006454],"_links":{"self":[{"href":"https:\/\/eu.tilta.com\/fr\/wp-json\/wp\/v2\/product\/3136279"}],"collection":[{"href":"https:\/\/eu.tilta.com\/fr\/wp-json\/wp\/v2\/product"}],"about":[{"href":"https:\/\/eu.tilta.com\/fr\/wp-json\/wp\/v2\/types\/product"}],"replies":[{"embeddable":true,"href":"https:\/\/eu.tilta.com\/fr\/wp-json\/wp\/v2\/comments?post=3136279"}],"wp:featuredmedia":[{"embeddable":true,"href":"https:\/\/eu.tilta.com\/fr\/wp-json\/wp\/v2\/media\/3006448"}],"wp:attachment":[{"href":"https:\/\/eu.tilta.com\/fr\/wp-json\/wp\/v2\/media?parent=3136279"}],"wp:term":[{"taxonomy":"product_cat","embeddable":true,"href":"https:\/\/eu.tilta.com\/fr\/wp-json\/wp\/v2\/product_cat?post=3136279"},{"taxonomy":"product_tag","embeddable":true,"href":"https:\/\/eu.tilta.com\/fr\/wp-json\/wp\/v2\/product_tag?post=3136279"}],"curies":[{"name":"wp","href":"https:\/\/api.w.org\/{rel}","templated":true}]}}