{"id":3136280,"date":"2025-09-22T14:34:01","date_gmt":"2025-09-22T12:34:01","guid":{"rendered":"https:\/\/eu.tilta.com\/shop\/khronos-iphone-17-pro-pro-max-street-snap-kit\/"},"modified":"2026-04-15T04:00:46","modified_gmt":"2026-04-15T02:00:46","slug":"khronos-iphone-17-pro-pro-max-street-snap-kit","status":"publish","type":"product","link":"https:\/\/eu.tilta.com\/fr\/shop\/khronos-iphone-17-pro-pro-max-street-snap-kit\/","title":{"rendered":"Khronos iPhone 17 Pro\/Pro Max Street Snap Kit"},"content":{"rendered":"<p>Voici le kit Khronos Street Snap pour iPhone 17 Pro \/ Pro Max, la nouvelle g\u00e9n\u00e9ration de films mobiles.<\/p>\n<p>Con\u00e7ue avec soin pour les deux mod\u00e8les d&#8217;iPhone 17, cette coque pour smartphone inspir\u00e9e de la cage de l&#8217;appareil photo offre un m\u00e9lange in\u00e9gal\u00e9 de fonctionnalit\u00e9 et d&#8217;\u00e9l\u00e9gance. Con\u00e7u pour prot\u00e9ger votre t\u00e9l\u00e9phone de l&#8217;usure quotidienne, l&#8217;\u00e9tui Khronos offre une protection fiable sans compromettre le style ou la fonctionnalit\u00e9.<\/p>\n<p>L&#8217;installation est plus facile que jamais, car cet \u00e9tui actualis\u00e9 est dot\u00e9 d&#8217;un syst\u00e8me d&#8217;encliquetage \u00e0 d\u00e9gagement rapide, permettant aux utilisateurs d&#8217;installer ou de retirer l&#8217;\u00e9tui rapidement tout en s&#8217;assurant que tous les accessoires connect\u00e9s restent solidement attach\u00e9s. Le bo\u00eetier Khronos comporte des points de contact \u00e9lectroniques int\u00e9gr\u00e9s, ce qui vous permet de faire passer du courant \u00e0 travers la cage pour alimenter vos accessoires.<\/p>\n<p>Le kit Ultimate comprend la <a href=\"https:\/\/eu.tilta.com\/shop\/khronos-focus-pd-handle-for-iphone\/\">poign\u00e9e Focus PD de Khronos<\/a> qui fournit une puissance suppl\u00e9mentaire \u00e0 votre syst\u00e8me et offre un meilleur contr\u00f4le sur les fonctions Focus et Zoom de l&#8217;iPhone. Cette poign\u00e9e utilise le m\u00eame m\u00e9canisme innovant de pince de verrouillage que les autres accessoires Khronos et dispose d&#8217;une batterie interne qui peut \u00eatre recharg\u00e9e via USB-C.<\/p>\n<p>La poign\u00e9e se connecte \u00e0 un iPhone 16 via un c\u00e2ble USB-C int\u00e9gr\u00e9 et utilise le bluetooth pour contr\u00f4ler la mise au point ou le zoom via la molette situ\u00e9e \u00e0 l&#8217;avant de la poign\u00e9e. Le bouton d&#8217;enregistrement garantit que les utilisateurs n&#8217;ont pas besoin de l\u00e2cher la poign\u00e9e pour commencer l&#8217;enregistrement.<\/p>\n<p>Ce kit comprend \u00e9galement une <a href=\"https:\/\/eu.tilta.com\/shop\/khronos-mini-led-panel-daylight\/\">mini-lampe LED Daylight<\/a> qui peut \u00eatre mont\u00e9e dans plusieurs positions sur le bo\u00eetier. La lampe pr\u00e9sente un IRC \u226595RA et dispose de 3 niveaux de luminosit\u00e9 r\u00e9glables ainsi que d&#8217;une monture ajustable.<\/p>\n<p>Le<a href=\"https:\/\/eu.tilta.com\/shop\/khronos-58mm-filter-tray-for-iphone-17-pro-pro-max\/\"> porte-filtre 58 mm<\/a> se monte facilement sur le bo\u00eetier Khronos pour accueillir les filtres 58 mm de Tilta ou d&#8217;autres fabricants.<\/p>\n<p>Le<a href=\"https:\/\/eu.tilta.com\/shop\/khronos-magnetic-58mm-polarizer-with-black-mist-1-2-filter\/\"> filtre polarisant magn\u00e9tique 58 mm avec filtre Black Mist 1\/2<\/a> inclus produit des couleurs pr\u00e9cises et \u00e9clatantes en limitant la lumi\u00e8re r\u00e9fl\u00e9chie et en emp\u00eachant les reflets ind\u00e9sirables caus\u00e9s par les surfaces r\u00e9fl\u00e9chissantes telles que l&#8217;eau ou le verre. Il agit \u00e9galement comme un diffuseur de brume noire, ce qui est id\u00e9al pour \u00e9liminer les bords num\u00e9riques tranchants de l&#8217;image de l&#8217;iPhone tout en ayant un meilleur contr\u00f4le sur la direction de la lumi\u00e8re et des reflets.<\/p>\n<p><b>REMARQUE : la poign\u00e9e Focus et le concentrateur USB-C n\u00e9cessiteront un c\u00e2ble TRS 3,5 mm vers TRRS 3,5 mm afin d&#8217;utiliser des sources audio externes.<\/b><\/p>\n","protected":false},"excerpt":{"rendered":"<p>Voici le kit Khronos Street Snap pour iPhone 17 Pro \/ Pro Max, la nouvelle g\u00e9n\u00e9ration de films mobiles. Con\u00e7ue avec soin pour les deux mod\u00e8les d&#8217;iPhone 17, cette coque pour smartphone inspir\u00e9e de la cage de l&#8217;appareil photo offre [&hellip;]<\/p>\n","protected":false},"featured_media":2913769,"comment_status":"open","ping_status":"closed","template":"","meta":[],"product_cat":[4496,4195],"product_tag":[],"acf":[],"gallery_images":[2913779,2913785,2913792],"_links":{"self":[{"href":"https:\/\/eu.tilta.com\/fr\/wp-json\/wp\/v2\/product\/3136280"}],"collection":[{"href":"https:\/\/eu.tilta.com\/fr\/wp-json\/wp\/v2\/product"}],"about":[{"href":"https:\/\/eu.tilta.com\/fr\/wp-json\/wp\/v2\/types\/product"}],"replies":[{"embeddable":true,"href":"https:\/\/eu.tilta.com\/fr\/wp-json\/wp\/v2\/comments?post=3136280"}],"wp:featuredmedia":[{"embeddable":true,"href":"https:\/\/eu.tilta.com\/fr\/wp-json\/wp\/v2\/media\/2913769"}],"wp:attachment":[{"href":"https:\/\/eu.tilta.com\/fr\/wp-json\/wp\/v2\/media?parent=3136280"}],"wp:term":[{"taxonomy":"product_cat","embeddable":true,"href":"https:\/\/eu.tilta.com\/fr\/wp-json\/wp\/v2\/product_cat?post=3136280"},{"taxonomy":"product_tag","embeddable":true,"href":"https:\/\/eu.tilta.com\/fr\/wp-json\/wp\/v2\/product_tag?post=3136280"}],"curies":[{"name":"wp","href":"https:\/\/api.w.org\/{rel}","templated":true}]}}