{"id":3136295,"date":"2025-09-26T06:00:36","date_gmt":"2025-09-26T04:00:36","guid":{"rendered":"https:\/\/eu.tilta.com\/shop\/tilta-support-de-montage-magnetique-universel-1-4%e2%80%b3-20-gris-titane\/"},"modified":"2025-12-05T14:37:09","modified_gmt":"2025-12-05T13:37:09","slug":"tilta-universal-magnetic-mounting-bracket-1-4%e2%80%b3-20-titanium-grey","status":"publish","type":"product","link":"https:\/\/eu.tilta.com\/fr\/shop\/tilta-universal-magnetic-mounting-bracket-1-4%e2%80%b3-20-titanium-grey\/","title":{"rendered":"Tilta Support de montage magn\u00e9tique universel (1\/4\u2033-20) &#8211; Gris titane"},"content":{"rendered":"<p><em>Pr\u00e9sentation du support de montage magn\u00e9tique universel Tilta (1\/4\u2033-20)  <\/em><\/p>\n<p>Cet accessoire l\u00e9ger se connecte magn\u00e9tiquement \u00e0 l&#8217;arri\u00e8re des smartphones compatibles et comporte des points de fixation pour les accessoires.<\/p>\n<p>Il comprend un filetage central de 1\/4\u2033-20 avec des points de fixation et deux r\u00e9cepteurs de sabot.<\/p>\n<p>Ces points de fixation constituent une option parfaite pour les microphones l\u00e9gers, les lumi\u00e8res LED, les bras articul\u00e9s et les petits tr\u00e9pieds ou selfie sticks.<\/p>\n<p>La simplicit\u00e9 de cette connexion magn\u00e9tique permet de la monter ou de la d\u00e9monter en un clin d&#8217;\u0153il et sa l\u00e9g\u00e8ret\u00e9 la rend facile \u00e0 transporter lorsqu&#8217;elle n&#8217;est pas utilis\u00e9e.<\/p>\n","protected":false},"excerpt":{"rendered":"<p>Pr\u00e9sentation du support de montage magn\u00e9tique universel Tilta (1\/4\u2033-20) Cet accessoire l\u00e9ger se connecte magn\u00e9tiquement \u00e0 l&#8217;arri\u00e8re des smartphones compatibles et comporte des points de fixation pour les accessoires. Il comprend un filetage central de 1\/4\u2033-20 avec des points de [&hellip;]<\/p>\n","protected":false},"featured_media":2945474,"comment_status":"open","ping_status":"closed","template":"","meta":[],"product_cat":[2077],"product_tag":[],"acf":[],"gallery_images":[2945480,2945486,2945453,2945459,2945466],"_links":{"self":[{"href":"https:\/\/eu.tilta.com\/fr\/wp-json\/wp\/v2\/product\/3136295"}],"collection":[{"href":"https:\/\/eu.tilta.com\/fr\/wp-json\/wp\/v2\/product"}],"about":[{"href":"https:\/\/eu.tilta.com\/fr\/wp-json\/wp\/v2\/types\/product"}],"replies":[{"embeddable":true,"href":"https:\/\/eu.tilta.com\/fr\/wp-json\/wp\/v2\/comments?post=3136295"}],"wp:featuredmedia":[{"embeddable":true,"href":"https:\/\/eu.tilta.com\/fr\/wp-json\/wp\/v2\/media\/2945474"}],"wp:attachment":[{"href":"https:\/\/eu.tilta.com\/fr\/wp-json\/wp\/v2\/media?parent=3136295"}],"wp:term":[{"taxonomy":"product_cat","embeddable":true,"href":"https:\/\/eu.tilta.com\/fr\/wp-json\/wp\/v2\/product_cat?post=3136295"},{"taxonomy":"product_tag","embeddable":true,"href":"https:\/\/eu.tilta.com\/fr\/wp-json\/wp\/v2\/product_tag?post=3136295"}],"curies":[{"name":"wp","href":"https:\/\/api.w.org\/{rel}","templated":true}]}}