{"id":3136307,"date":"2025-09-22T14:53:55","date_gmt":"2025-09-22T12:53:55","guid":{"rendered":"https:\/\/eu.tilta.com\/shop\/khronos-magnetic-58mm-filtre-nd-variable-2-5-stops\/"},"modified":"2026-04-15T04:01:08","modified_gmt":"2026-04-15T02:01:08","slug":"khronos-magnetic-58mm-variable-nd-filter-2-5-stops","status":"publish","type":"product","link":"https:\/\/eu.tilta.com\/fr\/shop\/khronos-magnetic-58mm-variable-nd-filter-2-5-stops\/","title":{"rendered":"Khronos Magnetic 58mm filtre ND variable (2-5 Stops)"},"content":{"rendered":"<div class=\"overview-text\">\n<p><em>Pr\u00e9sentation du filtre Khronos Magnetic 58mm ND variable (2-5 Stops)<\/em><\/p>\n<p>Cette densit\u00e9 neutre variable permet aux utilisateurs de mieux contr\u00f4ler l&#8217;exposition de leur iPhone.<\/p>\n<p>Cela permet aux utilisateurs de r\u00e9duire la lumi\u00e8re visible par le capteur, ce qui vous permet de conserver une vitesse d&#8217;obturation constante lorsque vous prenez des photos dans des environnements plus lumineux comme la lumi\u00e8re du jour.<\/p>\n<p>La conception variable de ce filtre permet aux utilisateurs d&#8217;ajuster entre 2 et 5 diaphragmes, ce qui acc\u00e9l\u00e8re l&#8217;obtention d&#8217;une exposition parfaite.<\/p>\n<p>Il favorise \u00e9galement les applications cr\u00e9atives lorsque vous passez d&#8217;un environnement sombre \u00e0 un environnement plus lumineux.<\/p>\n<p>La connexion magn\u00e9tique facilite le montage et le d\u00e9montage du porte-filtre 58 mm Khronos pour iPhone 17 Pro\/Pro Max.<\/p>\n<\/div>\n","protected":false},"excerpt":{"rendered":"<p>Pr\u00e9sentation du filtre Khronos Magnetic 58mm ND variable (2-5 Stops) Cette densit\u00e9 neutre variable permet aux utilisateurs de mieux contr\u00f4ler l&#8217;exposition de leur iPhone. Cela permet aux utilisateurs de r\u00e9duire la lumi\u00e8re visible par le capteur, ce qui vous permet [&hellip;]<\/p>\n","protected":false},"featured_media":2914076,"comment_status":"open","ping_status":"closed","template":"","meta":[],"product_cat":[4496,865],"product_tag":[],"acf":[],"gallery_images":[2914067],"_links":{"self":[{"href":"https:\/\/eu.tilta.com\/fr\/wp-json\/wp\/v2\/product\/3136307"}],"collection":[{"href":"https:\/\/eu.tilta.com\/fr\/wp-json\/wp\/v2\/product"}],"about":[{"href":"https:\/\/eu.tilta.com\/fr\/wp-json\/wp\/v2\/types\/product"}],"replies":[{"embeddable":true,"href":"https:\/\/eu.tilta.com\/fr\/wp-json\/wp\/v2\/comments?post=3136307"}],"wp:featuredmedia":[{"embeddable":true,"href":"https:\/\/eu.tilta.com\/fr\/wp-json\/wp\/v2\/media\/2914076"}],"wp:attachment":[{"href":"https:\/\/eu.tilta.com\/fr\/wp-json\/wp\/v2\/media?parent=3136307"}],"wp:term":[{"taxonomy":"product_cat","embeddable":true,"href":"https:\/\/eu.tilta.com\/fr\/wp-json\/wp\/v2\/product_cat?post=3136307"},{"taxonomy":"product_tag","embeddable":true,"href":"https:\/\/eu.tilta.com\/fr\/wp-json\/wp\/v2\/product_tag?post=3136307"}],"curies":[{"name":"wp","href":"https:\/\/api.w.org\/{rel}","templated":true}]}}