{"id":3136316,"date":"2025-09-22T13:51:00","date_gmt":"2025-09-22T11:51:00","guid":{"rendered":"https:\/\/eu.tilta.com\/shop\/plateau-de-filtre-58mm-khronos-pour-iphone-17-pro-pro-max\/"},"modified":"2026-04-15T04:01:08","modified_gmt":"2026-04-15T02:01:08","slug":"khronos-58mm-filter-tray-for-iphone-17-pro-pro-max","status":"publish","type":"product","link":"https:\/\/eu.tilta.com\/fr\/shop\/khronos-58mm-filter-tray-for-iphone-17-pro-pro-max\/","title":{"rendered":"Plateau de filtre 58mm Khronos pour iPhone 17 Pro\/Pro Max"},"content":{"rendered":"<div class=\"overview-text\">\n<p><em>Pr\u00e9sentation du porte-filtre Khronos 58mm pour iPhone 17 Pro\/Pro Max<\/em><\/p>\n<p>Ce porte-filtre permet aux utilisateurs de monter des filtres magn\u00e9tiques de 58 mm sur leur coque Khronos pour iPhone 17 Pro\/Pro Max ainsi que sur la coque Khronos Lite pour iPhone 17 Pro\/Pro Max.<\/p>\n<p>Le plateau se glisse et se verrouille dans la fente de l&#8217;\u00e9tui lui-m\u00eame et se s\u00e9curise gr\u00e2ce \u00e0 une boucle de s\u00e9curit\u00e9 qui se clipse en place et emp\u00eache le plateau de glisser.<\/p>\n<p>Pour l&#8217;enlever, les utilisateurs peuvent appuyer sur cette boucle pour lib\u00e9rer le loquet et faire glisser le plateau vers l&#8217;ext\u00e9rieur.<\/p>\n<p>La connexion magn\u00e9tique est compatible avec tous les filtres magn\u00e9tiques de 58 mm.<\/p>\n<\/div>\n","protected":false},"excerpt":{"rendered":"<p>Pr\u00e9sentation du porte-filtre Khronos 58mm pour iPhone 17 Pro\/Pro Max Ce porte-filtre permet aux utilisateurs de monter des filtres magn\u00e9tiques de 58 mm sur leur coque Khronos pour iPhone 17 Pro\/Pro Max ainsi que sur la coque Khronos Lite pour [&hellip;]<\/p>\n","protected":false},"featured_media":2913122,"comment_status":"open","ping_status":"closed","template":"","meta":[],"product_cat":[4496,865],"product_tag":[],"acf":[],"gallery_images":[2913104],"_links":{"self":[{"href":"https:\/\/eu.tilta.com\/fr\/wp-json\/wp\/v2\/product\/3136316"}],"collection":[{"href":"https:\/\/eu.tilta.com\/fr\/wp-json\/wp\/v2\/product"}],"about":[{"href":"https:\/\/eu.tilta.com\/fr\/wp-json\/wp\/v2\/types\/product"}],"replies":[{"embeddable":true,"href":"https:\/\/eu.tilta.com\/fr\/wp-json\/wp\/v2\/comments?post=3136316"}],"wp:featuredmedia":[{"embeddable":true,"href":"https:\/\/eu.tilta.com\/fr\/wp-json\/wp\/v2\/media\/2913122"}],"wp:attachment":[{"href":"https:\/\/eu.tilta.com\/fr\/wp-json\/wp\/v2\/media?parent=3136316"}],"wp:term":[{"taxonomy":"product_cat","embeddable":true,"href":"https:\/\/eu.tilta.com\/fr\/wp-json\/wp\/v2\/product_cat?post=3136316"},{"taxonomy":"product_tag","embeddable":true,"href":"https:\/\/eu.tilta.com\/fr\/wp-json\/wp\/v2\/product_tag?post=3136316"}],"curies":[{"name":"wp","href":"https:\/\/api.w.org\/{rel}","templated":true}]}}