{"id":3136330,"date":"2025-09-22T14:46:47","date_gmt":"2025-09-22T12:46:47","guid":{"rendered":"https:\/\/eu.tilta.com\/shop\/adaptateur-dobjectif-khronos-17mm-pour-iphone-17-pro-pro-max\/"},"modified":"2026-04-15T04:01:08","modified_gmt":"2026-04-15T02:01:08","slug":"khronos-17mm-thread-lens-adapter-for-iphone-17-pro-pro-max","status":"publish","type":"product","link":"https:\/\/eu.tilta.com\/fr\/shop\/khronos-17mm-thread-lens-adapter-for-iphone-17-pro-pro-max\/","title":{"rendered":"Adaptateur d&#8217;objectif Khronos 17mm pour iPhone 17 Pro\/Pro Max"},"content":{"rendered":"<div class=\"overview-text\">\n<p><em>Pr\u00e9sentation de l&#8217;adaptateur d&#8217;objectif Khronos 17mm pour iPhone 17 Pro\/Pro Max<\/em><\/p>\n<p>Cet adaptateur d&#8217;objectif est l&#8217;option parfaite pour monter une vari\u00e9t\u00e9 d&#8217;objectifs compacts sur votre iPhone 17 Pro ou Pro Max lorsque vous utilisez l&#8217;\u00e9tui Khronos ou Khronos Lite.<\/p>\n<p>Le plateau se glisse et se verrouille dans la fente de l&#8217;\u00e9tui lui-m\u00eame et se s\u00e9curise gr\u00e2ce \u00e0 une boucle de s\u00e9curit\u00e9 qui se clipse en place et emp\u00eache le plateau de glisser.<\/p>\n<p>Les utilisateurs peuvent ensuite monter n&#8217;importe quel objectif pour smartphone compatible dot\u00e9 d&#8217;un filetage de 17 mm.<\/p>\n<p>Pour l&#8217;enlever, les utilisateurs peuvent appuyer sur cette boucle pour lib\u00e9rer le loquet et faire glisser le plateau vers l&#8217;ext\u00e9rieur.<\/p>\n<\/div>\n","protected":false},"excerpt":{"rendered":"<p>Pr\u00e9sentation de l&#8217;adaptateur d&#8217;objectif Khronos 17mm pour iPhone 17 Pro\/Pro Max Cet adaptateur d&#8217;objectif est l&#8217;option parfaite pour monter une vari\u00e9t\u00e9 d&#8217;objectifs compacts sur votre iPhone 17 Pro ou Pro Max lorsque vous utilisez l&#8217;\u00e9tui Khronos ou Khronos Lite. Le [&hellip;]<\/p>\n","protected":false},"featured_media":2913962,"comment_status":"open","ping_status":"closed","template":"","meta":[],"product_cat":[4496,865],"product_tag":[],"acf":[],"gallery_images":[2913955],"_links":{"self":[{"href":"https:\/\/eu.tilta.com\/fr\/wp-json\/wp\/v2\/product\/3136330"}],"collection":[{"href":"https:\/\/eu.tilta.com\/fr\/wp-json\/wp\/v2\/product"}],"about":[{"href":"https:\/\/eu.tilta.com\/fr\/wp-json\/wp\/v2\/types\/product"}],"replies":[{"embeddable":true,"href":"https:\/\/eu.tilta.com\/fr\/wp-json\/wp\/v2\/comments?post=3136330"}],"wp:featuredmedia":[{"embeddable":true,"href":"https:\/\/eu.tilta.com\/fr\/wp-json\/wp\/v2\/media\/2913962"}],"wp:attachment":[{"href":"https:\/\/eu.tilta.com\/fr\/wp-json\/wp\/v2\/media?parent=3136330"}],"wp:term":[{"taxonomy":"product_cat","embeddable":true,"href":"https:\/\/eu.tilta.com\/fr\/wp-json\/wp\/v2\/product_cat?post=3136330"},{"taxonomy":"product_tag","embeddable":true,"href":"https:\/\/eu.tilta.com\/fr\/wp-json\/wp\/v2\/product_tag?post=3136330"}],"curies":[{"name":"wp","href":"https:\/\/api.w.org\/{rel}","templated":true}]}}