{"id":3136360,"date":"2025-09-22T13:25:27","date_gmt":"2025-09-22T11:25:27","guid":{"rendered":"https:\/\/eu.tilta.com\/shop\/khronos-magnetic-58mm-polarizer-avec-black-mist-1-2-filter\/"},"modified":"2026-04-15T04:01:31","modified_gmt":"2026-04-15T02:01:31","slug":"khronos-magnetic-58mm-polarizer-with-black-mist-1-2-filter","status":"publish","type":"product","link":"https:\/\/eu.tilta.com\/fr\/shop\/khronos-magnetic-58mm-polarizer-with-black-mist-1-2-filter\/","title":{"rendered":"Khronos Magnetic 58mm Polarizer avec Black Mist 1\/2 Filter"},"content":{"rendered":"<div class=\"overview-text\">\n<p><em>Voici le filtre Khronos Magnetic 58mm Polarizer with Black Mist 1\/2 Filter &#8211; Space Gray<\/em><\/p>\n<p>Ce filtre de 58 mm comporte un \u00e9l\u00e9ment polarisant ainsi qu&#8217;une diffusion de brume noire pour donner aux utilisateurs un plus grand contr\u00f4le cr\u00e9atif sur leurs images.<\/p>\n<p>C&#8217;est l&#8217;id\u00e9al pour \u00e9liminer le bord num\u00e9rique tranchant de l&#8217;image de l&#8217;iPhone tout en ayant un plus grand contr\u00f4le sur la direction de la lumi\u00e8re et des reflets.<\/p>\n<p>Ce filtre polarisant peut produire des couleurs pr\u00e9cises et \u00e9clatantes en limitant la lumi\u00e8re r\u00e9fl\u00e9chie et en emp\u00eachant les reflets ind\u00e9sirables caus\u00e9s par les surfaces r\u00e9fl\u00e9chissantes telles que l&#8217;eau ou le verre.<\/p>\n<p>La connexion magn\u00e9tique facilite le montage et le d\u00e9montage du porte-filtre 58 mm Khronos pour iPhone 17 Pro\/Pro Max.<\/p>\n<\/div>\n","protected":false},"excerpt":{"rendered":"<p>Voici le filtre Khronos Magnetic 58mm Polarizer with Black Mist 1\/2 Filter &#8211; Space Gray Ce filtre de 58 mm comporte un \u00e9l\u00e9ment polarisant ainsi qu&#8217;une diffusion de brume noire pour donner aux utilisateurs un plus grand contr\u00f4le cr\u00e9atif sur [&hellip;]<\/p>\n","protected":false},"featured_media":2912689,"comment_status":"open","ping_status":"closed","template":"","meta":[],"product_cat":[4496,865],"product_tag":[],"acf":[],"gallery_images":[2912681],"_links":{"self":[{"href":"https:\/\/eu.tilta.com\/fr\/wp-json\/wp\/v2\/product\/3136360"}],"collection":[{"href":"https:\/\/eu.tilta.com\/fr\/wp-json\/wp\/v2\/product"}],"about":[{"href":"https:\/\/eu.tilta.com\/fr\/wp-json\/wp\/v2\/types\/product"}],"replies":[{"embeddable":true,"href":"https:\/\/eu.tilta.com\/fr\/wp-json\/wp\/v2\/comments?post=3136360"}],"wp:featuredmedia":[{"embeddable":true,"href":"https:\/\/eu.tilta.com\/fr\/wp-json\/wp\/v2\/media\/2912689"}],"wp:attachment":[{"href":"https:\/\/eu.tilta.com\/fr\/wp-json\/wp\/v2\/media?parent=3136360"}],"wp:term":[{"taxonomy":"product_cat","embeddable":true,"href":"https:\/\/eu.tilta.com\/fr\/wp-json\/wp\/v2\/product_cat?post=3136360"},{"taxonomy":"product_tag","embeddable":true,"href":"https:\/\/eu.tilta.com\/fr\/wp-json\/wp\/v2\/product_tag?post=3136360"}],"curies":[{"name":"wp","href":"https:\/\/api.w.org\/{rel}","templated":true}]}}