{"id":3136372,"date":"2025-10-03T10:10:19","date_gmt":"2025-10-03T08:10:19","guid":{"rendered":"https:\/\/eu.tilta.com\/shop\/khronos-lite-control-handle-avec-kit-de-montage-magnetique-pour-iphone\/"},"modified":"2026-04-15T04:01:31","modified_gmt":"2026-04-15T02:01:31","slug":"khronos-lite-control-handle-with-magnetic-mount-kit-for-iphone","status":"publish","type":"product","link":"https:\/\/eu.tilta.com\/fr\/shop\/khronos-lite-control-handle-with-magnetic-mount-kit-for-iphone\/","title":{"rendered":"Khronos Lite Control Handle avec kit de montage magn\u00e9tique pour iPhone"},"content":{"rendered":"<p><em>Pr\u00e9sentation de la poign\u00e9e de contr\u00f4le Khronos Lite avec kit de montage magn\u00e9tique pour iPhone<\/em><\/p>\n<p>Ce kit comprend une nouvelle poign\u00e9e l\u00e9g\u00e8re con\u00e7ue pour se fixer directement sur notre coque Khronos Lite pour iPhone 17 via les points de fixation de la b\u00e9quille.<\/p>\n<p>La fixation magn\u00e9tique incluse permet aux utilisateurs d&#8217;attacher cette poign\u00e9e directement \u00e0 leur iPhone gr\u00e2ce \u00e0 une connexion magn\u00e9tique.<\/p>\n<p>La poign\u00e9e permet de garder le port USB-C du smartphone libre, car elle peut communiquer directement par Bluetooth.<\/p>\n<p>Cela permet aux utilisateurs de contr\u00f4ler des fonctions telles que la mise au point, le zoom, l&#8217;obturateur et l&#8217;enregistrement \u00e0 l&#8217;aide d&#8217;une poign\u00e9e externe.<\/p>\n","protected":false},"excerpt":{"rendered":"<p>Pr\u00e9sentation de la poign\u00e9e de contr\u00f4le Khronos Lite avec kit de montage magn\u00e9tique pour iPhone Ce kit comprend une nouvelle poign\u00e9e l\u00e9g\u00e8re con\u00e7ue pour se fixer directement sur notre coque Khronos Lite pour iPhone 17 via les points de fixation [&hellip;]<\/p>\n","protected":false},"featured_media":3006624,"comment_status":"open","ping_status":"closed","template":"","meta":[],"product_cat":[4496,865],"product_tag":[],"acf":[],"gallery_images":[3006637,3006652,3006666],"_links":{"self":[{"href":"https:\/\/eu.tilta.com\/fr\/wp-json\/wp\/v2\/product\/3136372"}],"collection":[{"href":"https:\/\/eu.tilta.com\/fr\/wp-json\/wp\/v2\/product"}],"about":[{"href":"https:\/\/eu.tilta.com\/fr\/wp-json\/wp\/v2\/types\/product"}],"replies":[{"embeddable":true,"href":"https:\/\/eu.tilta.com\/fr\/wp-json\/wp\/v2\/comments?post=3136372"}],"wp:featuredmedia":[{"embeddable":true,"href":"https:\/\/eu.tilta.com\/fr\/wp-json\/wp\/v2\/media\/3006624"}],"wp:attachment":[{"href":"https:\/\/eu.tilta.com\/fr\/wp-json\/wp\/v2\/media?parent=3136372"}],"wp:term":[{"taxonomy":"product_cat","embeddable":true,"href":"https:\/\/eu.tilta.com\/fr\/wp-json\/wp\/v2\/product_cat?post=3136372"},{"taxonomy":"product_tag","embeddable":true,"href":"https:\/\/eu.tilta.com\/fr\/wp-json\/wp\/v2\/product_tag?post=3136372"}],"curies":[{"name":"wp","href":"https:\/\/api.w.org\/{rel}","templated":true}]}}