{"id":3136373,"date":"2025-09-22T14:12:06","date_gmt":"2025-09-22T12:12:06","guid":{"rendered":"https:\/\/eu.tilta.com\/shop\/plaque-arriere-magnetique-multifonctionnelle-khronos-pour-iphone-17-pro-pro-max\/"},"modified":"2026-04-15T04:01:31","modified_gmt":"2026-04-15T02:01:31","slug":"khronos-multi-functional-magnetic-backplate-for-iphone-17-pro-pro-max","status":"publish","type":"product","link":"https:\/\/eu.tilta.com\/fr\/shop\/khronos-multi-functional-magnetic-backplate-for-iphone-17-pro-pro-max\/","title":{"rendered":"Plaque arri\u00e8re magn\u00e9tique multifonctionnelle Khronos pour iPhone 17 Pro\/Pro Max"},"content":{"rendered":"<div class=\"overview-text\">\n<p class=\"p1\"><i>D\u00e9couvrez la plaque arri\u00e8re magn\u00e9tique multifonctionnelle de Khronos pour l&#8217;iPhone 17 Pro\/Pro Max<\/i><\/p>\n<p class=\"p1\">Cette plaque arri\u00e8re se connecte \u00e0 tous les iPhone compatibles avec les accessoires magn\u00e9tiques, y compris les iPhone 15, 16 et 17 Pro\/Pro Max, afin d&#8217;\u00e9tendre les fonctionnalit\u00e9s lors des prises de vue et de l&#8217;utilisation quotidienne.<\/p>\n<p class=\"p1\">La b\u00e9quille r\u00e9glable offre un moyen pratique de soutenir le smartphone sur une surface plane dans des configurations horizontales et verticales.<\/p>\n<p class=\"p1\">L&#8217;anneau magn\u00e9tique peut \u00eatre utilis\u00e9 avec d&#8217;autres accessoires magn\u00e9tiques et peut s&#8217;articuler pour supporter une gamme de configurations uniques.<\/p>\n<p class=\"p1\">Un petit couteau utilitaire peut \u00eatre gliss\u00e9 pour ouvrir les bo\u00eetes ou retirer le film plastique. Le coin de la plaque est \u00e9galement \u00e9quip\u00e9 d&#8217;un outil \u00e0 t\u00eate plate et la plaque elle-m\u00eame est marqu\u00e9e d&#8217;une r\u00e8gle pour faciliter les mesures.<\/p>\n<p class=\"p1\">Lorsque vous utilisez l&#8217;\u00e9tui Khronos, cette plaque arri\u00e8re peut \u00eatre verrouill\u00e9e en place, ce qui cr\u00e9e une connexion encore plus forte.<\/p>\n<\/div>\n","protected":false},"excerpt":{"rendered":"<p>D\u00e9couvrez la plaque arri\u00e8re magn\u00e9tique multifonctionnelle de Khronos pour l&#8217;iPhone 17 Pro\/Pro Max Cette plaque arri\u00e8re se connecte \u00e0 tous les iPhone compatibles avec les accessoires magn\u00e9tiques, y compris les iPhone 15, 16 et 17 Pro\/Pro Max, afin d&#8217;\u00e9tendre les [&hellip;]<\/p>\n","protected":false},"featured_media":2913488,"comment_status":"open","ping_status":"closed","template":"","meta":[],"product_cat":[4496,4195],"product_tag":[],"acf":[],"gallery_images":[2913480],"_links":{"self":[{"href":"https:\/\/eu.tilta.com\/fr\/wp-json\/wp\/v2\/product\/3136373"}],"collection":[{"href":"https:\/\/eu.tilta.com\/fr\/wp-json\/wp\/v2\/product"}],"about":[{"href":"https:\/\/eu.tilta.com\/fr\/wp-json\/wp\/v2\/types\/product"}],"replies":[{"embeddable":true,"href":"https:\/\/eu.tilta.com\/fr\/wp-json\/wp\/v2\/comments?post=3136373"}],"wp:featuredmedia":[{"embeddable":true,"href":"https:\/\/eu.tilta.com\/fr\/wp-json\/wp\/v2\/media\/2913488"}],"wp:attachment":[{"href":"https:\/\/eu.tilta.com\/fr\/wp-json\/wp\/v2\/media?parent=3136373"}],"wp:term":[{"taxonomy":"product_cat","embeddable":true,"href":"https:\/\/eu.tilta.com\/fr\/wp-json\/wp\/v2\/product_cat?post=3136373"},{"taxonomy":"product_tag","embeddable":true,"href":"https:\/\/eu.tilta.com\/fr\/wp-json\/wp\/v2\/product_tag?post=3136373"}],"curies":[{"name":"wp","href":"https:\/\/api.w.org\/{rel}","templated":true}]}}