{"id":3136385,"date":"2025-09-23T05:24:12","date_gmt":"2025-09-23T03:24:12","guid":{"rendered":"https:\/\/eu.tilta.com\/shop\/cage-de-camera-pour-le-kit-de-montage-horizontal-dji-osmo-360-noir\/"},"modified":"2025-12-05T14:38:24","modified_gmt":"2025-12-05T13:38:24","slug":"camera-cage-for-dji-osmo-360-horizontal-mounting-kit-black","status":"publish","type":"product","link":"https:\/\/eu.tilta.com\/fr\/shop\/camera-cage-for-dji-osmo-360-horizontal-mounting-kit-black\/","title":{"rendered":"Cage de cam\u00e9ra pour le kit de montage horizontal DJI Osmo 360 &#8211; Noir"},"content":{"rendered":"<p><em>Pr\u00e9sentation de la cage de cam\u00e9ra pour le kit de montage horizontal DJI Osmo 360  <\/em><\/p>\n<p>La base de ce kit est la cage multifonctionnelle de l&#8217;appareil photo qui supporte des accessoires suppl\u00e9mentaires gr\u00e2ce \u00e0 des points de montage tels qu&#8217;un filetage 1\/4\u2033-20 avec des points de positionnement, un r\u00e9cepteur de griffe froide et une fente pour courroie.<\/p>\n<p>La conception \u00e0 d\u00e9gagement rapide facilite l&#8217;installation et le retrait de la cage selon les besoins et permet aux utilisateurs d&#8217;acc\u00e9der facilement au compartiment des piles pour les remplacer rapidement.<\/p>\n<p>Le kit comprend une plaque de montage horizontale qui \u00e9largit les options de montage de l&#8217;Osmo 360 dans diff\u00e9rentes configurations.<\/p>\n<p>Le kit comprend \u00e9galement une dragonne qui peut \u00eatre connect\u00e9e \u00e0 la fente pour dragonne afin de s\u00e9curiser davantage l&#8217;appareil photo lorsqu&#8217;il est utilis\u00e9.<\/p>\n<p>Il offre une protection suppl\u00e9mentaire au bo\u00eetier de l&#8217;appareil photo gr\u00e2ce \u00e0 un cadre en alliage de magn\u00e9sium et d&#8217;aluminium tr\u00e8s r\u00e9sistant, tandis que le protecteur d&#8217;objectif en silicone permet de prot\u00e9ger l&#8217;objectif lorsqu&#8217;il n&#8217;est pas utilis\u00e9.<\/p>\n","protected":false},"excerpt":{"rendered":"<p>Pr\u00e9sentation de la cage de cam\u00e9ra pour le kit de montage horizontal DJI Osmo 360 La base de ce kit est la cage multifonctionnelle de l&#8217;appareil photo qui supporte des accessoires suppl\u00e9mentaires gr\u00e2ce \u00e0 des points de montage tels qu&#8217;un [&hellip;]<\/p>\n","protected":false},"featured_media":2919641,"comment_status":"open","ping_status":"closed","template":"","meta":[],"product_cat":[4234],"product_tag":[],"acf":[],"gallery_images":[2919649,2919658,2919664,2919671],"_links":{"self":[{"href":"https:\/\/eu.tilta.com\/fr\/wp-json\/wp\/v2\/product\/3136385"}],"collection":[{"href":"https:\/\/eu.tilta.com\/fr\/wp-json\/wp\/v2\/product"}],"about":[{"href":"https:\/\/eu.tilta.com\/fr\/wp-json\/wp\/v2\/types\/product"}],"replies":[{"embeddable":true,"href":"https:\/\/eu.tilta.com\/fr\/wp-json\/wp\/v2\/comments?post=3136385"}],"wp:featuredmedia":[{"embeddable":true,"href":"https:\/\/eu.tilta.com\/fr\/wp-json\/wp\/v2\/media\/2919641"}],"wp:attachment":[{"href":"https:\/\/eu.tilta.com\/fr\/wp-json\/wp\/v2\/media?parent=3136385"}],"wp:term":[{"taxonomy":"product_cat","embeddable":true,"href":"https:\/\/eu.tilta.com\/fr\/wp-json\/wp\/v2\/product_cat?post=3136385"},{"taxonomy":"product_tag","embeddable":true,"href":"https:\/\/eu.tilta.com\/fr\/wp-json\/wp\/v2\/product_tag?post=3136385"}],"curies":[{"name":"wp","href":"https:\/\/api.w.org\/{rel}","templated":true}]}}