{"id":3136392,"date":"2025-09-23T05:22:23","date_gmt":"2025-09-23T03:22:23","guid":{"rendered":"https:\/\/eu.tilta.com\/shop\/cage-de-camera-complete-pour-dji-osmo-360-noir\/"},"modified":"2025-12-05T14:38:27","modified_gmt":"2025-12-05T13:38:27","slug":"full-camera-cage-for-dji-osmo-360-black","status":"publish","type":"product","link":"https:\/\/eu.tilta.com\/fr\/shop\/full-camera-cage-for-dji-osmo-360-black\/","title":{"rendered":"Cage de cam\u00e9ra compl\u00e8te pour DJI Osmo 360 &#8211; Noir"},"content":{"rendered":"<p><em>Pr\u00e9sentation de la cage de cam\u00e9ra compl\u00e8te pour DJI Osmo 360  <\/em><\/p>\n<p>Cette cage de cam\u00e9ra multifonctionnelle est con\u00e7ue sur mesure pour la DJI Osmo 360 et prend en charge des accessoires suppl\u00e9mentaires via des points de montage tels qu&#8217;un filetage 1\/4\u2033-20 avec des points de localisation, un r\u00e9cepteur de chaussure froide et une fente pour sangle.<\/p>\n<p>La conception \u00e0 d\u00e9gagement rapide facilite l&#8217;installation et le retrait de la cage selon les besoins et permet aux utilisateurs d&#8217;acc\u00e9der facilement au compartiment des piles pour les remplacer rapidement.<\/p>\n<p>Il offre une protection suppl\u00e9mentaire au bo\u00eetier de l&#8217;appareil photo gr\u00e2ce \u00e0 un cadre en alliage de magn\u00e9sium et d&#8217;aluminium tr\u00e8s r\u00e9sistant.<\/p>\n<p>Le prot\u00e8ge-objectif en silicone fourni permet de prot\u00e9ger l&#8217;objectif lorsqu&#8217;il n&#8217;est pas utilis\u00e9.<\/p>\n","protected":false},"excerpt":{"rendered":"<p>Pr\u00e9sentation de la cage de cam\u00e9ra compl\u00e8te pour DJI Osmo 360 Cette cage de cam\u00e9ra multifonctionnelle est con\u00e7ue sur mesure pour la DJI Osmo 360 et prend en charge des accessoires suppl\u00e9mentaires via des points de montage tels qu&#8217;un filetage [&hellip;]<\/p>\n","protected":false},"featured_media":2919442,"comment_status":"open","ping_status":"closed","template":"","meta":[],"product_cat":[4234],"product_tag":[],"acf":[],"gallery_images":[2919449,2919455,2919461],"_links":{"self":[{"href":"https:\/\/eu.tilta.com\/fr\/wp-json\/wp\/v2\/product\/3136392"}],"collection":[{"href":"https:\/\/eu.tilta.com\/fr\/wp-json\/wp\/v2\/product"}],"about":[{"href":"https:\/\/eu.tilta.com\/fr\/wp-json\/wp\/v2\/types\/product"}],"replies":[{"embeddable":true,"href":"https:\/\/eu.tilta.com\/fr\/wp-json\/wp\/v2\/comments?post=3136392"}],"wp:featuredmedia":[{"embeddable":true,"href":"https:\/\/eu.tilta.com\/fr\/wp-json\/wp\/v2\/media\/2919442"}],"wp:attachment":[{"href":"https:\/\/eu.tilta.com\/fr\/wp-json\/wp\/v2\/media?parent=3136392"}],"wp:term":[{"taxonomy":"product_cat","embeddable":true,"href":"https:\/\/eu.tilta.com\/fr\/wp-json\/wp\/v2\/product_cat?post=3136392"},{"taxonomy":"product_tag","embeddable":true,"href":"https:\/\/eu.tilta.com\/fr\/wp-json\/wp\/v2\/product_tag?post=3136392"}],"curies":[{"name":"wp","href":"https:\/\/api.w.org\/{rel}","templated":true}]}}