{"id":3136412,"date":"2025-09-28T09:12:38","date_gmt":"2025-09-28T07:12:38","guid":{"rendered":"https:\/\/eu.tilta.com\/shop\/batterie-tilta-np-f550-3500mah-verte\/"},"modified":"2026-04-15T04:01:36","modified_gmt":"2026-04-15T02:01:36","slug":"tilta-np-f550-battery-3500mah-green","status":"publish","type":"product","link":"https:\/\/eu.tilta.com\/fr\/shop\/tilta-np-f550-battery-3500mah-green\/","title":{"rendered":"Batterie Tilta NP-F550 (3500mAh) &#8211; Verte"},"content":{"rendered":"<div class=\"overview-text\">\n<p data-start=\"200\" data-end=\"530\">La batterie Tilta NP-F550 (3500mAh) &#8211; Verte est une batterie compacte et de haute performance con\u00e7ue pour fournir une alimentation fiable et constante \u00e0 une large gamme d&#8217;\u00e9quipements cin\u00e9matographiques. Parfaitement compatible avec les appareils n\u00e9cessitant des batteries de la s\u00e9rie NP-F, cette unit\u00e9 garantit le bon fonctionnement de votre \u00e9quipement pendant les longs tournages, sans interruption.<\/p>\n<p data-start=\"532\" data-end=\"895\">Dot\u00e9e d&#8217;une cellule de batterie \u00e0 haute densit\u00e9 \u00e9nerg\u00e9tique, la NP-F550 offre une grande autonomie dans un encombrement r\u00e9duit, ce qui en fait un excellent choix pour la photographie et la vid\u00e9ographie. Sa construction durable, associ\u00e9e \u00e0 la finition verte caract\u00e9ristique de Tilta, allie performance et style, ce qui en fait une solution d&#8217;alimentation \u00e0 la fois fiable et visuellement distincte.<\/p>\n<p data-start=\"897\" data-end=\"1250\">Cette batterie est conforme \u00e0 de nombreuses certifications de s\u00e9curit\u00e9 internationales (CCC, FCC, CE, PSE, KC, UL, BSMI), ce qui vous permet de l&#8217;utiliser en toute tranquillit\u00e9. Il est construit avec des mat\u00e9riaux conformes \u00e0 la norme de s\u00e9curit\u00e9 incendie V-0 et des fonctions de protection \u00e9lectronique avanc\u00e9es, y compris la protection contre les surcharges\/d\u00e9charges, les courts-circuits, les surintensit\u00e9s et les champs magn\u00e9tiques.<\/p>\n<p data-start=\"1252\" data-end=\"1483\">Con\u00e7u pour une fiabilit\u00e9 professionnelle, le NP-F550 est con\u00e7u pour fonctionner dans une large plage de temp\u00e9rature de -20\u00b0C \u00e0 60\u00b0C, garantissant des performances constantes, que vous filmiez dans des environnements froids ou sous une chaleur intense.<\/p>\n<p data-start=\"1485\" data-end=\"1652\">Enti\u00e8rement compatible avec l&#8217;unit\u00e9 manuelle Nucleus M II FIZ et une vari\u00e9t\u00e9 d&#8217;accessoires aliment\u00e9s par NP-F, cette batterie est un compl\u00e9ment essentiel \u00e0 la bo\u00eete \u00e0 outils de tout cin\u00e9aste.<\/p>\n<\/div>\n","protected":false},"excerpt":{"rendered":"<p>La batterie Tilta NP-F550 (3500mAh) &#8211; Verte est une batterie compacte et de haute performance con\u00e7ue pour fournir une alimentation fiable et constante \u00e0 une large gamme d&#8217;\u00e9quipements cin\u00e9matographiques. Parfaitement compatible avec les appareils n\u00e9cessitant des batteries de la s\u00e9rie [&hellip;]<\/p>\n","protected":false},"featured_media":2962759,"comment_status":"open","ping_status":"closed","template":"","meta":[],"product_cat":[3839],"product_tag":[],"acf":[],"gallery_images":[2962767,2962774],"_links":{"self":[{"href":"https:\/\/eu.tilta.com\/fr\/wp-json\/wp\/v2\/product\/3136412"}],"collection":[{"href":"https:\/\/eu.tilta.com\/fr\/wp-json\/wp\/v2\/product"}],"about":[{"href":"https:\/\/eu.tilta.com\/fr\/wp-json\/wp\/v2\/types\/product"}],"replies":[{"embeddable":true,"href":"https:\/\/eu.tilta.com\/fr\/wp-json\/wp\/v2\/comments?post=3136412"}],"wp:featuredmedia":[{"embeddable":true,"href":"https:\/\/eu.tilta.com\/fr\/wp-json\/wp\/v2\/media\/2962759"}],"wp:attachment":[{"href":"https:\/\/eu.tilta.com\/fr\/wp-json\/wp\/v2\/media?parent=3136412"}],"wp:term":[{"taxonomy":"product_cat","embeddable":true,"href":"https:\/\/eu.tilta.com\/fr\/wp-json\/wp\/v2\/product_cat?post=3136412"},{"taxonomy":"product_tag","embeddable":true,"href":"https:\/\/eu.tilta.com\/fr\/wp-json\/wp\/v2\/product_tag?post=3136412"}],"curies":[{"name":"wp","href":"https:\/\/api.w.org\/{rel}","templated":true}]}}