{"id":3136429,"date":"2025-09-28T09:25:34","date_gmt":"2025-09-28T07:25:34","guid":{"rendered":"https:\/\/eu.tilta.com\/shop\/chargeur-de-batterie-tilta-pour-l-series-np-f-2-canaux\/"},"modified":"2026-04-15T04:01:53","modified_gmt":"2026-04-15T02:01:53","slug":"tilta-battery-charger-for-l-series-np-f-2-channel","status":"publish","type":"product","link":"https:\/\/eu.tilta.com\/fr\/shop\/tilta-battery-charger-for-l-series-np-f-2-channel\/","title":{"rendered":"Chargeur de batterie Tilta pour L-Series\/NP-F (2 canaux)"},"content":{"rendered":"<p data-start=\"195\" data-end=\"587\"><em>Pr\u00e9sentation du chargeur de batterie Tilta pour s\u00e9ries L \/ NP-F (2 canaux)<\/em><\/p>\n<p data-start=\"195\" data-end=\"587\">Ce chargeur ultra-compact est con\u00e7u pour prendre en charge une large gamme de batteries Sony s\u00e9rie L \/ NP-F et de batteries tierces compatibles, notamment NP-F550, NP-F750, NP-F970, NP-FM50, NP-FM550H, et bien d&#8217;autres encore.<\/p>\n<p data-start=\"195\" data-end=\"587\">Avec ses deux emplacements de charge et ses options d&#8217;entr\u00e9e polyvalentes, c&#8217;est la solution d&#8217;alimentation id\u00e9ale pour les cr\u00e9ateurs en d\u00e9placement.<\/p>\n<p data-start=\"589\" data-end=\"864\">Dot\u00e9 \u00e0 la fois d&#8217;un port USB-C (protocole QC 9V\/2A) et d&#8217;un port Micro-USB, le chargeur assure une charge rapide et flexible o\u00f9 que vous soyez.<\/p>\n<p data-start=\"589\" data-end=\"864\">L&#8217;\u00e9cran LCD int\u00e9gr\u00e9 indique l&#8217;\u00e9tat de charge en temps r\u00e9el de chaque batterie, ce qui vous donne confiance et clart\u00e9 lors de chaque prise de vue.<\/p>\n<p data-start=\"866\" data-end=\"1165\">Ne pesant que 62 g (0,14 lb), il se glisse facilement dans n&#8217;importe quel sac d&#8217;\u00e9quipement sans ajouter d&#8217;encombrement inutile.<\/p>\n<p data-start=\"866\" data-end=\"1165\">Malgr\u00e9 sa taille, l&#8217;\u00e9lectronique intelligente prot\u00e8ge vos batteries gr\u00e2ce \u00e0 la technologie Smart Power Cut-Off, qui emp\u00eache la surcharge en s&#8217;arr\u00eatant automatiquement lorsque les batteries sont compl\u00e8tement charg\u00e9es.<\/p>\n","protected":false},"excerpt":{"rendered":"<p>Pr\u00e9sentation du chargeur de batterie Tilta pour s\u00e9ries L \/ NP-F (2 canaux) Ce chargeur ultra-compact est con\u00e7u pour prendre en charge une large gamme de batteries Sony s\u00e9rie L \/ NP-F et de batteries tierces compatibles, notamment NP-F550, NP-F750, [&hellip;]<\/p>\n","protected":false},"featured_media":2962977,"comment_status":"open","ping_status":"closed","template":"","meta":[],"product_cat":[4495,2338],"product_tag":[],"acf":[],"gallery_images":[2962989,2963015],"_links":{"self":[{"href":"https:\/\/eu.tilta.com\/fr\/wp-json\/wp\/v2\/product\/3136429"}],"collection":[{"href":"https:\/\/eu.tilta.com\/fr\/wp-json\/wp\/v2\/product"}],"about":[{"href":"https:\/\/eu.tilta.com\/fr\/wp-json\/wp\/v2\/types\/product"}],"replies":[{"embeddable":true,"href":"https:\/\/eu.tilta.com\/fr\/wp-json\/wp\/v2\/comments?post=3136429"}],"wp:featuredmedia":[{"embeddable":true,"href":"https:\/\/eu.tilta.com\/fr\/wp-json\/wp\/v2\/media\/2962977"}],"wp:attachment":[{"href":"https:\/\/eu.tilta.com\/fr\/wp-json\/wp\/v2\/media?parent=3136429"}],"wp:term":[{"taxonomy":"product_cat","embeddable":true,"href":"https:\/\/eu.tilta.com\/fr\/wp-json\/wp\/v2\/product_cat?post=3136429"},{"taxonomy":"product_tag","embeddable":true,"href":"https:\/\/eu.tilta.com\/fr\/wp-json\/wp\/v2\/product_tag?post=3136429"}],"curies":[{"name":"wp","href":"https:\/\/api.w.org\/{rel}","templated":true}]}}