{"id":3136452,"date":"2025-09-19T04:37:36","date_gmt":"2025-09-19T02:37:36","guid":{"rendered":"https:\/\/eu.tilta.com\/shop\/sac-a-bandouliere-fe\/"},"modified":"2026-04-15T04:02:12","modified_gmt":"2026-04-15T02:02:12","slug":"fe-crossbody-bag","status":"publish","type":"product","link":"https:\/\/eu.tilta.com\/fr\/shop\/fe-crossbody-bag\/","title":{"rendered":"Sac \u00e0 bandouli\u00e8re Fe"},"content":{"rendered":"<div class=\"overview-text\">\n<p><em>Pr\u00e9sentation du sac \u00e0 bandouli\u00e8re Fe<\/em><\/p>\n<p>Ce petit sac \u00e0 bandouli\u00e8re est \u00e9quip\u00e9 d&#8217;un crochet de sangle arri\u00e8re qui utilise un anneau en D Duraflex, associ\u00e9 \u00e0 un mousqueton en forme de S en alliage d&#8217;aluminium avec une capacit\u00e9 de charge maximale de 143,3 lb (65 kg).<\/p>\n<p>Il est ainsi facile d&#8217;attacher le sac directement aux v\u00eatements pour plus de style ou pour transporter d&#8217;autres \u00e9quipements.<\/p>\n<p>Ce tissu, produit par Challenge Sailcloth, est compos\u00e9 \u00e0 100 % de fibres et de films de polyester recycl\u00e9s. Il est durable, imperm\u00e9able, r\u00e9sistant aux d\u00e9chirures et enti\u00e8rement \u00e9cologique.<\/p>\n<p>Chaque mod\u00e8le allie durabilit\u00e9 et esth\u00e9tique moderne, ce qui vous permet de choisir le look parfait pour votre \u00e9quipement et votre style personnel.<\/p>\n<p>Cet accessoire est une option parfaite pour transporter de petites cam\u00e9ras d&#8217;action comme la DJI Osmo Pocket 3 ainsi que quelques accessoires.<\/p>\n<\/div>\n","protected":false},"excerpt":{"rendered":"<p>Pr\u00e9sentation du sac \u00e0 bandouli\u00e8re Fe Ce petit sac \u00e0 bandouli\u00e8re est \u00e9quip\u00e9 d&#8217;un crochet de sangle arri\u00e8re qui utilise un anneau en D Duraflex, associ\u00e9 \u00e0 un mousqueton en forme de S en alliage d&#8217;aluminium avec une capacit\u00e9 de [&hellip;]<\/p>\n","protected":false},"featured_media":2884483,"comment_status":"open","ping_status":"closed","template":"","meta":[],"product_cat":[4493,2064],"product_tag":[],"acf":[],"gallery_images":[2884516,2884543,2884607,2884639,2884576],"_links":{"self":[{"href":"https:\/\/eu.tilta.com\/fr\/wp-json\/wp\/v2\/product\/3136452"}],"collection":[{"href":"https:\/\/eu.tilta.com\/fr\/wp-json\/wp\/v2\/product"}],"about":[{"href":"https:\/\/eu.tilta.com\/fr\/wp-json\/wp\/v2\/types\/product"}],"replies":[{"embeddable":true,"href":"https:\/\/eu.tilta.com\/fr\/wp-json\/wp\/v2\/comments?post=3136452"}],"wp:featuredmedia":[{"embeddable":true,"href":"https:\/\/eu.tilta.com\/fr\/wp-json\/wp\/v2\/media\/2884483"}],"wp:attachment":[{"href":"https:\/\/eu.tilta.com\/fr\/wp-json\/wp\/v2\/media?parent=3136452"}],"wp:term":[{"taxonomy":"product_cat","embeddable":true,"href":"https:\/\/eu.tilta.com\/fr\/wp-json\/wp\/v2\/product_cat?post=3136452"},{"taxonomy":"product_tag","embeddable":true,"href":"https:\/\/eu.tilta.com\/fr\/wp-json\/wp\/v2\/product_tag?post=3136452"}],"curies":[{"name":"wp","href":"https:\/\/api.w.org\/{rel}","templated":true}]}}