{"id":3136516,"date":"2025-09-18T08:01:42","date_gmt":"2025-09-18T06:01:42","guid":{"rendered":"https:\/\/eu.tilta.com\/shop\/cage-a-camera-vintage-pour-fujifilm-x-e5-base-kit\/"},"modified":"2025-12-05T14:40:21","modified_gmt":"2025-12-05T13:40:21","slug":"vintage-camera-cage-for-fujifilm-x-e5-base-kit","status":"publish","type":"product","link":"https:\/\/eu.tilta.com\/fr\/shop\/vintage-camera-cage-for-fujifilm-x-e5-base-kit\/","title":{"rendered":"Cage \u00e0 cam\u00e9ra vintage pour Fujifilm X-E5 Base Kit"},"content":{"rendered":"<p>Voici la cage \u00e0 cam\u00e9ra vintage pour le kit de base Fujifilm X-E5<\/p>\n<p>La base de ce kit est un support en L avec une poign\u00e9e en bois de noyer, qui offre une mani\u00e8re plus confortable d&#8217;utiliser et de manipuler l&#8217;appareil photo.<\/p>\n<p>La plaque inf\u00e9rieure peut facilement accueillir une plaque de fixation rapide ARCA qui permet au syst\u00e8me de se monter facilement sur les cardans de la s\u00e9rie S de Ronin ou sur des tr\u00e9pieds l\u00e9gers tels que notre <a href=\"https:\/\/eu.tilta.com\/shop\/tilta-vt05-travel-video-fluid-head-with-3-stage-carbon-fiber-tripod-legs-5kg\/\">tr\u00e9pied \u00e0 t\u00eate fluide de voyage VT-05<\/a>.<\/p>\n","protected":false},"excerpt":{"rendered":"<p>Voici la cage \u00e0 cam\u00e9ra vintage pour le kit de base Fujifilm X-E5 La base de ce kit est un support en L avec une poign\u00e9e en bois de noyer, qui offre une mani\u00e8re plus confortable d&#8217;utiliser et de manipuler [&hellip;]<\/p>\n","protected":false},"featured_media":2875369,"comment_status":"open","ping_status":"closed","template":"","meta":[],"product_cat":[4251],"product_tag":[],"acf":[],"gallery_images":[2875392,2875406,2875419],"_links":{"self":[{"href":"https:\/\/eu.tilta.com\/fr\/wp-json\/wp\/v2\/product\/3136516"}],"collection":[{"href":"https:\/\/eu.tilta.com\/fr\/wp-json\/wp\/v2\/product"}],"about":[{"href":"https:\/\/eu.tilta.com\/fr\/wp-json\/wp\/v2\/types\/product"}],"replies":[{"embeddable":true,"href":"https:\/\/eu.tilta.com\/fr\/wp-json\/wp\/v2\/comments?post=3136516"}],"wp:featuredmedia":[{"embeddable":true,"href":"https:\/\/eu.tilta.com\/fr\/wp-json\/wp\/v2\/media\/2875369"}],"wp:attachment":[{"href":"https:\/\/eu.tilta.com\/fr\/wp-json\/wp\/v2\/media?parent=3136516"}],"wp:term":[{"taxonomy":"product_cat","embeddable":true,"href":"https:\/\/eu.tilta.com\/fr\/wp-json\/wp\/v2\/product_cat?post=3136516"},{"taxonomy":"product_tag","embeddable":true,"href":"https:\/\/eu.tilta.com\/fr\/wp-json\/wp\/v2\/product_tag?post=3136516"}],"curies":[{"name":"wp","href":"https:\/\/api.w.org\/{rel}","templated":true}]}}