{"id":3136527,"date":"2025-09-15T05:39:20","date_gmt":"2025-09-15T03:39:20","guid":{"rendered":"https:\/\/eu.tilta.com\/shop\/support-de-montage-du-moniteur-nucleus-m-ii-pour-lunite-manuelle-fiz\/"},"modified":"2025-12-05T14:40:09","modified_gmt":"2025-12-05T13:40:09","slug":"nucleus-m-ii-monitor-mounting-bracket-for-fiz-hand-unit","status":"publish","type":"product","link":"https:\/\/eu.tilta.com\/fr\/shop\/nucleus-m-ii-monitor-mounting-bracket-for-fiz-hand-unit\/","title":{"rendered":"Support de montage du moniteur Nucleus-M II pour l&#8217;unit\u00e9 manuelle FIZ"},"content":{"rendered":"<p>Ce support de montage se connecte \u00e0 l&#8217;arri\u00e8re de l&#8217;unit\u00e9 portative Nucleus-M II FIZ par l&#8217;interm\u00e9diaire d&#8217;une plaque et d&#8217;un r\u00e9cepteur \u00e0 d\u00e9gagement rapide.<\/p>\n<p>Il est dot\u00e9 d&#8217;un filetage de 1\/4\u2033-20 qui peut \u00eatre utilis\u00e9 pour monter des accessoires tels que notre adaptateur de broche de b\u00e9b\u00e9 ou de petits bras articul\u00e9s.<\/p>\n<p>La partie sup\u00e9rieure du support comporte un support de moniteur r\u00e9glable qui peut pivoter et s&#8217;incliner.<\/p>\n","protected":false},"excerpt":{"rendered":"<p>Ce support de montage se connecte \u00e0 l&#8217;arri\u00e8re de l&#8217;unit\u00e9 portative Nucleus-M II FIZ par l&#8217;interm\u00e9diaire d&#8217;une plaque et d&#8217;un r\u00e9cepteur \u00e0 d\u00e9gagement rapide. Il est dot\u00e9 d&#8217;un filetage de 1\/4\u2033-20 qui peut \u00eatre utilis\u00e9 pour monter des accessoires tels [&hellip;]<\/p>\n","protected":false},"featured_media":2859820,"comment_status":"open","ping_status":"closed","template":"","meta":[],"product_cat":[3920],"product_tag":[],"acf":[],"gallery_images":[],"_links":{"self":[{"href":"https:\/\/eu.tilta.com\/fr\/wp-json\/wp\/v2\/product\/3136527"}],"collection":[{"href":"https:\/\/eu.tilta.com\/fr\/wp-json\/wp\/v2\/product"}],"about":[{"href":"https:\/\/eu.tilta.com\/fr\/wp-json\/wp\/v2\/types\/product"}],"replies":[{"embeddable":true,"href":"https:\/\/eu.tilta.com\/fr\/wp-json\/wp\/v2\/comments?post=3136527"}],"wp:featuredmedia":[{"embeddable":true,"href":"https:\/\/eu.tilta.com\/fr\/wp-json\/wp\/v2\/media\/2859820"}],"wp:attachment":[{"href":"https:\/\/eu.tilta.com\/fr\/wp-json\/wp\/v2\/media?parent=3136527"}],"wp:term":[{"taxonomy":"product_cat","embeddable":true,"href":"https:\/\/eu.tilta.com\/fr\/wp-json\/wp\/v2\/product_cat?post=3136527"},{"taxonomy":"product_tag","embeddable":true,"href":"https:\/\/eu.tilta.com\/fr\/wp-json\/wp\/v2\/product_tag?post=3136527"}],"curies":[{"name":"wp","href":"https:\/\/api.w.org\/{rel}","templated":true}]}}